{"id":869,"date":"2023-02-06T16:00:32","date_gmt":"2023-02-06T16:00:32","guid":{"rendered":"https:\/\/hotelnormandin.com\/nous-joindre\/"},"modified":"2023-11-28T19:44:21","modified_gmt":"2023-11-28T19:44:21","slug":"contact-us","status":"publish","type":"page","link":"https:\/\/hotelnormandin.com\/en\/contact-us\/","title":{"rendered":"Contact us"},"content":{"rendered":"","protected":false},"excerpt":{"rendered":"","protected":false},"author":3,"featured_media":0,"parent":0,"menu_order":0,"comment_status":"closed","ping_status":"closed","template":"template\/template-contact.php","meta":{"footnotes":""},"yoast_head":"<!-- This site is optimized with the Yoast SEO plugin v21.8 - https:\/\/yoast.com\/wordpress\/plugins\/seo\/ -->\n<title>Contact us - Les H\u00f4tels Normandin<\/title>\n<meta name=\"robots\" content=\"index, follow, max-snippet:-1, max-image-preview:large, max-video-preview:-1\" \/>\n<link rel=\"canonical\" href=\"https:\/\/hotelnormandin.com\/en\/contact-us\/\" \/>\n<meta property=\"og:locale\" content=\"en_US\" \/>\n<meta property=\"og:type\" content=\"article\" \/>\n<meta property=\"og:title\" content=\"Contact us - Les H\u00f4tels Normandin\" \/>\n<meta property=\"og:url\" content=\"https:\/\/hotelnormandin.com\/en\/contact-us\/\" \/>\n<meta property=\"og:site_name\" content=\"Les H\u00f4tels Normandin\" \/>\n<meta property=\"article:publisher\" content=\"https:\/\/www.facebook.com\/leshotelsnormandin\/\" \/>\n<meta property=\"article:modified_time\" content=\"2023-11-28T19:44:21+00:00\" \/>\n<meta property=\"og:image\" content=\"https:\/\/hotelnormandin.com\/\/app\/uploads\/2023\/03\/hotel-suites-normandin-levis-facade-logo.png\" \/>\n\t<meta property=\"og:image:width\" content=\"1761\" \/>\n\t<meta property=\"og:image:height\" content=\"929\" \/>\n\t<meta property=\"og:image:type\" content=\"image\/png\" \/>\n<meta name=\"twitter:card\" content=\"summary_large_image\" \/>\n<script type=\"application\/ld+json\" class=\"yoast-schema-graph\">{\"@context\":\"https:\/\/schema.org\",\"@graph\":[{\"@type\":\"WebPage\",\"@id\":\"https:\/\/hotelnormandin.com\/en\/contact-us\/\",\"url\":\"https:\/\/hotelnormandin.com\/en\/contact-us\/\",\"name\":\"Contact us - Les H\u00f4tels Normandin\",\"isPartOf\":{\"@id\":\"https:\/\/hotelnormandin.com\/#website\"},\"datePublished\":\"2023-02-06T16:00:32+00:00\",\"dateModified\":\"2023-11-28T19:44:21+00:00\",\"breadcrumb\":{\"@id\":\"https:\/\/hotelnormandin.com\/en\/contact-us\/#breadcrumb\"},\"inLanguage\":\"en-US\",\"potentialAction\":[{\"@type\":\"ReadAction\",\"target\":[\"https:\/\/hotelnormandin.com\/en\/contact-us\/\"]}]},{\"@type\":\"BreadcrumbList\",\"@id\":\"https:\/\/hotelnormandin.com\/en\/contact-us\/#breadcrumb\",\"itemListElement\":[{\"@type\":\"ListItem\",\"position\":1,\"name\":\"Home\",\"item\":\"https:\/\/hotelnormandin.com\/en\/\"},{\"@type\":\"ListItem\",\"position\":2,\"name\":\"Contact us\"}]},{\"@type\":\"WebSite\",\"@id\":\"https:\/\/hotelnormandin.com\/#website\",\"url\":\"https:\/\/hotelnormandin.com\/\",\"name\":\"H\u00f4tel Normandin\",\"description\":\"Chambres et suites avec un confort et une propret\u00e9 irr\u00e9prochables. Seul, en couple ou en famille, planifiez un s\u00e9jour confortable dans nos h\u00f4tels. Meilleur prix garanti. D\u00e9jeuner continental inclus. Forfaits disponibles.\",\"publisher\":{\"@id\":\"https:\/\/hotelnormandin.com\/#organization\"},\"potentialAction\":[{\"@type\":\"SearchAction\",\"target\":{\"@type\":\"EntryPoint\",\"urlTemplate\":\"https:\/\/hotelnormandin.com\/?s={search_term_string}\"},\"query-input\":\"required name=search_term_string\"}],\"inLanguage\":\"en-US\"},{\"@type\":\"Organization\",\"@id\":\"https:\/\/hotelnormandin.com\/#organization\",\"name\":\"H\u00f4tel Normandin\",\"url\":\"https:\/\/hotelnormandin.com\/\",\"logo\":{\"@type\":\"ImageObject\",\"inLanguage\":\"en-US\",\"@id\":\"https:\/\/hotelnormandin.com\/#\/schema\/logo\/image\/\",\"url\":\"https:\/\/hotelnormandin.com\/\/app\/uploads\/2023\/09\/logo_Les-Hotels-Normandin_site-web.png\",\"contentUrl\":\"https:\/\/hotelnormandin.com\/\/app\/uploads\/2023\/09\/logo_Les-Hotels-Normandin_site-web.png\",\"width\":622,\"height\":168,\"caption\":\"H\u00f4tel Normandin\"},\"image\":{\"@id\":\"https:\/\/hotelnormandin.com\/#\/schema\/logo\/image\/\"},\"sameAs\":[\"https:\/\/www.facebook.com\/leshotelsnormandin\/\"]}]}<\/script>\n<!-- \/ Yoast SEO plugin. -->","yoast_head_json":{"title":"Contact us - Les H\u00f4tels Normandin","robots":{"index":"index","follow":"follow","max-snippet":"max-snippet:-1","max-image-preview":"max-image-preview:large","max-video-preview":"max-video-preview:-1"},"canonical":"https:\/\/hotelnormandin.com\/en\/contact-us\/","og_locale":"en_US","og_type":"article","og_title":"Contact us - Les H\u00f4tels Normandin","og_url":"https:\/\/hotelnormandin.com\/en\/contact-us\/","og_site_name":"Les H\u00f4tels Normandin","article_publisher":"https:\/\/www.facebook.com\/leshotelsnormandin\/","article_modified_time":"2023-11-28T19:44:21+00:00","og_image":[{"width":1761,"height":929,"url":"https:\/\/hotelnormandin.com\/\/app\/uploads\/2023\/03\/hotel-suites-normandin-levis-facade-logo.png","type":"image\/png"}],"twitter_card":"summary_large_image","schema":{"@context":"https:\/\/schema.org","@graph":[{"@type":"WebPage","@id":"https:\/\/hotelnormandin.com\/en\/contact-us\/","url":"https:\/\/hotelnormandin.com\/en\/contact-us\/","name":"Contact us - Les H\u00f4tels Normandin","isPartOf":{"@id":"https:\/\/hotelnormandin.com\/#website"},"datePublished":"2023-02-06T16:00:32+00:00","dateModified":"2023-11-28T19:44:21+00:00","breadcrumb":{"@id":"https:\/\/hotelnormandin.com\/en\/contact-us\/#breadcrumb"},"inLanguage":"en-US","potentialAction":[{"@type":"ReadAction","target":["https:\/\/hotelnormandin.com\/en\/contact-us\/"]}]},{"@type":"BreadcrumbList","@id":"https:\/\/hotelnormandin.com\/en\/contact-us\/#breadcrumb","itemListElement":[{"@type":"ListItem","position":1,"name":"Home","item":"https:\/\/hotelnormandin.com\/en\/"},{"@type":"ListItem","position":2,"name":"Contact us"}]},{"@type":"WebSite","@id":"https:\/\/hotelnormandin.com\/#website","url":"https:\/\/hotelnormandin.com\/","name":"H\u00f4tel Normandin","description":"Chambres et suites avec un confort et une propret\u00e9 irr\u00e9prochables. Seul, en couple ou en famille, planifiez un s\u00e9jour confortable dans nos h\u00f4tels. Meilleur prix garanti. D\u00e9jeuner continental inclus. Forfaits disponibles.","publisher":{"@id":"https:\/\/hotelnormandin.com\/#organization"},"potentialAction":[{"@type":"SearchAction","target":{"@type":"EntryPoint","urlTemplate":"https:\/\/hotelnormandin.com\/?s={search_term_string}"},"query-input":"required name=search_term_string"}],"inLanguage":"en-US"},{"@type":"Organization","@id":"https:\/\/hotelnormandin.com\/#organization","name":"H\u00f4tel Normandin","url":"https:\/\/hotelnormandin.com\/","logo":{"@type":"ImageObject","inLanguage":"en-US","@id":"https:\/\/hotelnormandin.com\/#\/schema\/logo\/image\/","url":"https:\/\/hotelnormandin.com\/\/app\/uploads\/2023\/09\/logo_Les-Hotels-Normandin_site-web.png","contentUrl":"https:\/\/hotelnormandin.com\/\/app\/uploads\/2023\/09\/logo_Les-Hotels-Normandin_site-web.png","width":622,"height":168,"caption":"H\u00f4tel Normandin"},"image":{"@id":"https:\/\/hotelnormandin.com\/#\/schema\/logo\/image\/"},"sameAs":["https:\/\/www.facebook.com\/leshotelsnormandin\/"]}]}},"acf":{"contenu_flexible":[{"acf_fc_layout":"bloc_formulaire_de_reservation_interne","titre":"Best rate. ","titre_red":"<br> Guaranteed.","surtitre":"Book direct.","image_coin_droite":{"ID":607,"id":607,"title":"notre-equipe-evangeline-corpo-3","filename":"notre-equipe-evangeline-corpo-3.png","filesize":89528,"url":"https:\/\/hotelnormandin.com\/\/app\/uploads\/2023\/03\/notre-equipe-evangeline-corpo-3.png","link":"https:\/\/hotelnormandin.com\/en\/hotel-et-suites-normandin-levis\/rectangle-71-2\/","alt":"Employ\u00e9e \u00e0 la r\u00e9ception \u00e0 l'H\u00f4tel & Suites Normandin L\u00e9vis.","author":"3","description":"","caption":"","name":"rectangle-71-2","status":"inherit","uploaded_to":2482,"date":"2023-03-08 15:26:05","modified":"2023-09-26 19:55:46","menu_order":0,"mime_type":"image\/png","type":"image","subtype":"png","icon":"https:\/\/hotelnormandin.com\/wp\/wp-includes\/images\/media\/default.png","width":447,"height":556,"sizes":{"thumbnail":"https:\/\/hotelnormandin.com\/\/app\/uploads\/2023\/03\/notre-equipe-evangeline-corpo-3-150x150.png","thumbnail-width":150,"thumbnail-height":150,"medium":"https:\/\/hotelnormandin.com\/\/app\/uploads\/2023\/03\/notre-equipe-evangeline-corpo-3-241x300.png","medium-width":241,"medium-height":300,"medium_large":"https:\/\/hotelnormandin.com\/\/app\/uploads\/2023\/03\/notre-equipe-evangeline-corpo-3.png","medium_large-width":447,"medium_large-height":556,"large":"https:\/\/hotelnormandin.com\/\/app\/uploads\/2023\/03\/notre-equipe-evangeline-corpo-3.png","large-width":447,"large-height":556,"1536x1536":"https:\/\/hotelnormandin.com\/\/app\/uploads\/2023\/03\/notre-equipe-evangeline-corpo-3.png","1536x1536-width":447,"1536x1536-height":556,"2048x2048":"https:\/\/hotelnormandin.com\/\/app\/uploads\/2023\/03\/notre-equipe-evangeline-corpo-3.png","2048x2048-width":447,"2048x2048-height":556}},"image_milieu":{"ID":1258,"id":1258,"title":"lobby-hotel-suites-normandin-quebec","filename":"lobby-hotel-suites-normandin-quebec.jpg","filesize":227343,"url":"https:\/\/hotelnormandin.com\/\/app\/uploads\/2023\/04\/lobby-hotel-suites-normandin-quebec.jpg","link":"https:\/\/hotelnormandin.com\/en\/hotel-et-suites-normandin-quebec\/normandin-fichier-finaux-28-2\/","alt":"Lobby \u00e0 l'H\u00f4tel & Suites Normandin Qu\u00e9bec.","author":"6","description":"","caption":"","name":"normandin-fichier-finaux-28-2","status":"inherit","uploaded_to":2787,"date":"2023-04-27 14:03:03","modified":"2023-09-25 19:59:18","menu_order":0,"mime_type":"image\/jpeg","type":"image","subtype":"jpeg","icon":"https:\/\/hotelnormandin.com\/wp\/wp-includes\/images\/media\/default.png","width":2400,"height":1600,"sizes":{"thumbnail":"https:\/\/hotelnormandin.com\/\/app\/uploads\/2023\/04\/lobby-hotel-suites-normandin-quebec-150x150.jpg","thumbnail-width":150,"thumbnail-height":150,"medium":"https:\/\/hotelnormandin.com\/\/app\/uploads\/2023\/04\/lobby-hotel-suites-normandin-quebec-300x200.jpg","medium-width":300,"medium-height":200,"medium_large":"https:\/\/hotelnormandin.com\/\/app\/uploads\/2023\/04\/lobby-hotel-suites-normandin-quebec-768x512.jpg","medium_large-width":768,"medium_large-height":512,"large":"https:\/\/hotelnormandin.com\/\/app\/uploads\/2023\/04\/lobby-hotel-suites-normandin-quebec-1024x683.jpg","large-width":1024,"large-height":683,"1536x1536":"https:\/\/hotelnormandin.com\/\/app\/uploads\/2023\/04\/lobby-hotel-suites-normandin-quebec-1536x1024.jpg","1536x1536-width":1536,"1536x1536-height":1024,"2048x2048":"https:\/\/hotelnormandin.com\/\/app\/uploads\/2023\/04\/lobby-hotel-suites-normandin-quebec-2048x1365.jpg","2048x2048-width":2048,"2048x2048-height":1365}}}]},"_links":{"self":[{"href":"https:\/\/hotelnormandin.com\/en\/wp-json\/wp\/v2\/pages\/869"}],"collection":[{"href":"https:\/\/hotelnormandin.com\/en\/wp-json\/wp\/v2\/pages"}],"about":[{"href":"https:\/\/hotelnormandin.com\/en\/wp-json\/wp\/v2\/types\/page"}],"author":[{"embeddable":true,"href":"https:\/\/hotelnormandin.com\/en\/wp-json\/wp\/v2\/users\/3"}],"replies":[{"embeddable":true,"href":"https:\/\/hotelnormandin.com\/en\/wp-json\/wp\/v2\/comments?post=869"}],"version-history":[{"count":6,"href":"https:\/\/hotelnormandin.com\/en\/wp-json\/wp\/v2\/pages\/869\/revisions"}],"predecessor-version":[{"id":4428,"href":"https:\/\/hotelnormandin.com\/en\/wp-json\/wp\/v2\/pages\/869\/revisions\/4428"}],"wp:attachment":[{"href":"https:\/\/hotelnormandin.com\/en\/wp-json\/wp\/v2\/media?parent=869"}],"curies":[{"name":"wp","href":"https:\/\/api.w.org\/{rel}","templated":true}]}}