{"id":868,"date":"2023-03-10T23:46:56","date_gmt":"2023-03-10T23:46:56","guid":{"rendered":"https:\/\/hotelnormandin.com\/cartes-cadeaux\/"},"modified":"2023-10-24T21:03:30","modified_gmt":"2023-10-24T21:03:30","slug":"gift-cards","status":"publish","type":"page","link":"https:\/\/hotelnormandin.com\/en\/gift-cards\/","title":{"rendered":"Gift cards"},"content":{"rendered":"","protected":false},"excerpt":{"rendered":"","protected":false},"author":3,"featured_media":0,"parent":0,"menu_order":0,"comment_status":"closed","ping_status":"closed","template":"","meta":{"footnotes":""},"yoast_head":"<!-- This site is optimized with the Yoast SEO plugin v21.8 - https:\/\/yoast.com\/wordpress\/plugins\/seo\/ -->\n<title>Gift cards - Les H\u00f4tels Normandin<\/title>\n<meta name=\"robots\" content=\"index, follow, max-snippet:-1, max-image-preview:large, max-video-preview:-1\" \/>\n<link rel=\"canonical\" href=\"https:\/\/hotelnormandin.com\/en\/gift-cards\/\" \/>\n<meta property=\"og:locale\" content=\"en_US\" \/>\n<meta property=\"og:type\" content=\"article\" \/>\n<meta property=\"og:title\" content=\"Gift cards - Les H\u00f4tels Normandin\" \/>\n<meta property=\"og:url\" content=\"https:\/\/hotelnormandin.com\/en\/gift-cards\/\" \/>\n<meta property=\"og:site_name\" content=\"Les H\u00f4tels Normandin\" \/>\n<meta property=\"article:publisher\" content=\"https:\/\/www.facebook.com\/leshotelsnormandin\/\" \/>\n<meta property=\"article:modified_time\" content=\"2023-10-24T21:03:30+00:00\" \/>\n<meta property=\"og:image\" content=\"https:\/\/hotelnormandin.com\/\/app\/uploads\/2023\/03\/hotel-suites-normandin-levis-facade-logo.png\" \/>\n\t<meta property=\"og:image:width\" content=\"1761\" \/>\n\t<meta property=\"og:image:height\" content=\"929\" \/>\n\t<meta property=\"og:image:type\" content=\"image\/png\" \/>\n<meta name=\"twitter:card\" content=\"summary_large_image\" \/>\n<script type=\"application\/ld+json\" class=\"yoast-schema-graph\">{\"@context\":\"https:\/\/schema.org\",\"@graph\":[{\"@type\":\"WebPage\",\"@id\":\"https:\/\/hotelnormandin.com\/en\/gift-cards\/\",\"url\":\"https:\/\/hotelnormandin.com\/en\/gift-cards\/\",\"name\":\"Gift cards - Les H\u00f4tels Normandin\",\"isPartOf\":{\"@id\":\"https:\/\/hotelnormandin.com\/#website\"},\"datePublished\":\"2023-03-10T23:46:56+00:00\",\"dateModified\":\"2023-10-24T21:03:30+00:00\",\"breadcrumb\":{\"@id\":\"https:\/\/hotelnormandin.com\/en\/gift-cards\/#breadcrumb\"},\"inLanguage\":\"en-US\",\"potentialAction\":[{\"@type\":\"ReadAction\",\"target\":[\"https:\/\/hotelnormandin.com\/en\/gift-cards\/\"]}]},{\"@type\":\"BreadcrumbList\",\"@id\":\"https:\/\/hotelnormandin.com\/en\/gift-cards\/#breadcrumb\",\"itemListElement\":[{\"@type\":\"ListItem\",\"position\":1,\"name\":\"Home\",\"item\":\"https:\/\/hotelnormandin.com\/en\/\"},{\"@type\":\"ListItem\",\"position\":2,\"name\":\"Gift cards\"}]},{\"@type\":\"WebSite\",\"@id\":\"https:\/\/hotelnormandin.com\/#website\",\"url\":\"https:\/\/hotelnormandin.com\/\",\"name\":\"H\u00f4tel Normandin\",\"description\":\"Chambres et suites avec un confort et une propret\u00e9 irr\u00e9prochables. Seul, en couple ou en famille, planifiez un s\u00e9jour confortable dans nos h\u00f4tels. Meilleur prix garanti. D\u00e9jeuner continental inclus. Forfaits disponibles.\",\"publisher\":{\"@id\":\"https:\/\/hotelnormandin.com\/#organization\"},\"potentialAction\":[{\"@type\":\"SearchAction\",\"target\":{\"@type\":\"EntryPoint\",\"urlTemplate\":\"https:\/\/hotelnormandin.com\/?s={search_term_string}\"},\"query-input\":\"required name=search_term_string\"}],\"inLanguage\":\"en-US\"},{\"@type\":\"Organization\",\"@id\":\"https:\/\/hotelnormandin.com\/#organization\",\"name\":\"H\u00f4tel Normandin\",\"url\":\"https:\/\/hotelnormandin.com\/\",\"logo\":{\"@type\":\"ImageObject\",\"inLanguage\":\"en-US\",\"@id\":\"https:\/\/hotelnormandin.com\/#\/schema\/logo\/image\/\",\"url\":\"https:\/\/hotelnormandin.com\/\/app\/uploads\/2023\/09\/logo_Les-Hotels-Normandin_site-web.png\",\"contentUrl\":\"https:\/\/hotelnormandin.com\/\/app\/uploads\/2023\/09\/logo_Les-Hotels-Normandin_site-web.png\",\"width\":622,\"height\":168,\"caption\":\"H\u00f4tel Normandin\"},\"image\":{\"@id\":\"https:\/\/hotelnormandin.com\/#\/schema\/logo\/image\/\"},\"sameAs\":[\"https:\/\/www.facebook.com\/leshotelsnormandin\/\"]}]}<\/script>\n<!-- \/ Yoast SEO plugin. -->","yoast_head_json":{"title":"Gift cards - Les H\u00f4tels Normandin","robots":{"index":"index","follow":"follow","max-snippet":"max-snippet:-1","max-image-preview":"max-image-preview:large","max-video-preview":"max-video-preview:-1"},"canonical":"https:\/\/hotelnormandin.com\/en\/gift-cards\/","og_locale":"en_US","og_type":"article","og_title":"Gift cards - Les H\u00f4tels Normandin","og_url":"https:\/\/hotelnormandin.com\/en\/gift-cards\/","og_site_name":"Les H\u00f4tels Normandin","article_publisher":"https:\/\/www.facebook.com\/leshotelsnormandin\/","article_modified_time":"2023-10-24T21:03:30+00:00","og_image":[{"width":1761,"height":929,"url":"https:\/\/hotelnormandin.com\/\/app\/uploads\/2023\/03\/hotel-suites-normandin-levis-facade-logo.png","type":"image\/png"}],"twitter_card":"summary_large_image","schema":{"@context":"https:\/\/schema.org","@graph":[{"@type":"WebPage","@id":"https:\/\/hotelnormandin.com\/en\/gift-cards\/","url":"https:\/\/hotelnormandin.com\/en\/gift-cards\/","name":"Gift cards - Les H\u00f4tels Normandin","isPartOf":{"@id":"https:\/\/hotelnormandin.com\/#website"},"datePublished":"2023-03-10T23:46:56+00:00","dateModified":"2023-10-24T21:03:30+00:00","breadcrumb":{"@id":"https:\/\/hotelnormandin.com\/en\/gift-cards\/#breadcrumb"},"inLanguage":"en-US","potentialAction":[{"@type":"ReadAction","target":["https:\/\/hotelnormandin.com\/en\/gift-cards\/"]}]},{"@type":"BreadcrumbList","@id":"https:\/\/hotelnormandin.com\/en\/gift-cards\/#breadcrumb","itemListElement":[{"@type":"ListItem","position":1,"name":"Home","item":"https:\/\/hotelnormandin.com\/en\/"},{"@type":"ListItem","position":2,"name":"Gift cards"}]},{"@type":"WebSite","@id":"https:\/\/hotelnormandin.com\/#website","url":"https:\/\/hotelnormandin.com\/","name":"H\u00f4tel Normandin","description":"Chambres et suites avec un confort et une propret\u00e9 irr\u00e9prochables. Seul, en couple ou en famille, planifiez un s\u00e9jour confortable dans nos h\u00f4tels. Meilleur prix garanti. D\u00e9jeuner continental inclus. Forfaits disponibles.","publisher":{"@id":"https:\/\/hotelnormandin.com\/#organization"},"potentialAction":[{"@type":"SearchAction","target":{"@type":"EntryPoint","urlTemplate":"https:\/\/hotelnormandin.com\/?s={search_term_string}"},"query-input":"required name=search_term_string"}],"inLanguage":"en-US"},{"@type":"Organization","@id":"https:\/\/hotelnormandin.com\/#organization","name":"H\u00f4tel Normandin","url":"https:\/\/hotelnormandin.com\/","logo":{"@type":"ImageObject","inLanguage":"en-US","@id":"https:\/\/hotelnormandin.com\/#\/schema\/logo\/image\/","url":"https:\/\/hotelnormandin.com\/\/app\/uploads\/2023\/09\/logo_Les-Hotels-Normandin_site-web.png","contentUrl":"https:\/\/hotelnormandin.com\/\/app\/uploads\/2023\/09\/logo_Les-Hotels-Normandin_site-web.png","width":622,"height":168,"caption":"H\u00f4tel Normandin"},"image":{"@id":"https:\/\/hotelnormandin.com\/#\/schema\/logo\/image\/"},"sameAs":["https:\/\/www.facebook.com\/leshotelsnormandin\/"]}]}},"acf":{"contenu_flexible":[{"acf_fc_layout":"bloc_gros_texte","texte":"To celebrate Christmas, a birthday or a retirement, offer to a loved one a stay where hospitality and comfort are at the heart of the experience!"},{"acf_fc_layout":"bloc_commodites","titre":"A versatile gift!","bouton_bool":false,"bouton":{"titre_du_bouton":"Buy your gift card","lien_du_bouton":"https:\/\/hotelnormandin.com\/en\/"},"commodites":[{"icone":"fa-solid fa-bed","titre":"Multi-establishments","texte":"Valid in our 4 hotels and our 44 restaurants!"},{"icone":"fa-solid fa-popcorn","titre":"Packages, snacks...","texte":"Various uses!"},{"icone":"fa-solid fa-mobile-screen-button","titre":"Traditional or virtual","texte":"Plastic or email?"},{"icone":"fa-solid fa-object-group","titre":"Several design choices","texte":"Choose the visual and the value of your choice."}],"autre_commodites_bool":false,"autres_commodites":false},{"acf_fc_layout":"bloc_2_colonnes_ctaimage","titre":"Virtual gift card","surtitre":"Send it by email","boutons":[{"texte":"Buy a virtual gift card","lien_externe":"https:\/\/restaurantnormandin.verifiervotresolde.com\/fr\/store\/"}],"titre_du_lien_en_surplus":"","lien_en_surplus":"","image":{"ID":2016,"id":2016,"title":"Hotel Normandin Levis \u2022 KI05161706.tif \u2022 \u00a9 Paul Dionne","filename":"KI05161706-scaled.jpg","filesize":289361,"url":"https:\/\/hotelnormandin.com\/\/app\/uploads\/2023\/04\/KI05161706-scaled.jpg","link":"https:\/\/hotelnormandin.com\/en\/hotel\/hotel-et-suites-normandin-levis\/urban-1-king-bed-2\/hotel-normandin-levis-ki05161706-tif-paul-dionne-2\/","alt":"","author":"6","description":"","caption":"Hotel Normandin Levis","name":"hotel-normandin-levis-ki05161706-tif-paul-dionne-2","status":"inherit","uploaded_to":2896,"date":"2023-05-25 12:55:13","modified":"2023-05-25 12:59:02","menu_order":0,"mime_type":"image\/jpeg","type":"image","subtype":"jpeg","icon":"https:\/\/hotelnormandin.com\/wp\/wp-includes\/images\/media\/default.png","width":2560,"height":1707,"sizes":{"thumbnail":"https:\/\/hotelnormandin.com\/\/app\/uploads\/2023\/04\/KI05161706-150x150.jpg","thumbnail-width":150,"thumbnail-height":150,"medium":"https:\/\/hotelnormandin.com\/\/app\/uploads\/2023\/04\/KI05161706-300x200.jpg","medium-width":300,"medium-height":200,"medium_large":"https:\/\/hotelnormandin.com\/\/app\/uploads\/2023\/04\/KI05161706-768x512.jpg","medium_large-width":768,"medium_large-height":512,"large":"https:\/\/hotelnormandin.com\/\/app\/uploads\/2023\/04\/KI05161706-1024x683.jpg","large-width":1024,"large-height":683,"1536x1536":"https:\/\/hotelnormandin.com\/\/app\/uploads\/2023\/04\/KI05161706-scaled.jpg","1536x1536-width":1536,"1536x1536-height":1024,"2048x2048":"https:\/\/hotelnormandin.com\/\/app\/uploads\/2023\/04\/KI05161706-scaled.jpg","2048x2048-width":2048,"2048x2048-height":1366}}},{"acf_fc_layout":"bloc_2_colonnes_ctaimage","titre":"Traditional gift card","surtitre":"Buy it at the hotel or in a restaurant","boutons":[{"texte":"Find the closest restaurant","lien_externe":"https:\/\/restaurantnormandin.com"}],"titre_du_lien_en_surplus":"","lien_en_surplus":"","image":{"ID":3567,"id":3567,"title":"employe-cliente-hotel-et-suites-normandin-quebec","filename":"employe-cliente-hotel-et-suites-normandin-quebec.jpg","filesize":430907,"url":"https:\/\/hotelnormandin.com\/\/app\/uploads\/2023\/09\/employe-cliente-hotel-et-suites-normandin-quebec.jpg","link":"https:\/\/hotelnormandin.com\/en\/gift-cards\/normandin-fichier-finaux-86-2\/","alt":"Employ\u00e9 qui accueille une cliente \u00e0 l'H\u00f4tel & Suites Normandin Qu\u00e9bec.","author":"6","description":"","caption":"","name":"normandin-fichier-finaux-86-2","status":"inherit","uploaded_to":868,"date":"2023-09-01 19:02:23","modified":"2023-09-20 18:37:29","menu_order":0,"mime_type":"image\/jpeg","type":"image","subtype":"jpeg","icon":"https:\/\/hotelnormandin.com\/wp\/wp-includes\/images\/media\/default.png","width":2400,"height":1600,"sizes":{"thumbnail":"https:\/\/hotelnormandin.com\/\/app\/uploads\/2023\/09\/employe-cliente-hotel-et-suites-normandin-quebec-150x150.jpg","thumbnail-width":150,"thumbnail-height":150,"medium":"https:\/\/hotelnormandin.com\/\/app\/uploads\/2023\/09\/employe-cliente-hotel-et-suites-normandin-quebec-300x200.jpg","medium-width":300,"medium-height":200,"medium_large":"https:\/\/hotelnormandin.com\/\/app\/uploads\/2023\/09\/employe-cliente-hotel-et-suites-normandin-quebec-768x512.jpg","medium_large-width":768,"medium_large-height":512,"large":"https:\/\/hotelnormandin.com\/\/app\/uploads\/2023\/09\/employe-cliente-hotel-et-suites-normandin-quebec-1024x683.jpg","large-width":1024,"large-height":683,"1536x1536":"https:\/\/hotelnormandin.com\/\/app\/uploads\/2023\/09\/employe-cliente-hotel-et-suites-normandin-quebec-1536x1024.jpg","1536x1536-width":1536,"1536x1536-height":1024,"2048x2048":"https:\/\/hotelnormandin.com\/\/app\/uploads\/2023\/09\/employe-cliente-hotel-et-suites-normandin-quebec-2048x1365.jpg","2048x2048-width":2048,"2048x2048-height":1365}}},{"acf_fc_layout":"bloc_formulaires","titre":"Online order <br> (Traditional gift card)","formulaire":{"ID":3974,"post_author":"6","post_date":"2023-09-15 13:57:56","post_date_gmt":"2023-09-15 13:57:56","post_content":"<div class=\"input-group\">\r\n  <div class=\"input-wrap\">\r\n    <div class=\"input-icon align-end\">\r\n      <i class=\"fa-regular fa-chevron-down\"><\/i>\r\n    <\/div>\r\n    <span class=\"placeholder\">Quantity <\/span>\r\n    [select quantity \"1 gift card\" \"2 gift cards\" \"3 gift cards\" \"4 gift cards\" ]\r\n  <\/div>\r\n  <div class=\"input-wrap\">\r\n    <div class=\"input-icon align-end\">\r\n      <i class=\"fa-regular fa-chevron-down\"><\/i>\r\n    <\/div>\r\n    <span class=\"placeholder\">Value of each gift card <\/span>\r\n    [select money \"$50\" \"$100\" \"$150\" \"$200\" \"$250\" \"$300\" ]\r\n  <\/div>\r\n<\/div>\r\n<div class=\"input-wrap\">\r\n  <label class=\"placeholder\" for=\"your-name\">First name and last name<\/label>\r\n  [text* your-name]\r\n<\/div>\r\n<div class=\"input-wrap\">\r\n  <span class=\"placeholder\" for=\"your-email\">Email<\/span>\r\n  [email* your-email]\r\n<\/div>\r\n<div class=\"input-group\">\r\n  <div class=\"input-wrap\">\r\n    <span class=\"placeholder\" for=\"phone\">Phone number<\/span>\r\n    [tel phone]\r\n  <\/div>\r\n  <div class=\"input-wrap small\">\r\n    <span class=\"placeholder\" for=\"phone_ext\">Extension<\/span>\r\n    [text phone_ext]\r\n  <\/div>\r\n<\/div>\r\n<div class=\"input-wrap\">\r\n  <span class=\"placeholder\" for=\"address\">Address - Number and street<\/span>\r\n  [text* address]\r\n<\/div>\r\n<div class=\"input-wrap\">\r\n  <span class=\"placeholder\" for=\"city\">City<\/span>\r\n  [text* city]\r\n<\/div>\r\n<div class=\"input-group\">\r\n  <div class=\"input-wrap\">\r\n    <div class=\"input-icon align-end\">\r\n      <i class=\"fa-regular fa-chevron-down\"><\/i>\r\n    <\/div>\r\n    <span class=\"placeholder\">Province <\/span>\r\n    [select province \"Quebec\" \"Ontario\" \"Nova Scotia\" \"New Brunswick\" \"Manitoba\" \"British Columbia\" \"Prince Edward Island\" \"Saskatoon\" \"Alberta\" \"Newfoundland and Labrador\" \"Northwest Territories\" \"Yukon\" \"Nunavut\" ]\r\n  <\/div>\r\n  <div class=\"input-wrap\">\r\n    <span class=\"placeholder\" for=\"postal-code\">Postal code<\/span>\r\n    [text* postal-code]\r\n  <\/div>\r\n<\/div>\r\n<div class=\"input-wrap\">\r\n  <span class=\"placeholder\">Comments<\/span>\r\n  [textarea* message x4 class:input ]\r\n<\/div>\r\n<button type=\"submit\" class=\"button\">\r\n  Submit \r\n  <span class=\"fa-stack\">\r\n    <i class=\"fa-solid fa-circle fa-stack-2x\"><\/i>\r\n    <i class=\"fa-regular fa-arrow-right fa-stack-1x\"><\/i>\r\n  <\/span>\r\n<\/button>\n1\n[_site_title] \"[Demande de carte-cadeau]\"\ninfo@web.hotelnormandin.com\ninfo.quebec@hotelnormandin.com\nDe : [your-name] [your-email]\r\nSujet : Demande de carte-cadeau \r\n\r\nPr\u00e9nom et nom : [your-name]\r\nAdresse courriel : [your-email]\r\nNum\u00e9ro de t\u00e9l\u00e9phone : [phone]\r\nPoste : [phone_ext]\r\n\r\nQuantit\u00e9 : [quantity]\r\nMontant de chaque carte : [money]\r\n\r\nAdresse : [address]\r\nVille : [city]\r\nProvince : [province]\r\nCode postal : [postal-code]\r\n\r\nCommentaires : [message]\r\n\r\n\r\n-- \r\nThis e-mail was sent from a contact form on [_site_title] ([_site_url])\nReply-To: [your-email]\n\n\n\n\n[_site_title] \"[your-subject]\"\n[_site_title] <tomy@agencesudo.ca>\n[your-email]\nMessage Body:\r\n[your-message]\r\n\r\n-- \r\nThis e-mail was sent from a contact form on [_site_title] ([_site_url])\nReply-To: [_site_admin_email]\n\n\n\nThank you for your message. It has been sent.\nThere was an error trying to send your message. Please try again later.\nOne or more fields have an error. Please check and try again.\nThere was an error trying to send your message. Please try again later.\nYou must accept the terms and conditions before sending your message.\nPlease fill out this field.\nThis field has a too long input.\nThis field has a too short input.\nThere was an unknown error uploading the file.\nYou are not allowed to upload files of this type.\nThe uploaded file is too large.\nThere was an error uploading the file.\nPlease enter a date in YYYY-MM-DD format.\nThis field has a too early date.\nThis field has a too late date.\nPlease enter a number.\nThis field has a too small number.\nThis field has a too large number.\nThe answer to the quiz is incorrect.\nPlease enter an email address.\nPlease enter a URL.\nPlease enter a telephone number.","post_title":"Demandez votre carte-cadeau EN","post_excerpt":"","post_status":"publish","comment_status":"closed","ping_status":"closed","post_password":"","post_name":"demandez-votre-carte-cadeau_copy","to_ping":"","pinged":"","post_modified":"2024-01-22 09:10:42","post_modified_gmt":"2024-01-22 14:10:42","post_content_filtered":"","post_parent":0,"guid":"https:\/\/hotelnormandin.com\/?post_type=wpcf7_contact_form&#038;p=3974","menu_order":0,"post_type":"wpcf7_contact_form","post_mime_type":"","comment_count":"0","filter":"raw"},"additionnel_message":"When we will receive your order, we will contact you by phone to make payment by credit card. Please allow 5 to 7 working days for delivery by standard post."}],"image":{"ID":1823,"id":1823,"title":"Normandin - Fichier finaux","filename":"clphotographe-17.jpg","filesize":1781726,"url":"https:\/\/hotelnormandin.com\/\/app\/uploads\/2023\/04\/clphotographe-17.jpg","link":"https:\/\/hotelnormandin.com\/en\/hotel\/hotel-et-suites-normandin-quebec\/studio-1-king-bed\/normandin-fichier-finaux-62-2\/","alt":"","author":"6","description":"","caption":"","name":"normandin-fichier-finaux-62-2","status":"inherit","uploaded_to":2807,"date":"2023-05-19 15:07:31","modified":"2023-05-19 15:07:31","menu_order":0,"mime_type":"image\/jpeg","type":"image","subtype":"jpeg","icon":"https:\/\/hotelnormandin.com\/wp\/wp-includes\/images\/media\/default.png","width":0,"height":0,"sizes":{"thumbnail":"https:\/\/hotelnormandin.com\/\/app\/uploads\/2023\/04\/clphotographe-17.jpg","thumbnail-width":1,"thumbnail-height":1,"medium":"https:\/\/hotelnormandin.com\/\/app\/uploads\/2023\/04\/clphotographe-17.jpg","medium-width":1,"medium-height":1,"medium_large":"https:\/\/hotelnormandin.com\/\/app\/uploads\/2023\/04\/clphotographe-17.jpg","medium_large-width":1,"medium_large-height":1,"large":"https:\/\/hotelnormandin.com\/\/app\/uploads\/2023\/04\/clphotographe-17.jpg","large-width":1,"large-height":1,"1536x1536":"https:\/\/hotelnormandin.com\/\/app\/uploads\/2023\/04\/clphotographe-17.jpg","1536x1536-width":1,"1536x1536-height":1,"2048x2048":"https:\/\/hotelnormandin.com\/\/app\/uploads\/2023\/04\/clphotographe-17.jpg","2048x2048-width":1,"2048x2048-height":1}},"petite_image":{"ID":1823,"id":1823,"title":"Normandin - Fichier finaux","filename":"clphotographe-17.jpg","filesize":1781726,"url":"https:\/\/hotelnormandin.com\/\/app\/uploads\/2023\/04\/clphotographe-17.jpg","link":"https:\/\/hotelnormandin.com\/en\/hotel\/hotel-et-suites-normandin-quebec\/studio-1-king-bed\/normandin-fichier-finaux-62-2\/","alt":"","author":"6","description":"","caption":"","name":"normandin-fichier-finaux-62-2","status":"inherit","uploaded_to":2807,"date":"2023-05-19 15:07:31","modified":"2023-05-19 15:07:31","menu_order":0,"mime_type":"image\/jpeg","type":"image","subtype":"jpeg","icon":"https:\/\/hotelnormandin.com\/wp\/wp-includes\/images\/media\/default.png","width":0,"height":0,"sizes":{"thumbnail":"https:\/\/hotelnormandin.com\/\/app\/uploads\/2023\/04\/clphotographe-17.jpg","thumbnail-width":1,"thumbnail-height":1,"medium":"https:\/\/hotelnormandin.com\/\/app\/uploads\/2023\/04\/clphotographe-17.jpg","medium-width":1,"medium-height":1,"medium_large":"https:\/\/hotelnormandin.com\/\/app\/uploads\/2023\/04\/clphotographe-17.jpg","medium_large-width":1,"medium_large-height":1,"large":"https:\/\/hotelnormandin.com\/\/app\/uploads\/2023\/04\/clphotographe-17.jpg","large-width":1,"large-height":1,"1536x1536":"https:\/\/hotelnormandin.com\/\/app\/uploads\/2023\/04\/clphotographe-17.jpg","1536x1536-width":1,"1536x1536-height":1,"2048x2048":"https:\/\/hotelnormandin.com\/\/app\/uploads\/2023\/04\/clphotographe-17.jpg","2048x2048-width":1,"2048x2048-height":1}},"titre":"Gift cards"},"_links":{"self":[{"href":"https:\/\/hotelnormandin.com\/en\/wp-json\/wp\/v2\/pages\/868"}],"collection":[{"href":"https:\/\/hotelnormandin.com\/en\/wp-json\/wp\/v2\/pages"}],"about":[{"href":"https:\/\/hotelnormandin.com\/en\/wp-json\/wp\/v2\/types\/page"}],"author":[{"embeddable":true,"href":"https:\/\/hotelnormandin.com\/en\/wp-json\/wp\/v2\/users\/3"}],"replies":[{"embeddable":true,"href":"https:\/\/hotelnormandin.com\/en\/wp-json\/wp\/v2\/comments?post=868"}],"version-history":[{"count":9,"href":"https:\/\/hotelnormandin.com\/en\/wp-json\/wp\/v2\/pages\/868\/revisions"}],"predecessor-version":[{"id":4420,"href":"https:\/\/hotelnormandin.com\/en\/wp-json\/wp\/v2\/pages\/868\/revisions\/4420"}],"wp:attachment":[{"href":"https:\/\/hotelnormandin.com\/en\/wp-json\/wp\/v2\/media?parent=868"}],"curies":[{"name":"wp","href":"https:\/\/api.w.org\/{rel}","templated":true}]}}