{"id":4843,"date":"2024-07-23T13:07:04","date_gmt":"2024-07-23T17:07:04","guid":{"rendered":"https:\/\/hotelnormandin.com\/?page_id=4843"},"modified":"2024-07-23T13:07:04","modified_gmt":"2024-07-23T17:07:04","slug":"welcome-cyclists","status":"publish","type":"page","link":"https:\/\/hotelnormandin.com\/en\/hotel-motel-normandin-alma\/welcome-cyclists\/","title":{"rendered":"Welcome Cyclists"},"content":{"rendered":"","protected":false},"excerpt":{"rendered":"","protected":false},"author":6,"featured_media":0,"parent":2535,"menu_order":6,"comment_status":"closed","ping_status":"closed","template":"","meta":{"footnotes":""},"yoast_head":"<!-- This site is optimized with the Yoast SEO plugin v21.8 - https:\/\/yoast.com\/wordpress\/plugins\/seo\/ -->\n<title>Welcome Cyclists - Les H\u00f4tels Normandin<\/title>\n<meta name=\"robots\" content=\"index, follow, max-snippet:-1, max-image-preview:large, max-video-preview:-1\" \/>\n<link rel=\"canonical\" href=\"https:\/\/hotelnormandin.com\/en\/hotel-motel-normandin-alma\/welcome-cyclists\/\" \/>\n<meta property=\"og:locale\" content=\"en_US\" \/>\n<meta property=\"og:type\" content=\"article\" \/>\n<meta property=\"og:title\" content=\"Welcome Cyclists - Les H\u00f4tels Normandin\" \/>\n<meta property=\"og:url\" content=\"https:\/\/hotelnormandin.com\/en\/hotel-motel-normandin-alma\/welcome-cyclists\/\" \/>\n<meta property=\"og:site_name\" content=\"Les H\u00f4tels Normandin\" \/>\n<meta property=\"article:publisher\" content=\"https:\/\/www.facebook.com\/leshotelsnormandin\/\" \/>\n<meta property=\"og:image\" content=\"https:\/\/hotelnormandin.com\/\/app\/uploads\/2023\/03\/hotel-suites-normandin-levis-facade-logo.png\" \/>\n\t<meta property=\"og:image:width\" content=\"1761\" \/>\n\t<meta property=\"og:image:height\" content=\"929\" \/>\n\t<meta property=\"og:image:type\" content=\"image\/png\" \/>\n<meta name=\"twitter:card\" content=\"summary_large_image\" \/>\n<script type=\"application\/ld+json\" class=\"yoast-schema-graph\">{\"@context\":\"https:\/\/schema.org\",\"@graph\":[{\"@type\":\"WebPage\",\"@id\":\"https:\/\/hotelnormandin.com\/en\/hotel-motel-normandin-alma\/welcome-cyclists\/\",\"url\":\"https:\/\/hotelnormandin.com\/en\/hotel-motel-normandin-alma\/welcome-cyclists\/\",\"name\":\"Welcome Cyclists - Les H\u00f4tels Normandin\",\"isPartOf\":{\"@id\":\"https:\/\/hotelnormandin.com\/#website\"},\"datePublished\":\"2024-07-23T17:07:04+00:00\",\"dateModified\":\"2024-07-23T17:07:04+00:00\",\"breadcrumb\":{\"@id\":\"https:\/\/hotelnormandin.com\/en\/hotel-motel-normandin-alma\/welcome-cyclists\/#breadcrumb\"},\"inLanguage\":\"en-US\",\"potentialAction\":[{\"@type\":\"ReadAction\",\"target\":[\"https:\/\/hotelnormandin.com\/en\/hotel-motel-normandin-alma\/welcome-cyclists\/\"]}]},{\"@type\":\"BreadcrumbList\",\"@id\":\"https:\/\/hotelnormandin.com\/en\/hotel-motel-normandin-alma\/welcome-cyclists\/#breadcrumb\",\"itemListElement\":[{\"@type\":\"ListItem\",\"position\":1,\"name\":\"Home\",\"item\":\"https:\/\/hotelnormandin.com\/en\/\"},{\"@type\":\"ListItem\",\"position\":2,\"name\":\"H\u00f4tel-Motel Normandin Alma\",\"item\":\"https:\/\/hotelnormandin.com\/en\/hotel-motel-normandin-alma\/\"},{\"@type\":\"ListItem\",\"position\":3,\"name\":\"Welcome Cyclists\"}]},{\"@type\":\"WebSite\",\"@id\":\"https:\/\/hotelnormandin.com\/#website\",\"url\":\"https:\/\/hotelnormandin.com\/\",\"name\":\"H\u00f4tel Normandin\",\"description\":\"Chambres et suites avec un confort et une propret\u00e9 irr\u00e9prochables. Seul, en couple ou en famille, planifiez un s\u00e9jour confortable dans nos h\u00f4tels. Meilleur prix garanti. D\u00e9jeuner continental inclus. Forfaits disponibles.\",\"publisher\":{\"@id\":\"https:\/\/hotelnormandin.com\/#organization\"},\"potentialAction\":[{\"@type\":\"SearchAction\",\"target\":{\"@type\":\"EntryPoint\",\"urlTemplate\":\"https:\/\/hotelnormandin.com\/?s={search_term_string}\"},\"query-input\":\"required name=search_term_string\"}],\"inLanguage\":\"en-US\"},{\"@type\":\"Organization\",\"@id\":\"https:\/\/hotelnormandin.com\/#organization\",\"name\":\"H\u00f4tel Normandin\",\"url\":\"https:\/\/hotelnormandin.com\/\",\"logo\":{\"@type\":\"ImageObject\",\"inLanguage\":\"en-US\",\"@id\":\"https:\/\/hotelnormandin.com\/#\/schema\/logo\/image\/\",\"url\":\"https:\/\/hotelnormandin.com\/\/app\/uploads\/2023\/09\/logo_Les-Hotels-Normandin_site-web.png\",\"contentUrl\":\"https:\/\/hotelnormandin.com\/\/app\/uploads\/2023\/09\/logo_Les-Hotels-Normandin_site-web.png\",\"width\":622,\"height\":168,\"caption\":\"H\u00f4tel Normandin\"},\"image\":{\"@id\":\"https:\/\/hotelnormandin.com\/#\/schema\/logo\/image\/\"},\"sameAs\":[\"https:\/\/www.facebook.com\/leshotelsnormandin\/\"]}]}<\/script>\n<!-- \/ Yoast SEO plugin. -->","yoast_head_json":{"title":"Welcome Cyclists - Les H\u00f4tels Normandin","robots":{"index":"index","follow":"follow","max-snippet":"max-snippet:-1","max-image-preview":"max-image-preview:large","max-video-preview":"max-video-preview:-1"},"canonical":"https:\/\/hotelnormandin.com\/en\/hotel-motel-normandin-alma\/welcome-cyclists\/","og_locale":"en_US","og_type":"article","og_title":"Welcome Cyclists - Les H\u00f4tels Normandin","og_url":"https:\/\/hotelnormandin.com\/en\/hotel-motel-normandin-alma\/welcome-cyclists\/","og_site_name":"Les H\u00f4tels Normandin","article_publisher":"https:\/\/www.facebook.com\/leshotelsnormandin\/","og_image":[{"width":1761,"height":929,"url":"https:\/\/hotelnormandin.com\/\/app\/uploads\/2023\/03\/hotel-suites-normandin-levis-facade-logo.png","type":"image\/png"}],"twitter_card":"summary_large_image","schema":{"@context":"https:\/\/schema.org","@graph":[{"@type":"WebPage","@id":"https:\/\/hotelnormandin.com\/en\/hotel-motel-normandin-alma\/welcome-cyclists\/","url":"https:\/\/hotelnormandin.com\/en\/hotel-motel-normandin-alma\/welcome-cyclists\/","name":"Welcome Cyclists - Les H\u00f4tels Normandin","isPartOf":{"@id":"https:\/\/hotelnormandin.com\/#website"},"datePublished":"2024-07-23T17:07:04+00:00","dateModified":"2024-07-23T17:07:04+00:00","breadcrumb":{"@id":"https:\/\/hotelnormandin.com\/en\/hotel-motel-normandin-alma\/welcome-cyclists\/#breadcrumb"},"inLanguage":"en-US","potentialAction":[{"@type":"ReadAction","target":["https:\/\/hotelnormandin.com\/en\/hotel-motel-normandin-alma\/welcome-cyclists\/"]}]},{"@type":"BreadcrumbList","@id":"https:\/\/hotelnormandin.com\/en\/hotel-motel-normandin-alma\/welcome-cyclists\/#breadcrumb","itemListElement":[{"@type":"ListItem","position":1,"name":"Home","item":"https:\/\/hotelnormandin.com\/en\/"},{"@type":"ListItem","position":2,"name":"H\u00f4tel-Motel Normandin Alma","item":"https:\/\/hotelnormandin.com\/en\/hotel-motel-normandin-alma\/"},{"@type":"ListItem","position":3,"name":"Welcome Cyclists"}]},{"@type":"WebSite","@id":"https:\/\/hotelnormandin.com\/#website","url":"https:\/\/hotelnormandin.com\/","name":"H\u00f4tel Normandin","description":"Chambres et suites avec un confort et une propret\u00e9 irr\u00e9prochables. Seul, en couple ou en famille, planifiez un s\u00e9jour confortable dans nos h\u00f4tels. Meilleur prix garanti. D\u00e9jeuner continental inclus. Forfaits disponibles.","publisher":{"@id":"https:\/\/hotelnormandin.com\/#organization"},"potentialAction":[{"@type":"SearchAction","target":{"@type":"EntryPoint","urlTemplate":"https:\/\/hotelnormandin.com\/?s={search_term_string}"},"query-input":"required name=search_term_string"}],"inLanguage":"en-US"},{"@type":"Organization","@id":"https:\/\/hotelnormandin.com\/#organization","name":"H\u00f4tel Normandin","url":"https:\/\/hotelnormandin.com\/","logo":{"@type":"ImageObject","inLanguage":"en-US","@id":"https:\/\/hotelnormandin.com\/#\/schema\/logo\/image\/","url":"https:\/\/hotelnormandin.com\/\/app\/uploads\/2023\/09\/logo_Les-Hotels-Normandin_site-web.png","contentUrl":"https:\/\/hotelnormandin.com\/\/app\/uploads\/2023\/09\/logo_Les-Hotels-Normandin_site-web.png","width":622,"height":168,"caption":"H\u00f4tel Normandin"},"image":{"@id":"https:\/\/hotelnormandin.com\/#\/schema\/logo\/image\/"},"sameAs":["https:\/\/www.facebook.com\/leshotelsnormandin\/"]}]}},"acf":{"titre":"Welcome Cyclists","image":{"ID":3363,"id":3363,"title":"cyclistes-veloroute-des-bleuets","filename":"cyclistes-veloroute-des-bleuets-e1721754421968.jpg","filesize":448764,"url":"https:\/\/hotelnormandin.com\/\/app\/uploads\/2023\/08\/cyclistes-veloroute-des-bleuets-e1721754421968.jpg","link":"https:\/\/hotelnormandin.com\/en\/activite\/veloroute-des-bleuets\/365263441_860337245656621_1777974349843054881_n-2-2\/","alt":"Cyclistes sur la V\u00e9loroute des Bleuets.","author":"6","description":"","caption":"","name":"365263441_860337245656621_1777974349843054881_n-2-2","status":"inherit","uploaded_to":4033,"date":"2023-08-15 21:03:12","modified":"2024-07-23 17:06:36","menu_order":0,"mime_type":"image\/jpeg","type":"image","subtype":"jpeg","icon":"https:\/\/hotelnormandin.com\/wp\/wp-includes\/images\/media\/default.png","width":2048,"height":976,"sizes":{"thumbnail":"https:\/\/hotelnormandin.com\/\/app\/uploads\/2023\/08\/cyclistes-veloroute-des-bleuets-e1721754421968-150x150.jpg","thumbnail-width":150,"thumbnail-height":150,"medium":"https:\/\/hotelnormandin.com\/\/app\/uploads\/2023\/08\/cyclistes-veloroute-des-bleuets-e1721754421968-300x143.jpg","medium-width":300,"medium-height":143,"medium_large":"https:\/\/hotelnormandin.com\/\/app\/uploads\/2023\/08\/cyclistes-veloroute-des-bleuets-e1721754421968-768x366.jpg","medium_large-width":768,"medium_large-height":366,"large":"https:\/\/hotelnormandin.com\/\/app\/uploads\/2023\/08\/cyclistes-veloroute-des-bleuets-e1721754421968-1024x488.jpg","large-width":1024,"large-height":488,"1536x1536":"https:\/\/hotelnormandin.com\/\/app\/uploads\/2023\/08\/cyclistes-veloroute-des-bleuets-e1721754421968-1536x732.jpg","1536x1536-width":1536,"1536x1536-height":732,"2048x2048":"https:\/\/hotelnormandin.com\/\/app\/uploads\/2023\/08\/cyclistes-veloroute-des-bleuets-e1721754421968.jpg","2048x2048-width":2048,"2048x2048-height":976}},"petite_image":{"ID":3363,"id":3363,"title":"cyclistes-veloroute-des-bleuets","filename":"cyclistes-veloroute-des-bleuets-e1721754421968.jpg","filesize":448764,"url":"https:\/\/hotelnormandin.com\/\/app\/uploads\/2023\/08\/cyclistes-veloroute-des-bleuets-e1721754421968.jpg","link":"https:\/\/hotelnormandin.com\/en\/activite\/veloroute-des-bleuets\/365263441_860337245656621_1777974349843054881_n-2-2\/","alt":"Cyclistes sur la V\u00e9loroute des Bleuets.","author":"6","description":"","caption":"","name":"365263441_860337245656621_1777974349843054881_n-2-2","status":"inherit","uploaded_to":4033,"date":"2023-08-15 21:03:12","modified":"2024-07-23 17:06:36","menu_order":0,"mime_type":"image\/jpeg","type":"image","subtype":"jpeg","icon":"https:\/\/hotelnormandin.com\/wp\/wp-includes\/images\/media\/default.png","width":2048,"height":976,"sizes":{"thumbnail":"https:\/\/hotelnormandin.com\/\/app\/uploads\/2023\/08\/cyclistes-veloroute-des-bleuets-e1721754421968-150x150.jpg","thumbnail-width":150,"thumbnail-height":150,"medium":"https:\/\/hotelnormandin.com\/\/app\/uploads\/2023\/08\/cyclistes-veloroute-des-bleuets-e1721754421968-300x143.jpg","medium-width":300,"medium-height":143,"medium_large":"https:\/\/hotelnormandin.com\/\/app\/uploads\/2023\/08\/cyclistes-veloroute-des-bleuets-e1721754421968-768x366.jpg","medium_large-width":768,"medium_large-height":366,"large":"https:\/\/hotelnormandin.com\/\/app\/uploads\/2023\/08\/cyclistes-veloroute-des-bleuets-e1721754421968-1024x488.jpg","large-width":1024,"large-height":488,"1536x1536":"https:\/\/hotelnormandin.com\/\/app\/uploads\/2023\/08\/cyclistes-veloroute-des-bleuets-e1721754421968-1536x732.jpg","1536x1536-width":1536,"1536x1536-height":732,"2048x2048":"https:\/\/hotelnormandin.com\/\/app\/uploads\/2023\/08\/cyclistes-veloroute-des-bleuets-e1721754421968.jpg","2048x2048-width":2048,"2048x2048-height":976}},"contenu_flexible":[{"acf_fc_layout":"bloc_wysiwyg","wysiwyg":"<p>Are you a cyclist? Our establishment is certified Bienvenue Cyclists and offer you a secure bike local and tools for minor repairs.<\/p>\n"},{"acf_fc_layout":"bloc_glissiere_gallerie_image","glissiere_galerie_images":[{"ID":3363,"id":3363,"title":"cyclistes-veloroute-des-bleuets","filename":"cyclistes-veloroute-des-bleuets-e1721754421968.jpg","filesize":448764,"url":"https:\/\/hotelnormandin.com\/\/app\/uploads\/2023\/08\/cyclistes-veloroute-des-bleuets-e1721754421968.jpg","link":"https:\/\/hotelnormandin.com\/en\/activite\/veloroute-des-bleuets\/365263441_860337245656621_1777974349843054881_n-2-2\/","alt":"Cyclistes sur la V\u00e9loroute des Bleuets.","author":"6","description":"","caption":"","name":"365263441_860337245656621_1777974349843054881_n-2-2","status":"inherit","uploaded_to":4033,"date":"2023-08-15 21:03:12","modified":"2024-07-23 17:06:36","menu_order":0,"mime_type":"image\/jpeg","type":"image","subtype":"jpeg","icon":"https:\/\/hotelnormandin.com\/wp\/wp-includes\/images\/media\/default.png","width":2048,"height":976,"sizes":{"thumbnail":"https:\/\/hotelnormandin.com\/\/app\/uploads\/2023\/08\/cyclistes-veloroute-des-bleuets-e1721754421968-150x150.jpg","thumbnail-width":150,"thumbnail-height":150,"medium":"https:\/\/hotelnormandin.com\/\/app\/uploads\/2023\/08\/cyclistes-veloroute-des-bleuets-e1721754421968-300x143.jpg","medium-width":300,"medium-height":143,"medium_large":"https:\/\/hotelnormandin.com\/\/app\/uploads\/2023\/08\/cyclistes-veloroute-des-bleuets-e1721754421968-768x366.jpg","medium_large-width":768,"medium_large-height":366,"large":"https:\/\/hotelnormandin.com\/\/app\/uploads\/2023\/08\/cyclistes-veloroute-des-bleuets-e1721754421968-1024x488.jpg","large-width":1024,"large-height":488,"1536x1536":"https:\/\/hotelnormandin.com\/\/app\/uploads\/2023\/08\/cyclistes-veloroute-des-bleuets-e1721754421968-1536x732.jpg","1536x1536-width":1536,"1536x1536-height":732,"2048x2048":"https:\/\/hotelnormandin.com\/\/app\/uploads\/2023\/08\/cyclistes-veloroute-des-bleuets-e1721754421968.jpg","2048x2048-width":2048,"2048x2048-height":976}}]}]},"_links":{"self":[{"href":"https:\/\/hotelnormandin.com\/en\/wp-json\/wp\/v2\/pages\/4843"}],"collection":[{"href":"https:\/\/hotelnormandin.com\/en\/wp-json\/wp\/v2\/pages"}],"about":[{"href":"https:\/\/hotelnormandin.com\/en\/wp-json\/wp\/v2\/types\/page"}],"author":[{"embeddable":true,"href":"https:\/\/hotelnormandin.com\/en\/wp-json\/wp\/v2\/users\/6"}],"replies":[{"embeddable":true,"href":"https:\/\/hotelnormandin.com\/en\/wp-json\/wp\/v2\/comments?post=4843"}],"version-history":[{"count":2,"href":"https:\/\/hotelnormandin.com\/en\/wp-json\/wp\/v2\/pages\/4843\/revisions"}],"predecessor-version":[{"id":4866,"href":"https:\/\/hotelnormandin.com\/en\/wp-json\/wp\/v2\/pages\/4843\/revisions\/4866"}],"up":[{"embeddable":true,"href":"https:\/\/hotelnormandin.com\/en\/wp-json\/wp\/v2\/pages\/2535"}],"wp:attachment":[{"href":"https:\/\/hotelnormandin.com\/en\/wp-json\/wp\/v2\/media?parent=4843"}],"curies":[{"name":"wp","href":"https:\/\/api.w.org\/{rel}","templated":true}]}}