{"id":4833,"date":"2024-07-23T13:17:20","date_gmt":"2024-07-23T17:17:20","guid":{"rendered":"https:\/\/hotelnormandin.com\/?page_id=4833"},"modified":"2024-07-23T13:17:50","modified_gmt":"2024-07-23T17:17:50","slug":"welcome-cyclists","status":"publish","type":"page","link":"https:\/\/hotelnormandin.com\/en\/hotel-et-suites-normandin-levis\/services\/welcome-cyclists\/","title":{"rendered":"Welcome Cyclists"},"content":{"rendered":"","protected":false},"excerpt":{"rendered":"","protected":false},"author":6,"featured_media":0,"parent":3837,"menu_order":6,"comment_status":"closed","ping_status":"closed","template":"","meta":{"footnotes":""},"yoast_head":"<!-- This site is optimized with the Yoast SEO plugin v21.8 - https:\/\/yoast.com\/wordpress\/plugins\/seo\/ -->\n<title>Welcome Cyclists - Les H\u00f4tels Normandin<\/title>\n<meta name=\"robots\" content=\"index, follow, max-snippet:-1, max-image-preview:large, max-video-preview:-1\" \/>\n<link rel=\"canonical\" href=\"https:\/\/hotelnormandin.com\/en\/hotel-et-suites-normandin-levis\/services\/welcome-cyclists\/\" \/>\n<meta property=\"og:locale\" content=\"en_US\" \/>\n<meta property=\"og:type\" content=\"article\" \/>\n<meta property=\"og:title\" content=\"Welcome Cyclists - Les H\u00f4tels Normandin\" \/>\n<meta property=\"og:url\" content=\"https:\/\/hotelnormandin.com\/en\/hotel-et-suites-normandin-levis\/services\/welcome-cyclists\/\" \/>\n<meta property=\"og:site_name\" content=\"Les H\u00f4tels Normandin\" \/>\n<meta property=\"article:publisher\" content=\"https:\/\/www.facebook.com\/leshotelsnormandin\/\" \/>\n<meta property=\"article:modified_time\" content=\"2024-07-23T17:17:50+00:00\" \/>\n<meta property=\"og:image\" content=\"https:\/\/hotelnormandin.com\/\/app\/uploads\/2023\/03\/hotel-suites-normandin-levis-facade-logo.png\" \/>\n\t<meta property=\"og:image:width\" content=\"1761\" \/>\n\t<meta property=\"og:image:height\" content=\"929\" \/>\n\t<meta property=\"og:image:type\" content=\"image\/png\" \/>\n<meta name=\"twitter:card\" content=\"summary_large_image\" \/>\n<script type=\"application\/ld+json\" class=\"yoast-schema-graph\">{\"@context\":\"https:\/\/schema.org\",\"@graph\":[{\"@type\":\"WebPage\",\"@id\":\"https:\/\/hotelnormandin.com\/en\/hotel-et-suites-normandin-levis\/services\/welcome-cyclists\/\",\"url\":\"https:\/\/hotelnormandin.com\/en\/hotel-et-suites-normandin-levis\/services\/welcome-cyclists\/\",\"name\":\"Welcome Cyclists - Les H\u00f4tels Normandin\",\"isPartOf\":{\"@id\":\"https:\/\/hotelnormandin.com\/#website\"},\"datePublished\":\"2024-07-23T17:17:20+00:00\",\"dateModified\":\"2024-07-23T17:17:50+00:00\",\"breadcrumb\":{\"@id\":\"https:\/\/hotelnormandin.com\/en\/hotel-et-suites-normandin-levis\/services\/welcome-cyclists\/#breadcrumb\"},\"inLanguage\":\"en-US\",\"potentialAction\":[{\"@type\":\"ReadAction\",\"target\":[\"https:\/\/hotelnormandin.com\/en\/hotel-et-suites-normandin-levis\/services\/welcome-cyclists\/\"]}]},{\"@type\":\"BreadcrumbList\",\"@id\":\"https:\/\/hotelnormandin.com\/en\/hotel-et-suites-normandin-levis\/services\/welcome-cyclists\/#breadcrumb\",\"itemListElement\":[{\"@type\":\"ListItem\",\"position\":1,\"name\":\"Home\",\"item\":\"https:\/\/hotelnormandin.com\/en\/\"},{\"@type\":\"ListItem\",\"position\":2,\"name\":\"H\u00f4tel &#038; Suites Normandin L\u00e9vis\",\"item\":\"https:\/\/hotelnormandin.com\/en\/hotel-et-suites-normandin-levis\/\"},{\"@type\":\"ListItem\",\"position\":3,\"name\":\"Services\",\"item\":\"https:\/\/hotelnormandin.com\/en\/hotel-et-suites-normandin-levis\/services\/\"},{\"@type\":\"ListItem\",\"position\":4,\"name\":\"Welcome Cyclists\"}]},{\"@type\":\"WebSite\",\"@id\":\"https:\/\/hotelnormandin.com\/#website\",\"url\":\"https:\/\/hotelnormandin.com\/\",\"name\":\"H\u00f4tel Normandin\",\"description\":\"Chambres et suites avec un confort et une propret\u00e9 irr\u00e9prochables. Seul, en couple ou en famille, planifiez un s\u00e9jour confortable dans nos h\u00f4tels. Meilleur prix garanti. D\u00e9jeuner continental inclus. Forfaits disponibles.\",\"publisher\":{\"@id\":\"https:\/\/hotelnormandin.com\/#organization\"},\"potentialAction\":[{\"@type\":\"SearchAction\",\"target\":{\"@type\":\"EntryPoint\",\"urlTemplate\":\"https:\/\/hotelnormandin.com\/?s={search_term_string}\"},\"query-input\":\"required name=search_term_string\"}],\"inLanguage\":\"en-US\"},{\"@type\":\"Organization\",\"@id\":\"https:\/\/hotelnormandin.com\/#organization\",\"name\":\"H\u00f4tel Normandin\",\"url\":\"https:\/\/hotelnormandin.com\/\",\"logo\":{\"@type\":\"ImageObject\",\"inLanguage\":\"en-US\",\"@id\":\"https:\/\/hotelnormandin.com\/#\/schema\/logo\/image\/\",\"url\":\"https:\/\/hotelnormandin.com\/\/app\/uploads\/2023\/09\/logo_Les-Hotels-Normandin_site-web.png\",\"contentUrl\":\"https:\/\/hotelnormandin.com\/\/app\/uploads\/2023\/09\/logo_Les-Hotels-Normandin_site-web.png\",\"width\":622,\"height\":168,\"caption\":\"H\u00f4tel Normandin\"},\"image\":{\"@id\":\"https:\/\/hotelnormandin.com\/#\/schema\/logo\/image\/\"},\"sameAs\":[\"https:\/\/www.facebook.com\/leshotelsnormandin\/\"]}]}<\/script>\n<!-- \/ Yoast SEO plugin. -->","yoast_head_json":{"title":"Welcome Cyclists - Les H\u00f4tels Normandin","robots":{"index":"index","follow":"follow","max-snippet":"max-snippet:-1","max-image-preview":"max-image-preview:large","max-video-preview":"max-video-preview:-1"},"canonical":"https:\/\/hotelnormandin.com\/en\/hotel-et-suites-normandin-levis\/services\/welcome-cyclists\/","og_locale":"en_US","og_type":"article","og_title":"Welcome Cyclists - Les H\u00f4tels Normandin","og_url":"https:\/\/hotelnormandin.com\/en\/hotel-et-suites-normandin-levis\/services\/welcome-cyclists\/","og_site_name":"Les H\u00f4tels Normandin","article_publisher":"https:\/\/www.facebook.com\/leshotelsnormandin\/","article_modified_time":"2024-07-23T17:17:50+00:00","og_image":[{"width":1761,"height":929,"url":"https:\/\/hotelnormandin.com\/\/app\/uploads\/2023\/03\/hotel-suites-normandin-levis-facade-logo.png","type":"image\/png"}],"twitter_card":"summary_large_image","schema":{"@context":"https:\/\/schema.org","@graph":[{"@type":"WebPage","@id":"https:\/\/hotelnormandin.com\/en\/hotel-et-suites-normandin-levis\/services\/welcome-cyclists\/","url":"https:\/\/hotelnormandin.com\/en\/hotel-et-suites-normandin-levis\/services\/welcome-cyclists\/","name":"Welcome Cyclists - Les H\u00f4tels Normandin","isPartOf":{"@id":"https:\/\/hotelnormandin.com\/#website"},"datePublished":"2024-07-23T17:17:20+00:00","dateModified":"2024-07-23T17:17:50+00:00","breadcrumb":{"@id":"https:\/\/hotelnormandin.com\/en\/hotel-et-suites-normandin-levis\/services\/welcome-cyclists\/#breadcrumb"},"inLanguage":"en-US","potentialAction":[{"@type":"ReadAction","target":["https:\/\/hotelnormandin.com\/en\/hotel-et-suites-normandin-levis\/services\/welcome-cyclists\/"]}]},{"@type":"BreadcrumbList","@id":"https:\/\/hotelnormandin.com\/en\/hotel-et-suites-normandin-levis\/services\/welcome-cyclists\/#breadcrumb","itemListElement":[{"@type":"ListItem","position":1,"name":"Home","item":"https:\/\/hotelnormandin.com\/en\/"},{"@type":"ListItem","position":2,"name":"H\u00f4tel &#038; Suites Normandin L\u00e9vis","item":"https:\/\/hotelnormandin.com\/en\/hotel-et-suites-normandin-levis\/"},{"@type":"ListItem","position":3,"name":"Services","item":"https:\/\/hotelnormandin.com\/en\/hotel-et-suites-normandin-levis\/services\/"},{"@type":"ListItem","position":4,"name":"Welcome Cyclists"}]},{"@type":"WebSite","@id":"https:\/\/hotelnormandin.com\/#website","url":"https:\/\/hotelnormandin.com\/","name":"H\u00f4tel Normandin","description":"Chambres et suites avec un confort et une propret\u00e9 irr\u00e9prochables. Seul, en couple ou en famille, planifiez un s\u00e9jour confortable dans nos h\u00f4tels. Meilleur prix garanti. D\u00e9jeuner continental inclus. Forfaits disponibles.","publisher":{"@id":"https:\/\/hotelnormandin.com\/#organization"},"potentialAction":[{"@type":"SearchAction","target":{"@type":"EntryPoint","urlTemplate":"https:\/\/hotelnormandin.com\/?s={search_term_string}"},"query-input":"required name=search_term_string"}],"inLanguage":"en-US"},{"@type":"Organization","@id":"https:\/\/hotelnormandin.com\/#organization","name":"H\u00f4tel Normandin","url":"https:\/\/hotelnormandin.com\/","logo":{"@type":"ImageObject","inLanguage":"en-US","@id":"https:\/\/hotelnormandin.com\/#\/schema\/logo\/image\/","url":"https:\/\/hotelnormandin.com\/\/app\/uploads\/2023\/09\/logo_Les-Hotels-Normandin_site-web.png","contentUrl":"https:\/\/hotelnormandin.com\/\/app\/uploads\/2023\/09\/logo_Les-Hotels-Normandin_site-web.png","width":622,"height":168,"caption":"H\u00f4tel Normandin"},"image":{"@id":"https:\/\/hotelnormandin.com\/#\/schema\/logo\/image\/"},"sameAs":["https:\/\/www.facebook.com\/leshotelsnormandin\/"]}]}},"acf":{"titre":"Welcome Cyclists","image":{"ID":2244,"id":2244,"title":"parcours-des-anses-levis-3","filename":"parcours-des-anses-levis-3.jpg","filesize":473709,"url":"https:\/\/hotelnormandin.com\/\/app\/uploads\/2023\/05\/parcours-des-anses-levis-3.jpg","link":"https:\/\/hotelnormandin.com\/en\/activite\/parcours-des-anses\/le-parcours-des-anses-2019-stephanie-allard-2_2400x1600-2\/","alt":"Couple \u00e0 v\u00e9lo au Parcours des Anses.","author":"6","description":"","caption":"","name":"le-parcours-des-anses-2019-stephanie-allard-2_2400x1600-2","status":"inherit","uploaded_to":3116,"date":"2023-05-29 21:04:02","modified":"2023-09-25 17:33:55","menu_order":0,"mime_type":"image\/jpeg","type":"image","subtype":"jpeg","icon":"https:\/\/hotelnormandin.com\/wp\/wp-includes\/images\/media\/default.png","width":2400,"height":1602,"sizes":{"thumbnail":"https:\/\/hotelnormandin.com\/\/app\/uploads\/2023\/05\/parcours-des-anses-levis-3-150x150.jpg","thumbnail-width":150,"thumbnail-height":150,"medium":"https:\/\/hotelnormandin.com\/\/app\/uploads\/2023\/05\/parcours-des-anses-levis-3-300x200.jpg","medium-width":300,"medium-height":200,"medium_large":"https:\/\/hotelnormandin.com\/\/app\/uploads\/2023\/05\/parcours-des-anses-levis-3-768x513.jpg","medium_large-width":768,"medium_large-height":513,"large":"https:\/\/hotelnormandin.com\/\/app\/uploads\/2023\/05\/parcours-des-anses-levis-3-1024x684.jpg","large-width":1024,"large-height":684,"1536x1536":"https:\/\/hotelnormandin.com\/\/app\/uploads\/2023\/05\/parcours-des-anses-levis-3-1536x1025.jpg","1536x1536-width":1536,"1536x1536-height":1025,"2048x2048":"https:\/\/hotelnormandin.com\/\/app\/uploads\/2023\/05\/parcours-des-anses-levis-3-2048x1367.jpg","2048x2048-width":2048,"2048x2048-height":1367}},"petite_image":{"ID":2244,"id":2244,"title":"parcours-des-anses-levis-3","filename":"parcours-des-anses-levis-3.jpg","filesize":473709,"url":"https:\/\/hotelnormandin.com\/\/app\/uploads\/2023\/05\/parcours-des-anses-levis-3.jpg","link":"https:\/\/hotelnormandin.com\/en\/activite\/parcours-des-anses\/le-parcours-des-anses-2019-stephanie-allard-2_2400x1600-2\/","alt":"Couple \u00e0 v\u00e9lo au Parcours des Anses.","author":"6","description":"","caption":"","name":"le-parcours-des-anses-2019-stephanie-allard-2_2400x1600-2","status":"inherit","uploaded_to":3116,"date":"2023-05-29 21:04:02","modified":"2023-09-25 17:33:55","menu_order":0,"mime_type":"image\/jpeg","type":"image","subtype":"jpeg","icon":"https:\/\/hotelnormandin.com\/wp\/wp-includes\/images\/media\/default.png","width":2400,"height":1602,"sizes":{"thumbnail":"https:\/\/hotelnormandin.com\/\/app\/uploads\/2023\/05\/parcours-des-anses-levis-3-150x150.jpg","thumbnail-width":150,"thumbnail-height":150,"medium":"https:\/\/hotelnormandin.com\/\/app\/uploads\/2023\/05\/parcours-des-anses-levis-3-300x200.jpg","medium-width":300,"medium-height":200,"medium_large":"https:\/\/hotelnormandin.com\/\/app\/uploads\/2023\/05\/parcours-des-anses-levis-3-768x513.jpg","medium_large-width":768,"medium_large-height":513,"large":"https:\/\/hotelnormandin.com\/\/app\/uploads\/2023\/05\/parcours-des-anses-levis-3-1024x684.jpg","large-width":1024,"large-height":684,"1536x1536":"https:\/\/hotelnormandin.com\/\/app\/uploads\/2023\/05\/parcours-des-anses-levis-3-1536x1025.jpg","1536x1536-width":1536,"1536x1536-height":1025,"2048x2048":"https:\/\/hotelnormandin.com\/\/app\/uploads\/2023\/05\/parcours-des-anses-levis-3-2048x1367.jpg","2048x2048-width":2048,"2048x2048-height":1367}},"contenu_flexible":[{"acf_fc_layout":"bloc_wysiwyg","wysiwyg":"<p>Are you a cyclist? Our establishment is certified Bienvenue Cyclists and offer you a secure bike local and tools for minor repairs.<\/p>\n"},{"acf_fc_layout":"bloc_glissiere_gallerie_image","glissiere_galerie_images":[{"ID":2248,"id":2248,"title":"parcours-des-anses-levis","filename":"parcours-des-anses-levis.jpg","filesize":446338,"url":"https:\/\/hotelnormandin.com\/\/app\/uploads\/2023\/05\/parcours-des-anses-levis.jpg","link":"https:\/\/hotelnormandin.com\/en\/activite\/parcours-des-anses\/le-parcours-des-anses-2019-stephanie-allard-10_2400x1602-2\/","alt":"Couple \u00e0 v\u00e9lo au Parcours des Anses.","author":"6","description":"","caption":"","name":"le-parcours-des-anses-2019-stephanie-allard-10_2400x1602-2","status":"inherit","uploaded_to":3116,"date":"2023-05-29 21:04:11","modified":"2024-07-23 15:43:08","menu_order":0,"mime_type":"image\/jpeg","type":"image","subtype":"jpeg","icon":"https:\/\/hotelnormandin.com\/wp\/wp-includes\/images\/media\/default.png","width":2400,"height":1602,"sizes":{"thumbnail":"https:\/\/hotelnormandin.com\/\/app\/uploads\/2023\/05\/parcours-des-anses-levis-150x150.jpg","thumbnail-width":150,"thumbnail-height":150,"medium":"https:\/\/hotelnormandin.com\/\/app\/uploads\/2023\/05\/parcours-des-anses-levis-300x200.jpg","medium-width":300,"medium-height":200,"medium_large":"https:\/\/hotelnormandin.com\/\/app\/uploads\/2023\/05\/parcours-des-anses-levis.jpg","medium_large-width":768,"medium_large-height":513,"large":"https:\/\/hotelnormandin.com\/\/app\/uploads\/2023\/05\/parcours-des-anses-levis-1024x684.jpg","large-width":1024,"large-height":684,"1536x1536":"https:\/\/hotelnormandin.com\/\/app\/uploads\/2023\/05\/parcours-des-anses-levis.jpg","1536x1536-width":1536,"1536x1536-height":1025,"2048x2048":"https:\/\/hotelnormandin.com\/\/app\/uploads\/2023\/05\/parcours-des-anses-levis.jpg","2048x2048-width":2048,"2048x2048-height":1367}},{"ID":2246,"id":2246,"title":"parcours-des-anses-levis-2","filename":"parcours-des-anses-levis-2.jpg","filesize":476023,"url":"https:\/\/hotelnormandin.com\/\/app\/uploads\/2023\/05\/parcours-des-anses-levis-2.jpg","link":"https:\/\/hotelnormandin.com\/en\/activite\/parcours-des-anses\/le-parcours-des-anses-2019-stephanie-allard-3_2400x1602-2\/","alt":"Couple \u00e0 v\u00e9lo au Parcours des Anses.","author":"6","description":"","caption":"","name":"le-parcours-des-anses-2019-stephanie-allard-3_2400x1602-2","status":"inherit","uploaded_to":3116,"date":"2023-05-29 21:04:06","modified":"2024-07-23 17:17:04","menu_order":0,"mime_type":"image\/jpeg","type":"image","subtype":"jpeg","icon":"https:\/\/hotelnormandin.com\/wp\/wp-includes\/images\/media\/default.png","width":2400,"height":1602,"sizes":{"thumbnail":"https:\/\/hotelnormandin.com\/\/app\/uploads\/2023\/05\/parcours-des-anses-levis-2-150x150.jpg","thumbnail-width":150,"thumbnail-height":150,"medium":"https:\/\/hotelnormandin.com\/\/app\/uploads\/2023\/05\/parcours-des-anses-levis-2-300x200.jpg","medium-width":300,"medium-height":200,"medium_large":"https:\/\/hotelnormandin.com\/\/app\/uploads\/2023\/05\/parcours-des-anses-levis-2-768x513.jpg","medium_large-width":768,"medium_large-height":513,"large":"https:\/\/hotelnormandin.com\/\/app\/uploads\/2023\/05\/parcours-des-anses-levis-2-1024x684.jpg","large-width":1024,"large-height":684,"1536x1536":"https:\/\/hotelnormandin.com\/\/app\/uploads\/2023\/05\/parcours-des-anses-levis-2-1536x1025.jpg","1536x1536-width":1536,"1536x1536-height":1025,"2048x2048":"https:\/\/hotelnormandin.com\/\/app\/uploads\/2023\/05\/parcours-des-anses-levis-2-2048x1367.jpg","2048x2048-width":2048,"2048x2048-height":1367}}]}]},"_links":{"self":[{"href":"https:\/\/hotelnormandin.com\/en\/wp-json\/wp\/v2\/pages\/4833"}],"collection":[{"href":"https:\/\/hotelnormandin.com\/en\/wp-json\/wp\/v2\/pages"}],"about":[{"href":"https:\/\/hotelnormandin.com\/en\/wp-json\/wp\/v2\/types\/page"}],"author":[{"embeddable":true,"href":"https:\/\/hotelnormandin.com\/en\/wp-json\/wp\/v2\/users\/6"}],"replies":[{"embeddable":true,"href":"https:\/\/hotelnormandin.com\/en\/wp-json\/wp\/v2\/comments?post=4833"}],"version-history":[{"count":2,"href":"https:\/\/hotelnormandin.com\/en\/wp-json\/wp\/v2\/pages\/4833\/revisions"}],"predecessor-version":[{"id":4869,"href":"https:\/\/hotelnormandin.com\/en\/wp-json\/wp\/v2\/pages\/4833\/revisions\/4869"}],"up":[{"embeddable":true,"href":"https:\/\/hotelnormandin.com\/en\/wp-json\/wp\/v2\/pages\/3837"}],"wp:attachment":[{"href":"https:\/\/hotelnormandin.com\/en\/wp-json\/wp\/v2\/media?parent=4833"}],"curies":[{"name":"wp","href":"https:\/\/api.w.org\/{rel}","templated":true}]}}