{"id":3985,"date":"2023-02-06T19:16:29","date_gmt":"2023-02-06T19:16:29","guid":{"rendered":"https:\/\/hotelnormandin.com\/hotel-et-suites-normandin-quebec\/meeting-rooms\/demande-de-location\/"},"modified":"2023-09-15T15:17:59","modified_gmt":"2023-09-15T15:17:59","slug":"request-form","status":"publish","type":"page","link":"https:\/\/hotelnormandin.com\/en\/hotel-et-suites-normandin-quebec\/meeting-rooms\/request-form\/","title":{"rendered":"Request form"},"content":{"rendered":"","protected":false},"excerpt":{"rendered":"","protected":false},"author":3,"featured_media":0,"parent":3154,"menu_order":0,"comment_status":"closed","ping_status":"closed","template":"template\/template-form-info.php","meta":{"footnotes":""},"yoast_head":"<!-- This site is optimized with the Yoast SEO plugin v21.8 - https:\/\/yoast.com\/wordpress\/plugins\/seo\/ -->\n<title>Request form - Les H\u00f4tels Normandin<\/title>\n<meta name=\"robots\" content=\"index, follow, max-snippet:-1, max-image-preview:large, max-video-preview:-1\" \/>\n<link rel=\"canonical\" href=\"https:\/\/hotelnormandin.com\/en\/hotel-et-suites-normandin-quebec\/meeting-rooms\/request-form\/\" \/>\n<meta property=\"og:locale\" content=\"en_US\" \/>\n<meta property=\"og:type\" content=\"article\" \/>\n<meta property=\"og:title\" content=\"Request form - Les H\u00f4tels Normandin\" \/>\n<meta property=\"og:url\" content=\"https:\/\/hotelnormandin.com\/en\/hotel-et-suites-normandin-quebec\/meeting-rooms\/request-form\/\" \/>\n<meta property=\"og:site_name\" content=\"Les H\u00f4tels Normandin\" \/>\n<meta property=\"article:publisher\" content=\"https:\/\/www.facebook.com\/leshotelsnormandin\/\" \/>\n<meta property=\"article:modified_time\" content=\"2023-09-15T15:17:59+00:00\" \/>\n<meta property=\"og:image\" content=\"https:\/\/hotelnormandin.com\/\/app\/uploads\/2023\/03\/hotel-suites-normandin-levis-facade-logo.png\" \/>\n\t<meta property=\"og:image:width\" content=\"1761\" \/>\n\t<meta property=\"og:image:height\" content=\"929\" \/>\n\t<meta property=\"og:image:type\" content=\"image\/png\" \/>\n<meta name=\"twitter:card\" content=\"summary_large_image\" \/>\n<script type=\"application\/ld+json\" class=\"yoast-schema-graph\">{\"@context\":\"https:\/\/schema.org\",\"@graph\":[{\"@type\":\"WebPage\",\"@id\":\"https:\/\/hotelnormandin.com\/en\/hotel-et-suites-normandin-quebec\/meeting-rooms\/request-form\/\",\"url\":\"https:\/\/hotelnormandin.com\/en\/hotel-et-suites-normandin-quebec\/meeting-rooms\/request-form\/\",\"name\":\"Request form - Les H\u00f4tels Normandin\",\"isPartOf\":{\"@id\":\"https:\/\/hotelnormandin.com\/#website\"},\"datePublished\":\"2023-02-06T19:16:29+00:00\",\"dateModified\":\"2023-09-15T15:17:59+00:00\",\"breadcrumb\":{\"@id\":\"https:\/\/hotelnormandin.com\/en\/hotel-et-suites-normandin-quebec\/meeting-rooms\/request-form\/#breadcrumb\"},\"inLanguage\":\"en-US\",\"potentialAction\":[{\"@type\":\"ReadAction\",\"target\":[\"https:\/\/hotelnormandin.com\/en\/hotel-et-suites-normandin-quebec\/meeting-rooms\/request-form\/\"]}]},{\"@type\":\"BreadcrumbList\",\"@id\":\"https:\/\/hotelnormandin.com\/en\/hotel-et-suites-normandin-quebec\/meeting-rooms\/request-form\/#breadcrumb\",\"itemListElement\":[{\"@type\":\"ListItem\",\"position\":1,\"name\":\"Home\",\"item\":\"https:\/\/hotelnormandin.com\/en\/\"},{\"@type\":\"ListItem\",\"position\":2,\"name\":\"H\u00f4tel &#038; Suites Normandin Qu\u00e9bec\",\"item\":\"https:\/\/hotelnormandin.com\/en\/hotel-et-suites-normandin-quebec\/\"},{\"@type\":\"ListItem\",\"position\":3,\"name\":\"Meeting rooms\",\"item\":\"https:\/\/hotelnormandin.com\/en\/hotel-et-suites-normandin-quebec\/meeting-rooms\/\"},{\"@type\":\"ListItem\",\"position\":4,\"name\":\"Request form\"}]},{\"@type\":\"WebSite\",\"@id\":\"https:\/\/hotelnormandin.com\/#website\",\"url\":\"https:\/\/hotelnormandin.com\/\",\"name\":\"H\u00f4tel Normandin\",\"description\":\"Chambres et suites avec un confort et une propret\u00e9 irr\u00e9prochables. Seul, en couple ou en famille, planifiez un s\u00e9jour confortable dans nos h\u00f4tels. Meilleur prix garanti. D\u00e9jeuner continental inclus. Forfaits disponibles.\",\"publisher\":{\"@id\":\"https:\/\/hotelnormandin.com\/#organization\"},\"potentialAction\":[{\"@type\":\"SearchAction\",\"target\":{\"@type\":\"EntryPoint\",\"urlTemplate\":\"https:\/\/hotelnormandin.com\/?s={search_term_string}\"},\"query-input\":\"required name=search_term_string\"}],\"inLanguage\":\"en-US\"},{\"@type\":\"Organization\",\"@id\":\"https:\/\/hotelnormandin.com\/#organization\",\"name\":\"H\u00f4tel Normandin\",\"url\":\"https:\/\/hotelnormandin.com\/\",\"logo\":{\"@type\":\"ImageObject\",\"inLanguage\":\"en-US\",\"@id\":\"https:\/\/hotelnormandin.com\/#\/schema\/logo\/image\/\",\"url\":\"https:\/\/hotelnormandin.com\/\/app\/uploads\/2023\/09\/logo_Les-Hotels-Normandin_site-web.png\",\"contentUrl\":\"https:\/\/hotelnormandin.com\/\/app\/uploads\/2023\/09\/logo_Les-Hotels-Normandin_site-web.png\",\"width\":622,\"height\":168,\"caption\":\"H\u00f4tel Normandin\"},\"image\":{\"@id\":\"https:\/\/hotelnormandin.com\/#\/schema\/logo\/image\/\"},\"sameAs\":[\"https:\/\/www.facebook.com\/leshotelsnormandin\/\"]}]}<\/script>\n<!-- \/ Yoast SEO plugin. -->","yoast_head_json":{"title":"Request form - Les H\u00f4tels Normandin","robots":{"index":"index","follow":"follow","max-snippet":"max-snippet:-1","max-image-preview":"max-image-preview:large","max-video-preview":"max-video-preview:-1"},"canonical":"https:\/\/hotelnormandin.com\/en\/hotel-et-suites-normandin-quebec\/meeting-rooms\/request-form\/","og_locale":"en_US","og_type":"article","og_title":"Request form - Les H\u00f4tels Normandin","og_url":"https:\/\/hotelnormandin.com\/en\/hotel-et-suites-normandin-quebec\/meeting-rooms\/request-form\/","og_site_name":"Les H\u00f4tels Normandin","article_publisher":"https:\/\/www.facebook.com\/leshotelsnormandin\/","article_modified_time":"2023-09-15T15:17:59+00:00","og_image":[{"width":1761,"height":929,"url":"https:\/\/hotelnormandin.com\/\/app\/uploads\/2023\/03\/hotel-suites-normandin-levis-facade-logo.png","type":"image\/png"}],"twitter_card":"summary_large_image","schema":{"@context":"https:\/\/schema.org","@graph":[{"@type":"WebPage","@id":"https:\/\/hotelnormandin.com\/en\/hotel-et-suites-normandin-quebec\/meeting-rooms\/request-form\/","url":"https:\/\/hotelnormandin.com\/en\/hotel-et-suites-normandin-quebec\/meeting-rooms\/request-form\/","name":"Request form - Les H\u00f4tels Normandin","isPartOf":{"@id":"https:\/\/hotelnormandin.com\/#website"},"datePublished":"2023-02-06T19:16:29+00:00","dateModified":"2023-09-15T15:17:59+00:00","breadcrumb":{"@id":"https:\/\/hotelnormandin.com\/en\/hotel-et-suites-normandin-quebec\/meeting-rooms\/request-form\/#breadcrumb"},"inLanguage":"en-US","potentialAction":[{"@type":"ReadAction","target":["https:\/\/hotelnormandin.com\/en\/hotel-et-suites-normandin-quebec\/meeting-rooms\/request-form\/"]}]},{"@type":"BreadcrumbList","@id":"https:\/\/hotelnormandin.com\/en\/hotel-et-suites-normandin-quebec\/meeting-rooms\/request-form\/#breadcrumb","itemListElement":[{"@type":"ListItem","position":1,"name":"Home","item":"https:\/\/hotelnormandin.com\/en\/"},{"@type":"ListItem","position":2,"name":"H\u00f4tel &#038; Suites Normandin Qu\u00e9bec","item":"https:\/\/hotelnormandin.com\/en\/hotel-et-suites-normandin-quebec\/"},{"@type":"ListItem","position":3,"name":"Meeting rooms","item":"https:\/\/hotelnormandin.com\/en\/hotel-et-suites-normandin-quebec\/meeting-rooms\/"},{"@type":"ListItem","position":4,"name":"Request form"}]},{"@type":"WebSite","@id":"https:\/\/hotelnormandin.com\/#website","url":"https:\/\/hotelnormandin.com\/","name":"H\u00f4tel Normandin","description":"Chambres et suites avec un confort et une propret\u00e9 irr\u00e9prochables. Seul, en couple ou en famille, planifiez un s\u00e9jour confortable dans nos h\u00f4tels. Meilleur prix garanti. D\u00e9jeuner continental inclus. Forfaits disponibles.","publisher":{"@id":"https:\/\/hotelnormandin.com\/#organization"},"potentialAction":[{"@type":"SearchAction","target":{"@type":"EntryPoint","urlTemplate":"https:\/\/hotelnormandin.com\/?s={search_term_string}"},"query-input":"required name=search_term_string"}],"inLanguage":"en-US"},{"@type":"Organization","@id":"https:\/\/hotelnormandin.com\/#organization","name":"H\u00f4tel Normandin","url":"https:\/\/hotelnormandin.com\/","logo":{"@type":"ImageObject","inLanguage":"en-US","@id":"https:\/\/hotelnormandin.com\/#\/schema\/logo\/image\/","url":"https:\/\/hotelnormandin.com\/\/app\/uploads\/2023\/09\/logo_Les-Hotels-Normandin_site-web.png","contentUrl":"https:\/\/hotelnormandin.com\/\/app\/uploads\/2023\/09\/logo_Les-Hotels-Normandin_site-web.png","width":622,"height":168,"caption":"H\u00f4tel Normandin"},"image":{"@id":"https:\/\/hotelnormandin.com\/#\/schema\/logo\/image\/"},"sameAs":["https:\/\/www.facebook.com\/leshotelsnormandin\/"]}]}},"acf":{"contenu_flexible":[{"acf_fc_layout":"bloc_formulaires","titre":"Request form","formulaire":{"ID":3984,"post_author":"6","post_date":"2023-09-15 14:51:01","post_date_gmt":"2023-09-15 14:51:01","post_content":"<h3>General informations<\/h3>\r\n<div class=\"input-wrap\">\r\n  <label class=\"placeholder\" for=\"your-name\">First name and last name<\/label>\r\n  [text* your-name]\r\n<\/div>\r\n<div class=\"input-group\">\r\n  <div class=\"input-wrap\">\r\n    <span class=\"placeholder\" for=\"phone\">Phone number<\/span>\r\n    [tel phone]\r\n  <\/div>\r\n  <div class=\"input-wrap small\">\r\n    <span class=\"placeholder\" for=\"phone_ext\">Extension<\/span>\r\n    [text phone_ext]\r\n  <\/div>\r\n<\/div>\r\n<div class=\"input-wrap\">\r\n  <span class=\"placeholder\" for=\"your-email\">Email<\/span>\r\n  [email* your-email]\r\n<\/div>\r\n<div class=\"input-group\">\r\n  <div class=\"input-wrap\">\r\n    <span class=\"placeholder\">Arrival date<\/span>\r\n    <div class=\"input-icon align-end\">\r\n      <i class=\"fa-regular fa-calendar\"><\/i>\r\n    <\/div>\r\n    [date arrival-date placeholder \"JJ \/ MM \/ AAAA\"]\r\n  <\/div>\r\n  <div class=\"input-wrap\">\r\n    <span class=\"placeholder\">Departure date<\/span>\r\n    <div class=\"input-icon align-end\">\r\n      <i class=\"fa-regular fa-calendar\"><\/i>\r\n    <\/div>\r\n    [date date-departure placeholder \"JJ \/ MM \/ AAAA\"]\r\n  <\/div>\r\n<\/div>\r\n<div class=\"input-wrap\">\r\n  <div class=\"input-icon align-end\">\r\n    <i class=\"fa-regular fa-chevron-down\"><\/i>\r\n  <\/div>\r\n  <span class=\"placeholder\">Number of persons <\/span>\r\n  [select number-people \"2 to 4 people\" \"5 to 10 people\" \"11 to 20 people\" \"20 to 30 people\"]\r\n<\/div>\r\n<div class=\"input-wrap\">\r\n  <span class=\"placeholder\">Comments or special request to share us<\/span>\r\n  [textarea* message x4 class:input ]\r\n<\/div>\r\n<h3>Additional informations about your meeting<\/h3>\r\n\r\n<div class=\"input-wrap toggle-container\">\r\n  [checkbox fill-now class:toggle-switch label_first use_label_element \"You want to specify your needs? Click here.\"]\r\n<\/div>\r\n\r\n[group details-evenement class:details-evenement]\r\n  <div class=\"input-wrap\">\r\n    <div class=\"input-icon align-end\">\r\n      <i class=\"fa-regular fa-chevron-down\"><\/i>\r\n    <\/div>\r\n    <span class=\"placeholder\">Has your company ever hosted a meeting at our hotel? <\/span>\r\n    [select already-organized \"Yes\" \"No\" \"I don't know.\" ]\r\n  <\/div>\r\n  <div class=\"input-wrap\">\r\n    <div class=\"input-icon align-end\">\r\n      <i class=\"fa-regular fa-chevron-down\"><\/i>\r\n    <\/div>\r\n    <span class=\"placeholder\">Desired meeting room <\/span>\r\n    [select room \"Salon Normandin\" \"Salon Ex\u00e9cutif\" \"Suite Loft\" \"Suite Junior\" ]\r\n  <\/div>\r\n  <div class=\"input-wrap\">\r\n    <div class=\"input-icon align-end\">\r\n      <i class=\"fa-regular fa-chevron-down\"><\/i>\r\n    <\/div>\r\n    <span class=\"placeholder\">Meeting room set-up <\/span>\r\n    [select room-type \"Theater\" \"School\" \"U shape\" \"Conference\" ]\r\n  <\/div>\r\n  <div class=\"input-wrap\">\r\n    <div class=\"input-icon align-end\">\r\n      <i class=\"fa-regular fa-chevron-down\"><\/i>\r\n    <\/div>\r\n    <span class=\"placeholder\">Time of the day <\/span>\r\n    [select period \"Day\" \"Evening\" ]\r\n  <\/div>\r\n  <div class=\"input-wrap\">\r\n    <div class=\"input-icon align-end\">\r\n      <i class=\"fa-regular fa-chevron-down\"><\/i>\r\n    <\/div>\r\n    <span class=\"placeholder\">Type of meeting <\/span>\r\n    [select type-meeting \"Conference\" \"Training\" \"Brainstorm\" \"Arbitration\" \"Autre\" ]\r\n  <\/div>\r\n  <div class=\"input-wrap checkbox\">\r\n    <span class=\"placeholder\">Audiovisual equipment <\/span>\r\n    [checkbox Audiovisual-equipment use_label_element \"Television\" \"Projector\" \"Screen\" \"Flip chart\" \"Whiteboard\"]\r\n  <\/div>\r\n  <h4>Coffee break, meal and lodging<\/h4>\r\n  <div class=\"input-wrap checkbox\">\r\n    <span class=\"placeholder\">Do you need a coffee break? <\/span>\r\n    [checkbox break use_label_element \"Break AM\" \"Break PM\" \"Break evening\" \"Lunch\" ]\r\n  <\/div>\r\n  <div class=\"input-wrap\">\r\n    <div class=\"input-icon align-end\">\r\n      <i class=\"fa-regular fa-chevron-down\"><\/i>\r\n    <\/div>\r\n    <span class=\"placeholder\">Number of rooms <\/span>\r\n    [select room-number \"0 room\" \"1 to 5 rooms\" \"6 to 10 rooms\" \"11 to 20 rooms\" ]\r\n  <\/div>\r\n  <div class=\"input-wrap\">\r\n    <div class=\"input-icon align-end\">\r\n      <i class=\"fa-regular fa-chevron-down\"><\/i>\r\n    <\/div>\r\n    <span class=\"placeholder\">Approx. people to accommodate <\/span>\r\n    [select people-number \"1 to 5 people\" \"6 to 10 people\" \"11 to 20 people\" ]\r\n  <\/div>\r\n[\/group]\r\n<button type=\"submit\" class=\"button\">\r\n  Submit\r\n  <span class=\"fa-stack\">\r\n    <i class=\"fa-solid fa-circle fa-stack-2x\"><\/i>\r\n    <i class=\"fa-regular fa-arrow-right fa-stack-1x\"><\/i>\r\n  <\/span>\r\n<\/button>\n1\nDemande d'informations - Salles de r\u00e9union EN\ninfo@web.hotelnormandin.com\nvalerie.guillemette@hotelnormandin.com\nDe : [your-name] [your-email]\r\nSujet : Demande d'informations - Salle de r\u00e9union EN\r\n\r\nNom complet : [your-name]\r\nNum\u00e9ro de t\u00e9l\u00e9phone : [phone]\r\nPoste : [phone_ext]\r\nAdresse courriel : [your-email]\r\n\r\nDate d'arriv\u00e9e : [arrival-date]\r\nDate de d\u00e9part : [date-departure]\r\n\r\nNombre de personnes : [number-people]\r\n\r\nCommentaires : [message]\r\n\r\n\r\nInformations suppl\u00e9mentaires sur votre r\u00e9union\r\n\r\nVotre compagnie a-t-elle d\u00e9j\u00e0 organis\u00e9 une r\u00e9union dans notre h\u00f4tel? [already-organized]\r\nSalle souhait\u00e9e : [room]\r\nType de montage de la salle : [room-type]\r\nP\u00e9riode de location : [period]\r\nType de rencontre : [type-meeting]\r\n\u00c9quipement audiovisuel : [Audiovisual-equipment]\r\nD\u00e9sirez-vous une pause? [break]\r\nNombre de chambres : [room-number]\r\nNombre approx. de personnes \u00e0 h\u00e9berger : [people-number]\r\n\r\n-- \r\nThis e-mail was sent from a contact form on [_site_title] ([_site_url])\nReply-To: [your-email]\n\n\n\n\n[_site_title] \"[your-subject]\"\n[_site_title] <tomy@agencesudo.ca>\n[your-email]\nMessage Body:\r\n[your-message]\r\n\r\n-- \r\nThis e-mail was sent from a contact form on [_site_title] ([_site_url])\nReply-To: [_site_admin_email]\n\n\n\nThank you for your message. It has been sent.\nThere was an error trying to send your message. Please try again later.\nOne or more fields have an error. Please check and try again.\nThere was an error trying to send your message. Please try again later.\nYou must accept the terms and conditions before sending your message.\nPlease fill out this field.\nThis field has a too long input.\nThis field has a too short input.\nThere was an unknown error uploading the file.\nYou are not allowed to upload files of this type.\nThe uploaded file is too large.\nThere was an error uploading the file.\nPlease enter a date in YYYY-MM-DD format.\nThis field has a too early date.\nThis field has a too late date.\nPlease enter a number.\nThis field has a too small number.\nThis field has a too large number.\nThe answer to the quiz is incorrect.\nPlease enter an email address.\nPlease enter a URL.\nPlease enter a telephone number.","post_title":"Formulaire de demande d\u2019information - Salles de r\u00e9union EN","post_excerpt":"","post_status":"publish","comment_status":"closed","ping_status":"closed","post_password":"","post_name":"formulaire-de-demande-dinformation-salles-de-reunion_copy","to_ping":"","pinged":"","post_modified":"2026-01-26 15:22:17","post_modified_gmt":"2026-01-26 20:22:17","post_content_filtered":"","post_parent":0,"guid":"https:\/\/hotelnormandin.com\/?post_type=wpcf7_contact_form&#038;p=3984","menu_order":0,"post_type":"wpcf7_contact_form","post_mime_type":"","comment_count":"0","filter":"raw"},"additionnel_message":""}],"titre":"Meeting rooms rental <br> Request form","bloc_gauche_titre":"Would you like to organize a corporate meeting at the H\u00f4tel & Suites Normandin Qu\u00e9bec?","bloc_gauche_texte":"We invite you to fill out the form below to share us your needs. Our team will be happy to contact you as soon as possible.\r\n","bloc_gauche_titre_bouton":"Fill the form","bloc_gauche_lien_bouton":"#formulaire","bloc_droite_titre":"PDF meeting rooms Guide","bloc_droite_texte":"Our meeting rooms and capacity, coffee breaks, audiovisual equipment... Everything in one document!","bloc_droite_titre_bouton":"Download our Guide (fr)","bloc_droite_lien_bouton":"https:\/\/hotelnormandin.com\/app\/uploads\/2023\/09\/guide-web_Salles-de-re\u0301union_HSN-Que\u0301bec.pdf"},"_links":{"self":[{"href":"https:\/\/hotelnormandin.com\/en\/wp-json\/wp\/v2\/pages\/3985"}],"collection":[{"href":"https:\/\/hotelnormandin.com\/en\/wp-json\/wp\/v2\/pages"}],"about":[{"href":"https:\/\/hotelnormandin.com\/en\/wp-json\/wp\/v2\/types\/page"}],"author":[{"embeddable":true,"href":"https:\/\/hotelnormandin.com\/en\/wp-json\/wp\/v2\/users\/3"}],"replies":[{"embeddable":true,"href":"https:\/\/hotelnormandin.com\/en\/wp-json\/wp\/v2\/comments?post=3985"}],"version-history":[{"count":6,"href":"https:\/\/hotelnormandin.com\/en\/wp-json\/wp\/v2\/pages\/3985\/revisions"}],"predecessor-version":[{"id":3992,"href":"https:\/\/hotelnormandin.com\/en\/wp-json\/wp\/v2\/pages\/3985\/revisions\/3992"}],"up":[{"embeddable":true,"href":"https:\/\/hotelnormandin.com\/en\/wp-json\/wp\/v2\/pages\/3154"}],"wp:attachment":[{"href":"https:\/\/hotelnormandin.com\/en\/wp-json\/wp\/v2\/media?parent=3985"}],"curies":[{"name":"wp","href":"https:\/\/api.w.org\/{rel}","templated":true}]}}