{"id":3978,"date":"2023-03-10T18:08:30","date_gmt":"2023-03-10T18:08:30","guid":{"rendered":"https:\/\/hotelnormandin.com\/reservation-de-groupe\/"},"modified":"2023-11-28T19:53:04","modified_gmt":"2023-11-28T19:53:04","slug":"group-reservation","status":"publish","type":"page","link":"https:\/\/hotelnormandin.com\/en\/group-reservation\/","title":{"rendered":"Group reservation"},"content":{"rendered":"","protected":false},"excerpt":{"rendered":"","protected":false},"author":3,"featured_media":0,"parent":0,"menu_order":0,"comment_status":"closed","ping_status":"closed","template":"template\/template-group-booking.php","meta":{"footnotes":""},"yoast_head":"<!-- This site is optimized with the Yoast SEO plugin v21.8 - https:\/\/yoast.com\/wordpress\/plugins\/seo\/ -->\n<title>Group reservation - Les H\u00f4tels Normandin<\/title>\n<meta name=\"robots\" content=\"index, follow, max-snippet:-1, max-image-preview:large, max-video-preview:-1\" \/>\n<link rel=\"canonical\" href=\"https:\/\/hotelnormandin.com\/en\/group-reservation\/\" \/>\n<meta property=\"og:locale\" content=\"en_US\" \/>\n<meta property=\"og:type\" content=\"article\" \/>\n<meta property=\"og:title\" content=\"Group reservation - Les H\u00f4tels Normandin\" \/>\n<meta property=\"og:url\" content=\"https:\/\/hotelnormandin.com\/en\/group-reservation\/\" \/>\n<meta property=\"og:site_name\" content=\"Les H\u00f4tels Normandin\" \/>\n<meta property=\"article:publisher\" content=\"https:\/\/www.facebook.com\/leshotelsnormandin\/\" \/>\n<meta property=\"article:modified_time\" content=\"2023-11-28T19:53:04+00:00\" \/>\n<meta property=\"og:image\" content=\"https:\/\/hotelnormandin.com\/\/app\/uploads\/2023\/03\/hotel-suites-normandin-levis-facade-logo.png\" \/>\n\t<meta property=\"og:image:width\" content=\"1761\" \/>\n\t<meta property=\"og:image:height\" content=\"929\" \/>\n\t<meta property=\"og:image:type\" content=\"image\/png\" \/>\n<meta name=\"twitter:card\" content=\"summary_large_image\" \/>\n<script type=\"application\/ld+json\" class=\"yoast-schema-graph\">{\"@context\":\"https:\/\/schema.org\",\"@graph\":[{\"@type\":\"WebPage\",\"@id\":\"https:\/\/hotelnormandin.com\/en\/group-reservation\/\",\"url\":\"https:\/\/hotelnormandin.com\/en\/group-reservation\/\",\"name\":\"Group reservation - Les H\u00f4tels Normandin\",\"isPartOf\":{\"@id\":\"https:\/\/hotelnormandin.com\/#website\"},\"datePublished\":\"2023-03-10T18:08:30+00:00\",\"dateModified\":\"2023-11-28T19:53:04+00:00\",\"breadcrumb\":{\"@id\":\"https:\/\/hotelnormandin.com\/en\/group-reservation\/#breadcrumb\"},\"inLanguage\":\"en-US\",\"potentialAction\":[{\"@type\":\"ReadAction\",\"target\":[\"https:\/\/hotelnormandin.com\/en\/group-reservation\/\"]}]},{\"@type\":\"BreadcrumbList\",\"@id\":\"https:\/\/hotelnormandin.com\/en\/group-reservation\/#breadcrumb\",\"itemListElement\":[{\"@type\":\"ListItem\",\"position\":1,\"name\":\"Home\",\"item\":\"https:\/\/hotelnormandin.com\/en\/\"},{\"@type\":\"ListItem\",\"position\":2,\"name\":\"Group reservation\"}]},{\"@type\":\"WebSite\",\"@id\":\"https:\/\/hotelnormandin.com\/#website\",\"url\":\"https:\/\/hotelnormandin.com\/\",\"name\":\"H\u00f4tel Normandin\",\"description\":\"Chambres et suites avec un confort et une propret\u00e9 irr\u00e9prochables. Seul, en couple ou en famille, planifiez un s\u00e9jour confortable dans nos h\u00f4tels. Meilleur prix garanti. D\u00e9jeuner continental inclus. Forfaits disponibles.\",\"publisher\":{\"@id\":\"https:\/\/hotelnormandin.com\/#organization\"},\"potentialAction\":[{\"@type\":\"SearchAction\",\"target\":{\"@type\":\"EntryPoint\",\"urlTemplate\":\"https:\/\/hotelnormandin.com\/?s={search_term_string}\"},\"query-input\":\"required name=search_term_string\"}],\"inLanguage\":\"en-US\"},{\"@type\":\"Organization\",\"@id\":\"https:\/\/hotelnormandin.com\/#organization\",\"name\":\"H\u00f4tel Normandin\",\"url\":\"https:\/\/hotelnormandin.com\/\",\"logo\":{\"@type\":\"ImageObject\",\"inLanguage\":\"en-US\",\"@id\":\"https:\/\/hotelnormandin.com\/#\/schema\/logo\/image\/\",\"url\":\"https:\/\/hotelnormandin.com\/\/app\/uploads\/2023\/09\/logo_Les-Hotels-Normandin_site-web.png\",\"contentUrl\":\"https:\/\/hotelnormandin.com\/\/app\/uploads\/2023\/09\/logo_Les-Hotels-Normandin_site-web.png\",\"width\":622,\"height\":168,\"caption\":\"H\u00f4tel Normandin\"},\"image\":{\"@id\":\"https:\/\/hotelnormandin.com\/#\/schema\/logo\/image\/\"},\"sameAs\":[\"https:\/\/www.facebook.com\/leshotelsnormandin\/\"]}]}<\/script>\n<!-- \/ Yoast SEO plugin. -->","yoast_head_json":{"title":"Group reservation - Les H\u00f4tels Normandin","robots":{"index":"index","follow":"follow","max-snippet":"max-snippet:-1","max-image-preview":"max-image-preview:large","max-video-preview":"max-video-preview:-1"},"canonical":"https:\/\/hotelnormandin.com\/en\/group-reservation\/","og_locale":"en_US","og_type":"article","og_title":"Group reservation - Les H\u00f4tels Normandin","og_url":"https:\/\/hotelnormandin.com\/en\/group-reservation\/","og_site_name":"Les H\u00f4tels Normandin","article_publisher":"https:\/\/www.facebook.com\/leshotelsnormandin\/","article_modified_time":"2023-11-28T19:53:04+00:00","og_image":[{"width":1761,"height":929,"url":"https:\/\/hotelnormandin.com\/\/app\/uploads\/2023\/03\/hotel-suites-normandin-levis-facade-logo.png","type":"image\/png"}],"twitter_card":"summary_large_image","schema":{"@context":"https:\/\/schema.org","@graph":[{"@type":"WebPage","@id":"https:\/\/hotelnormandin.com\/en\/group-reservation\/","url":"https:\/\/hotelnormandin.com\/en\/group-reservation\/","name":"Group reservation - Les H\u00f4tels Normandin","isPartOf":{"@id":"https:\/\/hotelnormandin.com\/#website"},"datePublished":"2023-03-10T18:08:30+00:00","dateModified":"2023-11-28T19:53:04+00:00","breadcrumb":{"@id":"https:\/\/hotelnormandin.com\/en\/group-reservation\/#breadcrumb"},"inLanguage":"en-US","potentialAction":[{"@type":"ReadAction","target":["https:\/\/hotelnormandin.com\/en\/group-reservation\/"]}]},{"@type":"BreadcrumbList","@id":"https:\/\/hotelnormandin.com\/en\/group-reservation\/#breadcrumb","itemListElement":[{"@type":"ListItem","position":1,"name":"Home","item":"https:\/\/hotelnormandin.com\/en\/"},{"@type":"ListItem","position":2,"name":"Group reservation"}]},{"@type":"WebSite","@id":"https:\/\/hotelnormandin.com\/#website","url":"https:\/\/hotelnormandin.com\/","name":"H\u00f4tel Normandin","description":"Chambres et suites avec un confort et une propret\u00e9 irr\u00e9prochables. Seul, en couple ou en famille, planifiez un s\u00e9jour confortable dans nos h\u00f4tels. Meilleur prix garanti. D\u00e9jeuner continental inclus. Forfaits disponibles.","publisher":{"@id":"https:\/\/hotelnormandin.com\/#organization"},"potentialAction":[{"@type":"SearchAction","target":{"@type":"EntryPoint","urlTemplate":"https:\/\/hotelnormandin.com\/?s={search_term_string}"},"query-input":"required name=search_term_string"}],"inLanguage":"en-US"},{"@type":"Organization","@id":"https:\/\/hotelnormandin.com\/#organization","name":"H\u00f4tel Normandin","url":"https:\/\/hotelnormandin.com\/","logo":{"@type":"ImageObject","inLanguage":"en-US","@id":"https:\/\/hotelnormandin.com\/#\/schema\/logo\/image\/","url":"https:\/\/hotelnormandin.com\/\/app\/uploads\/2023\/09\/logo_Les-Hotels-Normandin_site-web.png","contentUrl":"https:\/\/hotelnormandin.com\/\/app\/uploads\/2023\/09\/logo_Les-Hotels-Normandin_site-web.png","width":622,"height":168,"caption":"H\u00f4tel Normandin"},"image":{"@id":"https:\/\/hotelnormandin.com\/#\/schema\/logo\/image\/"},"sameAs":["https:\/\/www.facebook.com\/leshotelsnormandin\/"]}]}},"acf":{"contenu_flexible":[{"acf_fc_layout":"bloc_formulaires","titre":"Request form","formulaire":{"ID":3976,"post_author":"6","post_date":"2023-09-15 14:22:06","post_date_gmt":"2023-09-15 14:22:06","post_content":"<div class=\"input-wrap\">\r\n  <label class=\"placeholder\" for=\"your-name\">First name and name<\/label>\r\n  [text* your-name]\r\n<\/div>\r\n<div class=\"input-group\">\r\n  <div class=\"input-wrap\">\r\n    <span class=\"placeholder\" for=\"phone\">Phone number<\/span>\r\n    [tel phone]\r\n  <\/div>\r\n  <div class=\"input-wrap small\">\r\n    <span class=\"placeholder\" for=\"phone_ext\">Extension<\/span>\r\n    [text phone_ext]\r\n  <\/div>\r\n<\/div>\r\n<div class=\"input-wrap\">\r\n  <span class=\"placeholder\" for=\"your-email\">Email<\/span>\r\n  [email* your-email]\r\n<\/div>\r\n <div class=\"input-wrap checkbox\">\r\n    <span class=\"placeholder\">Where would you like to stay? <\/span>\r\n    [checkbox* your-hotel use_label_element \"H\u00f4tel & Suites Normandin Qu\u00e9bec|michael.legare@hotelnormandin.com\" \"H\u00f4tel & Suites Normandin L\u00e9vis|manon.dion@hotelnormandin.com\" \"N H\u00f4tel Qu\u00e9bec|michael.legare@hotelnormandin.com\" \"H\u00f4tel-Motel Normandin Alma|michael.legare@hotelnormandin.com\"]\r\n<\/div>\r\n<div class=\"input-group\">\r\n  <div class=\"input-wrap\">\r\n    <span class=\"placeholder\">Arrival date<\/span>\r\n    <div class=\"input-icon align-end\">\r\n      <i class=\"fa-regular fa-calendar\"><\/i>\r\n    <\/div>\r\n    [date arrival-date placeholder \"JJ \/ MM \/ AAAA\"]\r\n  <\/div>\r\n  <div class=\"input-wrap\">\r\n    <span class=\"placeholder\">Departure date<\/span>\r\n    <div class=\"input-icon align-end\">\r\n      <i class=\"fa-regular fa-calendar\"><\/i>\r\n    <\/div>\r\n    [date date-departure placeholder \"JJ \/ MM \/ AAAA\"]\r\n  <\/div>\r\n<\/div>\r\n<div class=\"input-wrap\">\r\n  <div class=\"input-icon align-end\">\r\n    <i class=\"fa-regular fa-chevron-down\"><\/i>\r\n  <\/div>\r\n  <span class=\"placeholder\">Approximate number of people <\/span>\r\n  [select number-person \"4 to 10 people\" \"11 to 20 people\" \"More than 20 people\" ]\r\n<\/div>\r\n<div class=\"input-wrap\">\r\n  <div class=\"input-icon align-end\">\r\n    <i class=\"fa-regular fa-chevron-down\"><\/i>\r\n  <\/div>\r\n  <span class=\"placeholder\">Type of group <\/span>\r\n  [select group-type \"Sports\" \"Business\" \"Friends or family\" \"Other\" ]\r\n<\/div>\r\n<div class=\"input-wrap\">\r\n  <span class=\"placeholder\" for=\"group-name\">Name of your group<\/span>\r\n  [text* group-name]\r\n<\/div>\r\n<div class=\"input-wrap\">\r\n  <span class=\"placeholder\">Comments<\/span>\r\n  [textarea* message x4 class:input ]\r\n<\/div>\r\n<button type=\"submit\" class=\"button\">\r\n  Submit \r\n  <span class=\"fa-stack\">\r\n    <i class=\"fa-solid fa-circle fa-stack-2x\"><\/i>\r\n    <i class=\"fa-regular fa-arrow-right fa-stack-1x\"><\/i>\r\n  <\/span>\r\n<\/button>\n1\nDemande de r\u00e9servation de groupe EN\ninfo@web.hotelnormandin.com\n[your-hotel]\nDe : [your-name] [your-email]\r\nSujet : Demande de r\u00e9servation de groupe \r\n\r\nNom complet : [your-name]\r\nAdresse courriel : [your-email]\r\nNum\u00e9ro de t\u00e9l\u00e9phone : [phone]\r\nPoste : [phone_ext]\r\n\r\nDans lequel\/lesquels de nos h\u00f4tels aimeriez-vous s\u00e9journer?\r\n[_raw_your-hotel]\r\n\r\nDate d'arriv\u00e9e\r\n[arrival-date]\r\n\r\nDate de d\u00e9part\r\n[date-departure]\r\n\r\nNombre approximatif de personnes\r\n[number-person]\r\n\r\nType de groupe\r\n[group-type]\r\n\r\nNom du groupe\r\n[group-name]\r\n\r\nCommentaires : [message]\r\n\r\n-- \r\nThis e-mail was sent from a contact form on [_site_title] ([_site_url])\nReply-To: [your-email]\n\n\n\n\n[_site_title] \"[your-subject]\"\n[_site_title] <tomy@agencesudo.ca>\n[your-email]\nMessage Body:\r\n[your-message]\r\n\r\n-- \r\nThis e-mail was sent from a contact form on [_site_title] ([_site_url])\nReply-To: [_site_admin_email]\n\n\n\nThank you for your message. It has been sent.\nThere was an error trying to send your message. Please try again later.\nOne or more fields have an error. Please check and try again.\nThere was an error trying to send your message. Please try again later.\nYou must accept the terms and conditions before sending your message.\nPlease fill out this field.\nThis field has a too long input.\nThis field has a too short input.\nThere was an unknown error uploading the file.\nYou are not allowed to upload files of this type.\nThe uploaded file is too large.\nThere was an error uploading the file.\nPlease enter a date in YYYY-MM-DD format.\nThis field has a too early date.\nThis field has a too late date.\nPlease enter a number.\nThis field has a too small number.\nThis field has a too large number.\nThe answer to the quiz is incorrect.\nPlease enter an email address.\nPlease enter a URL.\nPlease enter a telephone number.","post_title":"Formulaire de demande de r\u00e9servation de groupe EN","post_excerpt":"","post_status":"publish","comment_status":"closed","ping_status":"closed","post_password":"","post_name":"formulaire-de-demande-de-reservation_copy","to_ping":"","pinged":"","post_modified":"2024-01-22 09:11:58","post_modified_gmt":"2024-01-22 14:11:58","post_content_filtered":"","post_parent":0,"guid":"https:\/\/hotelnormandin.com\/?post_type=wpcf7_contact_form&#038;p=3976","menu_order":0,"post_type":"wpcf7_contact_form","post_mime_type":"","comment_count":"0","filter":"raw"},"additionnel_message":""},{"acf_fc_layout":"bloc_faq","image":{"ID":1922,"id":1922,"title":"dejeuner-continental-hotel-et-suites-normandin-levis-2","filename":"dejeuner-continental-hotel-et-suites-normandin-levis-2.jpg","filesize":261143,"url":"https:\/\/hotelnormandin.com\/\/app\/uploads\/2023\/05\/dejeuner-continental-hotel-et-suites-normandin-levis-2.jpg","link":"https:\/\/hotelnormandin.com\/en\/group-reservation\/normandin-fichier-finaux-68-2\/","alt":"D\u00e9jeuner continental \u00e0 l'H\u00f4tel & Suites Normandin L\u00e9vis.","author":"6","description":"","caption":"","name":"normandin-fichier-finaux-68-2","status":"inherit","uploaded_to":3978,"date":"2023-05-24 17:47:12","modified":"2023-09-25 18:34:16","menu_order":0,"mime_type":"image\/jpeg","type":"image","subtype":"jpeg","icon":"https:\/\/hotelnormandin.com\/wp\/wp-includes\/images\/media\/default.png","width":2400,"height":1600,"sizes":{"thumbnail":"https:\/\/hotelnormandin.com\/\/app\/uploads\/2023\/05\/dejeuner-continental-hotel-et-suites-normandin-levis-2-150x150.jpg","thumbnail-width":150,"thumbnail-height":150,"medium":"https:\/\/hotelnormandin.com\/\/app\/uploads\/2023\/05\/dejeuner-continental-hotel-et-suites-normandin-levis-2-300x200.jpg","medium-width":300,"medium-height":200,"medium_large":"https:\/\/hotelnormandin.com\/\/app\/uploads\/2023\/05\/dejeuner-continental-hotel-et-suites-normandin-levis-2-768x512.jpg","medium_large-width":768,"medium_large-height":512,"large":"https:\/\/hotelnormandin.com\/\/app\/uploads\/2023\/05\/dejeuner-continental-hotel-et-suites-normandin-levis-2-1024x683.jpg","large-width":1024,"large-height":683,"1536x1536":"https:\/\/hotelnormandin.com\/\/app\/uploads\/2023\/05\/dejeuner-continental-hotel-et-suites-normandin-levis-2-1536x1024.jpg","1536x1536-width":1536,"1536x1536-height":1024,"2048x2048":"https:\/\/hotelnormandin.com\/\/app\/uploads\/2023\/05\/dejeuner-continental-hotel-et-suites-normandin-levis-2-2048x1365.jpg","2048x2048-width":2048,"2048x2048-height":1365}},"surtitre":"Questions?","titre":"The answer is might be here.","texte":"To help you prepare your stay with us, we have collected the most frequently asked questions.","telephone":"1 800 463-6721","faqs":[{"question":"What types of groups do you accept?","reponse":"<p>Several types of groupe are welcome : sports, business, family&#8230;<\/p>\n"},{"question":"How can I book?","reponse":"<p>You can first fill out the reservation request form. This way, our colleagues from the sales department will be able to learn more about your needs, check availability and follow up with you. Would you prefer to share your request with us orally? Contact us by phone from Monday to Friday between 9:30am and 4:30pm.<\/p>\n"},{"question":"What is the cancellation policy for a group reservation?","reponse":"<p>Our colleagues from the sales department will be able to establish it depending on the type of reservation made.<\/p>\n"}]}],"titre":"Group <br> reservation","image":{"ID":1904,"id":1904,"title":"employe-client-hotel-et-suites-normandin-quebec","filename":"employe-client-hotel-et-suites-normandin-quebec.jpg","filesize":249369,"url":"https:\/\/hotelnormandin.com\/\/app\/uploads\/2023\/05\/employe-client-hotel-et-suites-normandin-quebec.jpg","link":"https:\/\/hotelnormandin.com\/en\/group-reservation\/normandin-fichier-finaux-66-2\/","alt":"Employ\u00e9 qui accueille un client \u00e0 l'H\u00f4tel & Suites Normandin Qu\u00e9bec.","author":"6","description":"","caption":"","name":"normandin-fichier-finaux-66-2","status":"inherit","uploaded_to":3978,"date":"2023-05-24 16:02:00","modified":"2023-09-20 20:54:12","menu_order":0,"mime_type":"image\/jpeg","type":"image","subtype":"jpeg","icon":"https:\/\/hotelnormandin.com\/wp\/wp-includes\/images\/media\/default.png","width":1800,"height":1000,"sizes":{"thumbnail":"https:\/\/hotelnormandin.com\/\/app\/uploads\/2023\/05\/employe-client-hotel-et-suites-normandin-quebec-150x150.jpg","thumbnail-width":150,"thumbnail-height":150,"medium":"https:\/\/hotelnormandin.com\/\/app\/uploads\/2023\/05\/employe-client-hotel-et-suites-normandin-quebec-300x167.jpg","medium-width":300,"medium-height":167,"medium_large":"https:\/\/hotelnormandin.com\/\/app\/uploads\/2023\/05\/employe-client-hotel-et-suites-normandin-quebec-768x427.jpg","medium_large-width":768,"medium_large-height":427,"large":"https:\/\/hotelnormandin.com\/\/app\/uploads\/2023\/05\/employe-client-hotel-et-suites-normandin-quebec-1024x569.jpg","large-width":1024,"large-height":569,"1536x1536":"https:\/\/hotelnormandin.com\/\/app\/uploads\/2023\/05\/employe-client-hotel-et-suites-normandin-quebec-1536x853.jpg","1536x1536-width":1536,"1536x1536-height":853,"2048x2048":"https:\/\/hotelnormandin.com\/\/app\/uploads\/2023\/05\/employe-client-hotel-et-suites-normandin-quebec.jpg","2048x2048-width":1800,"2048x2048-height":1000}},"titre_banniere":"Sports group? Business? Family? <br> Share us your needs and we will be happy to help you find what suits you best.","texte_banniere":"<br> By phone from Monday to Friday, between 9:30am and 5pm.\r\n<br> Ask to speak to our Groups Coordinator.\r\n<br> > Qu\u00e9bec (2 hotels) : 418 622-1611 | 1 800 463-6721\r\n<br> > L\u00e9vis : 418 831-3119 | 1 800 749-3119 <br>\r\n<br> A reservation of 3 rooms or more is considered a group. Please note that the cancellation policy for a group reservation differs from the cancellation policy for an individual reservation.","titre_bouton":"Fill the form","ajouter_section_avantage":true,"petite_image":{"ID":4132,"id":4132,"title":"employe-client-reception-quebec-2","filename":"employe-client-reception-quebec-2.jpg","filesize":143069,"url":"https:\/\/hotelnormandin.com\/\/app\/uploads\/2023\/09\/employe-client-reception-quebec-2.jpg","link":"https:\/\/hotelnormandin.com\/en\/group-reservation\/employe-client-reception-quebec-2-2\/","alt":"","author":"6","description":"","caption":"","name":"employe-client-reception-quebec-2-2","status":"inherit","uploaded_to":3978,"date":"2023-09-28 21:19:36","modified":"2023-09-28 21:19:36","menu_order":0,"mime_type":"image\/jpeg","type":"image","subtype":"jpeg","icon":"https:\/\/hotelnormandin.com\/wp\/wp-includes\/images\/media\/default.png","width":730,"height":580,"sizes":{"thumbnail":"https:\/\/hotelnormandin.com\/\/app\/uploads\/2023\/09\/employe-client-reception-quebec-2-150x150.jpg","thumbnail-width":150,"thumbnail-height":150,"medium":"https:\/\/hotelnormandin.com\/\/app\/uploads\/2023\/09\/employe-client-reception-quebec-2-300x238.jpg","medium-width":300,"medium-height":238,"medium_large":"https:\/\/hotelnormandin.com\/\/app\/uploads\/2023\/09\/employe-client-reception-quebec-2.jpg","medium_large-width":730,"medium_large-height":580,"large":"https:\/\/hotelnormandin.com\/\/app\/uploads\/2023\/09\/employe-client-reception-quebec-2.jpg","large-width":730,"large-height":580,"1536x1536":"https:\/\/hotelnormandin.com\/\/app\/uploads\/2023\/09\/employe-client-reception-quebec-2.jpg","1536x1536-width":730,"1536x1536-height":580,"2048x2048":"https:\/\/hotelnormandin.com\/\/app\/uploads\/2023\/09\/employe-client-reception-quebec-2.jpg","2048x2048-width":730,"2048x2048-height":580}},"titre_section_avantage":"Advantages <br> to book here","avantages":[{"icone":"fa-solid fa-circle-1","titre":"Several hotels","description":"We have no rooms in the hotel you wanted to book in? We may have in another one."},{"icone":"fa-solid fa-circle-2","titre":"Large parking","description":"Easy to access and free of charge!"},{"icone":"fa-solid fa-circle-3","titre":"Experience","description":"We have welcomed so many groups. We will be happy to assist you with your request."}]},"_links":{"self":[{"href":"https:\/\/hotelnormandin.com\/en\/wp-json\/wp\/v2\/pages\/3978"}],"collection":[{"href":"https:\/\/hotelnormandin.com\/en\/wp-json\/wp\/v2\/pages"}],"about":[{"href":"https:\/\/hotelnormandin.com\/en\/wp-json\/wp\/v2\/types\/page"}],"author":[{"embeddable":true,"href":"https:\/\/hotelnormandin.com\/en\/wp-json\/wp\/v2\/users\/3"}],"replies":[{"embeddable":true,"href":"https:\/\/hotelnormandin.com\/en\/wp-json\/wp\/v2\/comments?post=3978"}],"version-history":[{"count":6,"href":"https:\/\/hotelnormandin.com\/en\/wp-json\/wp\/v2\/pages\/3978\/revisions"}],"predecessor-version":[{"id":4429,"href":"https:\/\/hotelnormandin.com\/en\/wp-json\/wp\/v2\/pages\/3978\/revisions\/4429"}],"wp:attachment":[{"href":"https:\/\/hotelnormandin.com\/en\/wp-json\/wp\/v2\/media?parent=3978"}],"curies":[{"name":"wp","href":"https:\/\/api.w.org\/{rel}","templated":true}]}}