{"id":3882,"date":"2023-09-12T18:33:16","date_gmt":"2023-09-12T18:33:16","guid":{"rendered":"https:\/\/hotelnormandin.com\/n-hotel-quebec\/services\/rabais-dejeuner\/"},"modified":"2023-11-28T20:05:25","modified_gmt":"2023-11-28T20:05:25","slug":"breakfast-discount","status":"publish","type":"page","link":"https:\/\/hotelnormandin.com\/en\/n-hotel-quebec\/services\/breakfast-discount\/","title":{"rendered":"Breakfast discount"},"content":{"rendered":"","protected":false},"excerpt":{"rendered":"","protected":false},"author":6,"featured_media":0,"parent":3876,"menu_order":5,"comment_status":"closed","ping_status":"closed","template":"","meta":{"footnotes":""},"yoast_head":"<!-- This site is optimized with the Yoast SEO plugin v21.8 - https:\/\/yoast.com\/wordpress\/plugins\/seo\/ -->\n<title>Breakfast discount - Les H\u00f4tels Normandin<\/title>\n<meta name=\"robots\" content=\"index, follow, max-snippet:-1, max-image-preview:large, max-video-preview:-1\" \/>\n<link rel=\"canonical\" href=\"https:\/\/hotelnormandin.com\/en\/n-hotel-quebec\/services\/breakfast-discount\/\" \/>\n<meta property=\"og:locale\" content=\"en_US\" \/>\n<meta property=\"og:type\" content=\"article\" \/>\n<meta property=\"og:title\" content=\"Breakfast discount - Les H\u00f4tels Normandin\" \/>\n<meta property=\"og:url\" content=\"https:\/\/hotelnormandin.com\/en\/n-hotel-quebec\/services\/breakfast-discount\/\" \/>\n<meta property=\"og:site_name\" content=\"Les H\u00f4tels Normandin\" \/>\n<meta property=\"article:publisher\" content=\"https:\/\/www.facebook.com\/leshotelsnormandin\/\" \/>\n<meta property=\"article:modified_time\" content=\"2023-11-28T20:05:25+00:00\" \/>\n<meta property=\"og:image\" content=\"https:\/\/hotelnormandin.com\/\/app\/uploads\/2023\/03\/hotel-suites-normandin-levis-facade-logo.png\" \/>\n\t<meta property=\"og:image:width\" content=\"1761\" \/>\n\t<meta property=\"og:image:height\" content=\"929\" \/>\n\t<meta property=\"og:image:type\" content=\"image\/png\" \/>\n<meta name=\"twitter:card\" content=\"summary_large_image\" \/>\n<script type=\"application\/ld+json\" class=\"yoast-schema-graph\">{\"@context\":\"https:\/\/schema.org\",\"@graph\":[{\"@type\":\"WebPage\",\"@id\":\"https:\/\/hotelnormandin.com\/en\/n-hotel-quebec\/services\/breakfast-discount\/\",\"url\":\"https:\/\/hotelnormandin.com\/en\/n-hotel-quebec\/services\/breakfast-discount\/\",\"name\":\"Breakfast discount - Les H\u00f4tels Normandin\",\"isPartOf\":{\"@id\":\"https:\/\/hotelnormandin.com\/#website\"},\"datePublished\":\"2023-09-12T18:33:16+00:00\",\"dateModified\":\"2023-11-28T20:05:25+00:00\",\"breadcrumb\":{\"@id\":\"https:\/\/hotelnormandin.com\/en\/n-hotel-quebec\/services\/breakfast-discount\/#breadcrumb\"},\"inLanguage\":\"en-US\",\"potentialAction\":[{\"@type\":\"ReadAction\",\"target\":[\"https:\/\/hotelnormandin.com\/en\/n-hotel-quebec\/services\/breakfast-discount\/\"]}]},{\"@type\":\"BreadcrumbList\",\"@id\":\"https:\/\/hotelnormandin.com\/en\/n-hotel-quebec\/services\/breakfast-discount\/#breadcrumb\",\"itemListElement\":[{\"@type\":\"ListItem\",\"position\":1,\"name\":\"Home\",\"item\":\"https:\/\/hotelnormandin.com\/en\/\"},{\"@type\":\"ListItem\",\"position\":2,\"name\":\"N H\u00f4tel Qu\u00e9bec\",\"item\":\"https:\/\/hotelnormandin.com\/en\/n-hotel-quebec\/\"},{\"@type\":\"ListItem\",\"position\":3,\"name\":\"Services\",\"item\":\"https:\/\/hotelnormandin.com\/en\/n-hotel-quebec\/services\/\"},{\"@type\":\"ListItem\",\"position\":4,\"name\":\"Breakfast discount\"}]},{\"@type\":\"WebSite\",\"@id\":\"https:\/\/hotelnormandin.com\/#website\",\"url\":\"https:\/\/hotelnormandin.com\/\",\"name\":\"H\u00f4tel Normandin\",\"description\":\"Chambres et suites avec un confort et une propret\u00e9 irr\u00e9prochables. Seul, en couple ou en famille, planifiez un s\u00e9jour confortable dans nos h\u00f4tels. Meilleur prix garanti. D\u00e9jeuner continental inclus. Forfaits disponibles.\",\"publisher\":{\"@id\":\"https:\/\/hotelnormandin.com\/#organization\"},\"potentialAction\":[{\"@type\":\"SearchAction\",\"target\":{\"@type\":\"EntryPoint\",\"urlTemplate\":\"https:\/\/hotelnormandin.com\/?s={search_term_string}\"},\"query-input\":\"required name=search_term_string\"}],\"inLanguage\":\"en-US\"},{\"@type\":\"Organization\",\"@id\":\"https:\/\/hotelnormandin.com\/#organization\",\"name\":\"H\u00f4tel Normandin\",\"url\":\"https:\/\/hotelnormandin.com\/\",\"logo\":{\"@type\":\"ImageObject\",\"inLanguage\":\"en-US\",\"@id\":\"https:\/\/hotelnormandin.com\/#\/schema\/logo\/image\/\",\"url\":\"https:\/\/hotelnormandin.com\/\/app\/uploads\/2023\/09\/logo_Les-Hotels-Normandin_site-web.png\",\"contentUrl\":\"https:\/\/hotelnormandin.com\/\/app\/uploads\/2023\/09\/logo_Les-Hotels-Normandin_site-web.png\",\"width\":622,\"height\":168,\"caption\":\"H\u00f4tel Normandin\"},\"image\":{\"@id\":\"https:\/\/hotelnormandin.com\/#\/schema\/logo\/image\/\"},\"sameAs\":[\"https:\/\/www.facebook.com\/leshotelsnormandin\/\"]}]}<\/script>\n<!-- \/ Yoast SEO plugin. -->","yoast_head_json":{"title":"Breakfast discount - Les H\u00f4tels Normandin","robots":{"index":"index","follow":"follow","max-snippet":"max-snippet:-1","max-image-preview":"max-image-preview:large","max-video-preview":"max-video-preview:-1"},"canonical":"https:\/\/hotelnormandin.com\/en\/n-hotel-quebec\/services\/breakfast-discount\/","og_locale":"en_US","og_type":"article","og_title":"Breakfast discount - Les H\u00f4tels Normandin","og_url":"https:\/\/hotelnormandin.com\/en\/n-hotel-quebec\/services\/breakfast-discount\/","og_site_name":"Les H\u00f4tels Normandin","article_publisher":"https:\/\/www.facebook.com\/leshotelsnormandin\/","article_modified_time":"2023-11-28T20:05:25+00:00","og_image":[{"width":1761,"height":929,"url":"https:\/\/hotelnormandin.com\/\/app\/uploads\/2023\/03\/hotel-suites-normandin-levis-facade-logo.png","type":"image\/png"}],"twitter_card":"summary_large_image","schema":{"@context":"https:\/\/schema.org","@graph":[{"@type":"WebPage","@id":"https:\/\/hotelnormandin.com\/en\/n-hotel-quebec\/services\/breakfast-discount\/","url":"https:\/\/hotelnormandin.com\/en\/n-hotel-quebec\/services\/breakfast-discount\/","name":"Breakfast discount - Les H\u00f4tels Normandin","isPartOf":{"@id":"https:\/\/hotelnormandin.com\/#website"},"datePublished":"2023-09-12T18:33:16+00:00","dateModified":"2023-11-28T20:05:25+00:00","breadcrumb":{"@id":"https:\/\/hotelnormandin.com\/en\/n-hotel-quebec\/services\/breakfast-discount\/#breadcrumb"},"inLanguage":"en-US","potentialAction":[{"@type":"ReadAction","target":["https:\/\/hotelnormandin.com\/en\/n-hotel-quebec\/services\/breakfast-discount\/"]}]},{"@type":"BreadcrumbList","@id":"https:\/\/hotelnormandin.com\/en\/n-hotel-quebec\/services\/breakfast-discount\/#breadcrumb","itemListElement":[{"@type":"ListItem","position":1,"name":"Home","item":"https:\/\/hotelnormandin.com\/en\/"},{"@type":"ListItem","position":2,"name":"N H\u00f4tel Qu\u00e9bec","item":"https:\/\/hotelnormandin.com\/en\/n-hotel-quebec\/"},{"@type":"ListItem","position":3,"name":"Services","item":"https:\/\/hotelnormandin.com\/en\/n-hotel-quebec\/services\/"},{"@type":"ListItem","position":4,"name":"Breakfast discount"}]},{"@type":"WebSite","@id":"https:\/\/hotelnormandin.com\/#website","url":"https:\/\/hotelnormandin.com\/","name":"H\u00f4tel Normandin","description":"Chambres et suites avec un confort et une propret\u00e9 irr\u00e9prochables. Seul, en couple ou en famille, planifiez un s\u00e9jour confortable dans nos h\u00f4tels. Meilleur prix garanti. D\u00e9jeuner continental inclus. Forfaits disponibles.","publisher":{"@id":"https:\/\/hotelnormandin.com\/#organization"},"potentialAction":[{"@type":"SearchAction","target":{"@type":"EntryPoint","urlTemplate":"https:\/\/hotelnormandin.com\/?s={search_term_string}"},"query-input":"required name=search_term_string"}],"inLanguage":"en-US"},{"@type":"Organization","@id":"https:\/\/hotelnormandin.com\/#organization","name":"H\u00f4tel Normandin","url":"https:\/\/hotelnormandin.com\/","logo":{"@type":"ImageObject","inLanguage":"en-US","@id":"https:\/\/hotelnormandin.com\/#\/schema\/logo\/image\/","url":"https:\/\/hotelnormandin.com\/\/app\/uploads\/2023\/09\/logo_Les-Hotels-Normandin_site-web.png","contentUrl":"https:\/\/hotelnormandin.com\/\/app\/uploads\/2023\/09\/logo_Les-Hotels-Normandin_site-web.png","width":622,"height":168,"caption":"H\u00f4tel Normandin"},"image":{"@id":"https:\/\/hotelnormandin.com\/#\/schema\/logo\/image\/"},"sameAs":["https:\/\/www.facebook.com\/leshotelsnormandin\/"]}]}},"acf":{"titre":"Breakfast discount","image":{"ID":3808,"id":3808,"title":"dejeuner-famille-restaurant-normandin","filename":"dejeuner-famille-restaurant-normandin.png","filesize":1218643,"url":"https:\/\/hotelnormandin.com\/\/app\/uploads\/2023\/09\/dejeuner-famille-restaurant-normandin.png","link":"https:\/\/hotelnormandin.com\/en\/n-hotel-quebec\/services\/breakfast-discount\/_pps1688-2\/","alt":"D\u00e9jeuner en famille au restaurant Normandin.","author":"6","description":"","caption":"","name":"_pps1688-2","status":"inherit","uploaded_to":3882,"date":"2023-09-12 18:32:54","modified":"2023-09-22 20:39:44","menu_order":0,"mime_type":"image\/png","type":"image","subtype":"png","icon":"https:\/\/hotelnormandin.com\/wp\/wp-includes\/images\/media\/default.png","width":2048,"height":1200,"sizes":{"thumbnail":"https:\/\/hotelnormandin.com\/\/app\/uploads\/2023\/09\/dejeuner-famille-restaurant-normandin-150x150.png","thumbnail-width":150,"thumbnail-height":150,"medium":"https:\/\/hotelnormandin.com\/\/app\/uploads\/2023\/09\/dejeuner-famille-restaurant-normandin-300x176.png","medium-width":300,"medium-height":176,"medium_large":"https:\/\/hotelnormandin.com\/\/app\/uploads\/2023\/09\/dejeuner-famille-restaurant-normandin-768x450.png","medium_large-width":768,"medium_large-height":450,"large":"https:\/\/hotelnormandin.com\/\/app\/uploads\/2023\/09\/dejeuner-famille-restaurant-normandin-1024x600.png","large-width":1024,"large-height":600,"1536x1536":"https:\/\/hotelnormandin.com\/\/app\/uploads\/2023\/09\/dejeuner-famille-restaurant-normandin-1536x900.png","1536x1536-width":1536,"1536x1536-height":900,"2048x2048":"https:\/\/hotelnormandin.com\/\/app\/uploads\/2023\/09\/dejeuner-famille-restaurant-normandin.png","2048x2048-width":2048,"2048x2048-height":1200}},"petite_image":{"ID":3808,"id":3808,"title":"dejeuner-famille-restaurant-normandin","filename":"dejeuner-famille-restaurant-normandin.png","filesize":1218643,"url":"https:\/\/hotelnormandin.com\/\/app\/uploads\/2023\/09\/dejeuner-famille-restaurant-normandin.png","link":"https:\/\/hotelnormandin.com\/en\/n-hotel-quebec\/services\/breakfast-discount\/_pps1688-2\/","alt":"D\u00e9jeuner en famille au restaurant Normandin.","author":"6","description":"","caption":"","name":"_pps1688-2","status":"inherit","uploaded_to":3882,"date":"2023-09-12 18:32:54","modified":"2023-09-22 20:39:44","menu_order":0,"mime_type":"image\/png","type":"image","subtype":"png","icon":"https:\/\/hotelnormandin.com\/wp\/wp-includes\/images\/media\/default.png","width":2048,"height":1200,"sizes":{"thumbnail":"https:\/\/hotelnormandin.com\/\/app\/uploads\/2023\/09\/dejeuner-famille-restaurant-normandin-150x150.png","thumbnail-width":150,"thumbnail-height":150,"medium":"https:\/\/hotelnormandin.com\/\/app\/uploads\/2023\/09\/dejeuner-famille-restaurant-normandin-300x176.png","medium-width":300,"medium-height":176,"medium_large":"https:\/\/hotelnormandin.com\/\/app\/uploads\/2023\/09\/dejeuner-famille-restaurant-normandin-768x450.png","medium_large-width":768,"medium_large-height":450,"large":"https:\/\/hotelnormandin.com\/\/app\/uploads\/2023\/09\/dejeuner-famille-restaurant-normandin-1024x600.png","large-width":1024,"large-height":600,"1536x1536":"https:\/\/hotelnormandin.com\/\/app\/uploads\/2023\/09\/dejeuner-famille-restaurant-normandin-1536x900.png","1536x1536-width":1536,"1536x1536-height":900,"2048x2048":"https:\/\/hotelnormandin.com\/\/app\/uploads\/2023\/09\/dejeuner-famille-restaurant-normandin.png","2048x2048-width":2048,"2048x2048-height":1200}},"contenu_flexible":[{"acf_fc_layout":"bloc_wysiwyg","wysiwyg":"<p><strong>The perfect way to start your day!<br \/>\n<\/strong><em>A voucher per person per day will be given to you with your room key upon your arrival.<\/em><\/p>\n<p><strong>20% discount on the whole breakfast menu at our restaurant Normandin<br \/>\n<\/strong>You would like to eat pancakes or eggs Benedict? Go to the restaurant Normandin located in front of the hotel before 10am and share the voucher you received at your check-in. You\u2019ll get a 20% off on your breakfast\u2019s invoice.<\/p>\n"},{"acf_fc_layout":"bloc_glissiere_gallerie_image","glissiere_galerie_images":[{"ID":3808,"id":3808,"title":"dejeuner-famille-restaurant-normandin","filename":"dejeuner-famille-restaurant-normandin.png","filesize":1218643,"url":"https:\/\/hotelnormandin.com\/\/app\/uploads\/2023\/09\/dejeuner-famille-restaurant-normandin.png","link":"https:\/\/hotelnormandin.com\/en\/n-hotel-quebec\/services\/breakfast-discount\/_pps1688-2\/","alt":"D\u00e9jeuner en famille au restaurant Normandin.","author":"6","description":"","caption":"","name":"_pps1688-2","status":"inherit","uploaded_to":3882,"date":"2023-09-12 18:32:54","modified":"2023-09-22 20:39:44","menu_order":0,"mime_type":"image\/png","type":"image","subtype":"png","icon":"https:\/\/hotelnormandin.com\/wp\/wp-includes\/images\/media\/default.png","width":2048,"height":1200,"sizes":{"thumbnail":"https:\/\/hotelnormandin.com\/\/app\/uploads\/2023\/09\/dejeuner-famille-restaurant-normandin-150x150.png","thumbnail-width":150,"thumbnail-height":150,"medium":"https:\/\/hotelnormandin.com\/\/app\/uploads\/2023\/09\/dejeuner-famille-restaurant-normandin-300x176.png","medium-width":300,"medium-height":176,"medium_large":"https:\/\/hotelnormandin.com\/\/app\/uploads\/2023\/09\/dejeuner-famille-restaurant-normandin-768x450.png","medium_large-width":768,"medium_large-height":450,"large":"https:\/\/hotelnormandin.com\/\/app\/uploads\/2023\/09\/dejeuner-famille-restaurant-normandin-1024x600.png","large-width":1024,"large-height":600,"1536x1536":"https:\/\/hotelnormandin.com\/\/app\/uploads\/2023\/09\/dejeuner-famille-restaurant-normandin-1536x900.png","1536x1536-width":1536,"1536x1536-height":900,"2048x2048":"https:\/\/hotelnormandin.com\/\/app\/uploads\/2023\/09\/dejeuner-famille-restaurant-normandin.png","2048x2048-width":2048,"2048x2048-height":1200}}]}]},"_links":{"self":[{"href":"https:\/\/hotelnormandin.com\/en\/wp-json\/wp\/v2\/pages\/3882"}],"collection":[{"href":"https:\/\/hotelnormandin.com\/en\/wp-json\/wp\/v2\/pages"}],"about":[{"href":"https:\/\/hotelnormandin.com\/en\/wp-json\/wp\/v2\/types\/page"}],"author":[{"embeddable":true,"href":"https:\/\/hotelnormandin.com\/en\/wp-json\/wp\/v2\/users\/6"}],"replies":[{"embeddable":true,"href":"https:\/\/hotelnormandin.com\/en\/wp-json\/wp\/v2\/comments?post=3882"}],"version-history":[{"count":4,"href":"https:\/\/hotelnormandin.com\/en\/wp-json\/wp\/v2\/pages\/3882\/revisions"}],"predecessor-version":[{"id":4436,"href":"https:\/\/hotelnormandin.com\/en\/wp-json\/wp\/v2\/pages\/3882\/revisions\/4436"}],"up":[{"embeddable":true,"href":"https:\/\/hotelnormandin.com\/en\/wp-json\/wp\/v2\/pages\/3876"}],"wp:attachment":[{"href":"https:\/\/hotelnormandin.com\/en\/wp-json\/wp\/v2\/media?parent=3882"}],"curies":[{"name":"wp","href":"https:\/\/api.w.org\/{rel}","templated":true}]}}