{"id":3879,"date":"2023-09-12T18:41:21","date_gmt":"2023-09-12T18:41:21","guid":{"rendered":"https:\/\/hotelnormandin.com\/n-hotel-quebec\/services\/cafe-et-jus-gratuits\/"},"modified":"2024-04-10T16:51:39","modified_gmt":"2024-04-10T20:51:39","slug":"free-coffee-and-juices","status":"publish","type":"page","link":"https:\/\/hotelnormandin.com\/en\/n-hotel-quebec\/services\/free-coffee-and-juices\/","title":{"rendered":"Free coffee &#038; juices"},"content":{"rendered":"","protected":false},"excerpt":{"rendered":"","protected":false},"author":6,"featured_media":0,"parent":3876,"menu_order":4,"comment_status":"closed","ping_status":"closed","template":"","meta":{"footnotes":""},"yoast_head":"<!-- This site is optimized with the Yoast SEO plugin v21.8 - https:\/\/yoast.com\/wordpress\/plugins\/seo\/ -->\n<title>Free coffee &amp; juices - Les H\u00f4tels Normandin<\/title>\n<meta name=\"robots\" content=\"index, follow, max-snippet:-1, max-image-preview:large, max-video-preview:-1\" \/>\n<link rel=\"canonical\" href=\"https:\/\/hotelnormandin.com\/en\/n-hotel-quebec\/services\/free-coffee-and-juices\/\" \/>\n<meta property=\"og:locale\" content=\"en_US\" \/>\n<meta property=\"og:type\" content=\"article\" \/>\n<meta property=\"og:title\" content=\"Free coffee &amp; juices - Les H\u00f4tels Normandin\" \/>\n<meta property=\"og:url\" content=\"https:\/\/hotelnormandin.com\/en\/n-hotel-quebec\/services\/free-coffee-and-juices\/\" \/>\n<meta property=\"og:site_name\" content=\"Les H\u00f4tels Normandin\" \/>\n<meta property=\"article:publisher\" content=\"https:\/\/www.facebook.com\/leshotelsnormandin\/\" \/>\n<meta property=\"article:modified_time\" content=\"2024-04-10T20:51:39+00:00\" \/>\n<meta property=\"og:image\" content=\"https:\/\/hotelnormandin.com\/\/app\/uploads\/2023\/03\/hotel-suites-normandin-levis-facade-logo.png\" \/>\n\t<meta property=\"og:image:width\" content=\"1761\" \/>\n\t<meta property=\"og:image:height\" content=\"929\" \/>\n\t<meta property=\"og:image:type\" content=\"image\/png\" \/>\n<meta name=\"twitter:card\" content=\"summary_large_image\" \/>\n<script type=\"application\/ld+json\" class=\"yoast-schema-graph\">{\"@context\":\"https:\/\/schema.org\",\"@graph\":[{\"@type\":\"WebPage\",\"@id\":\"https:\/\/hotelnormandin.com\/en\/n-hotel-quebec\/services\/free-coffee-and-juices\/\",\"url\":\"https:\/\/hotelnormandin.com\/en\/n-hotel-quebec\/services\/free-coffee-and-juices\/\",\"name\":\"Free coffee & juices - Les H\u00f4tels Normandin\",\"isPartOf\":{\"@id\":\"https:\/\/hotelnormandin.com\/#website\"},\"datePublished\":\"2023-09-12T18:41:21+00:00\",\"dateModified\":\"2024-04-10T20:51:39+00:00\",\"breadcrumb\":{\"@id\":\"https:\/\/hotelnormandin.com\/en\/n-hotel-quebec\/services\/free-coffee-and-juices\/#breadcrumb\"},\"inLanguage\":\"en-US\",\"potentialAction\":[{\"@type\":\"ReadAction\",\"target\":[\"https:\/\/hotelnormandin.com\/en\/n-hotel-quebec\/services\/free-coffee-and-juices\/\"]}]},{\"@type\":\"BreadcrumbList\",\"@id\":\"https:\/\/hotelnormandin.com\/en\/n-hotel-quebec\/services\/free-coffee-and-juices\/#breadcrumb\",\"itemListElement\":[{\"@type\":\"ListItem\",\"position\":1,\"name\":\"Home\",\"item\":\"https:\/\/hotelnormandin.com\/en\/\"},{\"@type\":\"ListItem\",\"position\":2,\"name\":\"N H\u00f4tel Qu\u00e9bec\",\"item\":\"https:\/\/hotelnormandin.com\/en\/n-hotel-quebec\/\"},{\"@type\":\"ListItem\",\"position\":3,\"name\":\"Services\",\"item\":\"https:\/\/hotelnormandin.com\/en\/n-hotel-quebec\/services\/\"},{\"@type\":\"ListItem\",\"position\":4,\"name\":\"Free coffee &#038; juices\"}]},{\"@type\":\"WebSite\",\"@id\":\"https:\/\/hotelnormandin.com\/#website\",\"url\":\"https:\/\/hotelnormandin.com\/\",\"name\":\"H\u00f4tel Normandin\",\"description\":\"Chambres et suites avec un confort et une propret\u00e9 irr\u00e9prochables. Seul, en couple ou en famille, planifiez un s\u00e9jour confortable dans nos h\u00f4tels. Meilleur prix garanti. D\u00e9jeuner continental inclus. Forfaits disponibles.\",\"publisher\":{\"@id\":\"https:\/\/hotelnormandin.com\/#organization\"},\"potentialAction\":[{\"@type\":\"SearchAction\",\"target\":{\"@type\":\"EntryPoint\",\"urlTemplate\":\"https:\/\/hotelnormandin.com\/?s={search_term_string}\"},\"query-input\":\"required name=search_term_string\"}],\"inLanguage\":\"en-US\"},{\"@type\":\"Organization\",\"@id\":\"https:\/\/hotelnormandin.com\/#organization\",\"name\":\"H\u00f4tel Normandin\",\"url\":\"https:\/\/hotelnormandin.com\/\",\"logo\":{\"@type\":\"ImageObject\",\"inLanguage\":\"en-US\",\"@id\":\"https:\/\/hotelnormandin.com\/#\/schema\/logo\/image\/\",\"url\":\"https:\/\/hotelnormandin.com\/\/app\/uploads\/2023\/09\/logo_Les-Hotels-Normandin_site-web.png\",\"contentUrl\":\"https:\/\/hotelnormandin.com\/\/app\/uploads\/2023\/09\/logo_Les-Hotels-Normandin_site-web.png\",\"width\":622,\"height\":168,\"caption\":\"H\u00f4tel Normandin\"},\"image\":{\"@id\":\"https:\/\/hotelnormandin.com\/#\/schema\/logo\/image\/\"},\"sameAs\":[\"https:\/\/www.facebook.com\/leshotelsnormandin\/\"]}]}<\/script>\n<!-- \/ Yoast SEO plugin. -->","yoast_head_json":{"title":"Free coffee & juices - Les H\u00f4tels Normandin","robots":{"index":"index","follow":"follow","max-snippet":"max-snippet:-1","max-image-preview":"max-image-preview:large","max-video-preview":"max-video-preview:-1"},"canonical":"https:\/\/hotelnormandin.com\/en\/n-hotel-quebec\/services\/free-coffee-and-juices\/","og_locale":"en_US","og_type":"article","og_title":"Free coffee & juices - Les H\u00f4tels Normandin","og_url":"https:\/\/hotelnormandin.com\/en\/n-hotel-quebec\/services\/free-coffee-and-juices\/","og_site_name":"Les H\u00f4tels Normandin","article_publisher":"https:\/\/www.facebook.com\/leshotelsnormandin\/","article_modified_time":"2024-04-10T20:51:39+00:00","og_image":[{"width":1761,"height":929,"url":"https:\/\/hotelnormandin.com\/\/app\/uploads\/2023\/03\/hotel-suites-normandin-levis-facade-logo.png","type":"image\/png"}],"twitter_card":"summary_large_image","schema":{"@context":"https:\/\/schema.org","@graph":[{"@type":"WebPage","@id":"https:\/\/hotelnormandin.com\/en\/n-hotel-quebec\/services\/free-coffee-and-juices\/","url":"https:\/\/hotelnormandin.com\/en\/n-hotel-quebec\/services\/free-coffee-and-juices\/","name":"Free coffee & juices - Les H\u00f4tels Normandin","isPartOf":{"@id":"https:\/\/hotelnormandin.com\/#website"},"datePublished":"2023-09-12T18:41:21+00:00","dateModified":"2024-04-10T20:51:39+00:00","breadcrumb":{"@id":"https:\/\/hotelnormandin.com\/en\/n-hotel-quebec\/services\/free-coffee-and-juices\/#breadcrumb"},"inLanguage":"en-US","potentialAction":[{"@type":"ReadAction","target":["https:\/\/hotelnormandin.com\/en\/n-hotel-quebec\/services\/free-coffee-and-juices\/"]}]},{"@type":"BreadcrumbList","@id":"https:\/\/hotelnormandin.com\/en\/n-hotel-quebec\/services\/free-coffee-and-juices\/#breadcrumb","itemListElement":[{"@type":"ListItem","position":1,"name":"Home","item":"https:\/\/hotelnormandin.com\/en\/"},{"@type":"ListItem","position":2,"name":"N H\u00f4tel Qu\u00e9bec","item":"https:\/\/hotelnormandin.com\/en\/n-hotel-quebec\/"},{"@type":"ListItem","position":3,"name":"Services","item":"https:\/\/hotelnormandin.com\/en\/n-hotel-quebec\/services\/"},{"@type":"ListItem","position":4,"name":"Free coffee &#038; juices"}]},{"@type":"WebSite","@id":"https:\/\/hotelnormandin.com\/#website","url":"https:\/\/hotelnormandin.com\/","name":"H\u00f4tel Normandin","description":"Chambres et suites avec un confort et une propret\u00e9 irr\u00e9prochables. Seul, en couple ou en famille, planifiez un s\u00e9jour confortable dans nos h\u00f4tels. Meilleur prix garanti. D\u00e9jeuner continental inclus. Forfaits disponibles.","publisher":{"@id":"https:\/\/hotelnormandin.com\/#organization"},"potentialAction":[{"@type":"SearchAction","target":{"@type":"EntryPoint","urlTemplate":"https:\/\/hotelnormandin.com\/?s={search_term_string}"},"query-input":"required name=search_term_string"}],"inLanguage":"en-US"},{"@type":"Organization","@id":"https:\/\/hotelnormandin.com\/#organization","name":"H\u00f4tel Normandin","url":"https:\/\/hotelnormandin.com\/","logo":{"@type":"ImageObject","inLanguage":"en-US","@id":"https:\/\/hotelnormandin.com\/#\/schema\/logo\/image\/","url":"https:\/\/hotelnormandin.com\/\/app\/uploads\/2023\/09\/logo_Les-Hotels-Normandin_site-web.png","contentUrl":"https:\/\/hotelnormandin.com\/\/app\/uploads\/2023\/09\/logo_Les-Hotels-Normandin_site-web.png","width":622,"height":168,"caption":"H\u00f4tel Normandin"},"image":{"@id":"https:\/\/hotelnormandin.com\/#\/schema\/logo\/image\/"},"sameAs":["https:\/\/www.facebook.com\/leshotelsnormandin\/"]}]}},"acf":{"titre":"Free coffee & juices","image":{"ID":3815,"id":3815,"title":"cafe-jus-gratuits-n-hotel-quebec-3","filename":"cafe-jus-gratuits-n-hotel-quebec-3.jpg","filesize":334223,"url":"https:\/\/hotelnormandin.com\/\/app\/uploads\/2023\/09\/cafe-jus-gratuits-n-hotel-quebec-3.jpg","link":"https:\/\/hotelnormandin.com\/en\/n-hotel-quebec\/services\/free-coffee-and-juices\/kg05150515_2400x1600-2\/","alt":"Caf\u00e9 et jus gratuits au N H\u00f4tel Qu\u00e9bec.","author":"6","description":"","caption":"","name":"kg05150515_2400x1600-2","status":"inherit","uploaded_to":3879,"date":"2023-09-12 18:40:13","modified":"2023-09-26 19:23:53","menu_order":0,"mime_type":"image\/jpeg","type":"image","subtype":"jpeg","icon":"https:\/\/hotelnormandin.com\/wp\/wp-includes\/images\/media\/default.png","width":2400,"height":1600,"sizes":{"thumbnail":"https:\/\/hotelnormandin.com\/\/app\/uploads\/2023\/09\/cafe-jus-gratuits-n-hotel-quebec-3-150x150.jpg","thumbnail-width":150,"thumbnail-height":150,"medium":"https:\/\/hotelnormandin.com\/\/app\/uploads\/2023\/09\/cafe-jus-gratuits-n-hotel-quebec-3-300x200.jpg","medium-width":300,"medium-height":200,"medium_large":"https:\/\/hotelnormandin.com\/\/app\/uploads\/2023\/09\/cafe-jus-gratuits-n-hotel-quebec-3-768x512.jpg","medium_large-width":768,"medium_large-height":512,"large":"https:\/\/hotelnormandin.com\/\/app\/uploads\/2023\/09\/cafe-jus-gratuits-n-hotel-quebec-3-1024x683.jpg","large-width":1024,"large-height":683,"1536x1536":"https:\/\/hotelnormandin.com\/\/app\/uploads\/2023\/09\/cafe-jus-gratuits-n-hotel-quebec-3-1536x1024.jpg","1536x1536-width":1536,"1536x1536-height":1024,"2048x2048":"https:\/\/hotelnormandin.com\/\/app\/uploads\/2023\/09\/cafe-jus-gratuits-n-hotel-quebec-3-2048x1365.jpg","2048x2048-width":2048,"2048x2048-height":1365}},"petite_image":{"ID":3815,"id":3815,"title":"cafe-jus-gratuits-n-hotel-quebec-3","filename":"cafe-jus-gratuits-n-hotel-quebec-3.jpg","filesize":334223,"url":"https:\/\/hotelnormandin.com\/\/app\/uploads\/2023\/09\/cafe-jus-gratuits-n-hotel-quebec-3.jpg","link":"https:\/\/hotelnormandin.com\/en\/n-hotel-quebec\/services\/free-coffee-and-juices\/kg05150515_2400x1600-2\/","alt":"Caf\u00e9 et jus gratuits au N H\u00f4tel Qu\u00e9bec.","author":"6","description":"","caption":"","name":"kg05150515_2400x1600-2","status":"inherit","uploaded_to":3879,"date":"2023-09-12 18:40:13","modified":"2023-09-26 19:23:53","menu_order":0,"mime_type":"image\/jpeg","type":"image","subtype":"jpeg","icon":"https:\/\/hotelnormandin.com\/wp\/wp-includes\/images\/media\/default.png","width":2400,"height":1600,"sizes":{"thumbnail":"https:\/\/hotelnormandin.com\/\/app\/uploads\/2023\/09\/cafe-jus-gratuits-n-hotel-quebec-3-150x150.jpg","thumbnail-width":150,"thumbnail-height":150,"medium":"https:\/\/hotelnormandin.com\/\/app\/uploads\/2023\/09\/cafe-jus-gratuits-n-hotel-quebec-3-300x200.jpg","medium-width":300,"medium-height":200,"medium_large":"https:\/\/hotelnormandin.com\/\/app\/uploads\/2023\/09\/cafe-jus-gratuits-n-hotel-quebec-3-768x512.jpg","medium_large-width":768,"medium_large-height":512,"large":"https:\/\/hotelnormandin.com\/\/app\/uploads\/2023\/09\/cafe-jus-gratuits-n-hotel-quebec-3-1024x683.jpg","large-width":1024,"large-height":683,"1536x1536":"https:\/\/hotelnormandin.com\/\/app\/uploads\/2023\/09\/cafe-jus-gratuits-n-hotel-quebec-3-1536x1024.jpg","1536x1536-width":1536,"1536x1536-height":1024,"2048x2048":"https:\/\/hotelnormandin.com\/\/app\/uploads\/2023\/09\/cafe-jus-gratuits-n-hotel-quebec-3-2048x1365.jpg","2048x2048-width":2048,"2048x2048-height":1365}},"contenu_flexible":[{"acf_fc_layout":"bloc_wysiwyg","wysiwyg":"<h4>Every morning from 6 am to 10am, choose from a selection of free juices near the front desk. Fresh coffee is also offered 24\/7.<\/h4>\n"},{"acf_fc_layout":"bloc_glissiere_gallerie_image","glissiere_galerie_images":[{"ID":3813,"id":3813,"title":"cafe-jus-gratuits-n-hotel-quebec-5","filename":"cafe-jus-gratuits-n-hotel-quebec-5.jpg","filesize":335326,"url":"https:\/\/hotelnormandin.com\/\/app\/uploads\/2023\/09\/cafe-jus-gratuits-n-hotel-quebec-5.jpg","link":"https:\/\/hotelnormandin.com\/en\/n-hotel-quebec\/services\/free-coffee-and-juices\/kg05150435_2400x1600-2-2\/","alt":"Caf\u00e9 et jus gratuits au N H\u00f4tel Qu\u00e9bec.","author":"6","description":"","caption":"","name":"kg05150435_2400x1600-2-2","status":"inherit","uploaded_to":3879,"date":"2023-09-12 18:40:09","modified":"2023-09-26 19:24:14","menu_order":0,"mime_type":"image\/jpeg","type":"image","subtype":"jpeg","icon":"https:\/\/hotelnormandin.com\/wp\/wp-includes\/images\/media\/default.png","width":2400,"height":1600,"sizes":{"thumbnail":"https:\/\/hotelnormandin.com\/\/app\/uploads\/2023\/09\/cafe-jus-gratuits-n-hotel-quebec-5-150x150.jpg","thumbnail-width":150,"thumbnail-height":150,"medium":"https:\/\/hotelnormandin.com\/\/app\/uploads\/2023\/09\/cafe-jus-gratuits-n-hotel-quebec-5-300x200.jpg","medium-width":300,"medium-height":200,"medium_large":"https:\/\/hotelnormandin.com\/\/app\/uploads\/2023\/09\/cafe-jus-gratuits-n-hotel-quebec-5-768x512.jpg","medium_large-width":768,"medium_large-height":512,"large":"https:\/\/hotelnormandin.com\/\/app\/uploads\/2023\/09\/cafe-jus-gratuits-n-hotel-quebec-5-1024x683.jpg","large-width":1024,"large-height":683,"1536x1536":"https:\/\/hotelnormandin.com\/\/app\/uploads\/2023\/09\/cafe-jus-gratuits-n-hotel-quebec-5-1536x1024.jpg","1536x1536-width":1536,"1536x1536-height":1024,"2048x2048":"https:\/\/hotelnormandin.com\/\/app\/uploads\/2023\/09\/cafe-jus-gratuits-n-hotel-quebec-5-2048x1365.jpg","2048x2048-width":2048,"2048x2048-height":1365}},{"ID":3815,"id":3815,"title":"cafe-jus-gratuits-n-hotel-quebec-3","filename":"cafe-jus-gratuits-n-hotel-quebec-3.jpg","filesize":334223,"url":"https:\/\/hotelnormandin.com\/\/app\/uploads\/2023\/09\/cafe-jus-gratuits-n-hotel-quebec-3.jpg","link":"https:\/\/hotelnormandin.com\/en\/n-hotel-quebec\/services\/free-coffee-and-juices\/kg05150515_2400x1600-2\/","alt":"Caf\u00e9 et jus gratuits au N H\u00f4tel Qu\u00e9bec.","author":"6","description":"","caption":"","name":"kg05150515_2400x1600-2","status":"inherit","uploaded_to":3879,"date":"2023-09-12 18:40:13","modified":"2023-09-26 19:23:53","menu_order":0,"mime_type":"image\/jpeg","type":"image","subtype":"jpeg","icon":"https:\/\/hotelnormandin.com\/wp\/wp-includes\/images\/media\/default.png","width":2400,"height":1600,"sizes":{"thumbnail":"https:\/\/hotelnormandin.com\/\/app\/uploads\/2023\/09\/cafe-jus-gratuits-n-hotel-quebec-3-150x150.jpg","thumbnail-width":150,"thumbnail-height":150,"medium":"https:\/\/hotelnormandin.com\/\/app\/uploads\/2023\/09\/cafe-jus-gratuits-n-hotel-quebec-3-300x200.jpg","medium-width":300,"medium-height":200,"medium_large":"https:\/\/hotelnormandin.com\/\/app\/uploads\/2023\/09\/cafe-jus-gratuits-n-hotel-quebec-3-768x512.jpg","medium_large-width":768,"medium_large-height":512,"large":"https:\/\/hotelnormandin.com\/\/app\/uploads\/2023\/09\/cafe-jus-gratuits-n-hotel-quebec-3-1024x683.jpg","large-width":1024,"large-height":683,"1536x1536":"https:\/\/hotelnormandin.com\/\/app\/uploads\/2023\/09\/cafe-jus-gratuits-n-hotel-quebec-3-1536x1024.jpg","1536x1536-width":1536,"1536x1536-height":1024,"2048x2048":"https:\/\/hotelnormandin.com\/\/app\/uploads\/2023\/09\/cafe-jus-gratuits-n-hotel-quebec-3-2048x1365.jpg","2048x2048-width":2048,"2048x2048-height":1365}},{"ID":3817,"id":3817,"title":"cafe-jus-gratuits-n-hotel-quebec","filename":"cafe-jus-gratuits-n-hotel-quebec.jpg","filesize":375278,"url":"https:\/\/hotelnormandin.com\/\/app\/uploads\/2023\/09\/cafe-jus-gratuits-n-hotel-quebec.jpg","link":"https:\/\/hotelnormandin.com\/en\/n-hotel-quebec\/services\/free-coffee-and-juices\/kg05150533_2400x1600-2\/","alt":"Caf\u00e9 et jus gratuits au N H\u00f4tel Qu\u00e9bec.","author":"6","description":"","caption":"","name":"kg05150533_2400x1600-2","status":"inherit","uploaded_to":3879,"date":"2023-09-12 18:40:19","modified":"2023-09-20 17:51:28","menu_order":0,"mime_type":"image\/jpeg","type":"image","subtype":"jpeg","icon":"https:\/\/hotelnormandin.com\/wp\/wp-includes\/images\/media\/default.png","width":2400,"height":1600,"sizes":{"thumbnail":"https:\/\/hotelnormandin.com\/\/app\/uploads\/2023\/09\/cafe-jus-gratuits-n-hotel-quebec-150x150.jpg","thumbnail-width":150,"thumbnail-height":150,"medium":"https:\/\/hotelnormandin.com\/\/app\/uploads\/2023\/09\/cafe-jus-gratuits-n-hotel-quebec-300x200.jpg","medium-width":300,"medium-height":200,"medium_large":"https:\/\/hotelnormandin.com\/\/app\/uploads\/2023\/09\/cafe-jus-gratuits-n-hotel-quebec-768x512.jpg","medium_large-width":768,"medium_large-height":512,"large":"https:\/\/hotelnormandin.com\/\/app\/uploads\/2023\/09\/cafe-jus-gratuits-n-hotel-quebec-1024x683.jpg","large-width":1024,"large-height":683,"1536x1536":"https:\/\/hotelnormandin.com\/\/app\/uploads\/2023\/09\/cafe-jus-gratuits-n-hotel-quebec-1536x1024.jpg","1536x1536-width":1536,"1536x1536-height":1024,"2048x2048":"https:\/\/hotelnormandin.com\/\/app\/uploads\/2023\/09\/cafe-jus-gratuits-n-hotel-quebec-2048x1365.jpg","2048x2048-width":2048,"2048x2048-height":1365}}]}]},"_links":{"self":[{"href":"https:\/\/hotelnormandin.com\/en\/wp-json\/wp\/v2\/pages\/3879"}],"collection":[{"href":"https:\/\/hotelnormandin.com\/en\/wp-json\/wp\/v2\/pages"}],"about":[{"href":"https:\/\/hotelnormandin.com\/en\/wp-json\/wp\/v2\/types\/page"}],"author":[{"embeddable":true,"href":"https:\/\/hotelnormandin.com\/en\/wp-json\/wp\/v2\/users\/6"}],"replies":[{"embeddable":true,"href":"https:\/\/hotelnormandin.com\/en\/wp-json\/wp\/v2\/comments?post=3879"}],"version-history":[{"count":5,"href":"https:\/\/hotelnormandin.com\/en\/wp-json\/wp\/v2\/pages\/3879\/revisions"}],"predecessor-version":[{"id":4676,"href":"https:\/\/hotelnormandin.com\/en\/wp-json\/wp\/v2\/pages\/3879\/revisions\/4676"}],"up":[{"embeddable":true,"href":"https:\/\/hotelnormandin.com\/en\/wp-json\/wp\/v2\/pages\/3876"}],"wp:attachment":[{"href":"https:\/\/hotelnormandin.com\/en\/wp-json\/wp\/v2\/media?parent=3879"}],"curies":[{"name":"wp","href":"https:\/\/api.w.org\/{rel}","templated":true}]}}