{"id":3876,"date":"2023-09-12T18:22:51","date_gmt":"2023-09-12T18:22:51","guid":{"rendered":"https:\/\/hotelnormandin.com\/n-hotel-quebec\/services\/"},"modified":"2023-09-13T16:11:09","modified_gmt":"2023-09-13T16:11:09","slug":"services","status":"publish","type":"page","link":"https:\/\/hotelnormandin.com\/en\/n-hotel-quebec\/services\/","title":{"rendered":"Services"},"content":{"rendered":"","protected":false},"excerpt":{"rendered":"","protected":false},"author":6,"featured_media":0,"parent":2408,"menu_order":2,"comment_status":"closed","ping_status":"closed","template":"","meta":{"footnotes":""},"yoast_head":"<!-- This site is optimized with the Yoast SEO plugin v21.8 - https:\/\/yoast.com\/wordpress\/plugins\/seo\/ -->\n<title>Services - Les H\u00f4tels Normandin<\/title>\n<meta name=\"robots\" content=\"index, follow, max-snippet:-1, max-image-preview:large, max-video-preview:-1\" \/>\n<link rel=\"canonical\" href=\"https:\/\/hotelnormandin.com\/en\/n-hotel-quebec\/services\/\" \/>\n<meta property=\"og:locale\" content=\"en_US\" \/>\n<meta property=\"og:type\" content=\"article\" \/>\n<meta property=\"og:title\" content=\"Services - Les H\u00f4tels Normandin\" \/>\n<meta property=\"og:url\" content=\"https:\/\/hotelnormandin.com\/en\/n-hotel-quebec\/services\/\" \/>\n<meta property=\"og:site_name\" content=\"Les H\u00f4tels Normandin\" \/>\n<meta property=\"article:publisher\" content=\"https:\/\/www.facebook.com\/leshotelsnormandin\/\" \/>\n<meta property=\"article:modified_time\" content=\"2023-09-13T16:11:09+00:00\" \/>\n<meta property=\"og:image\" content=\"https:\/\/hotelnormandin.com\/\/app\/uploads\/2023\/03\/hotel-suites-normandin-levis-facade-logo.png\" \/>\n\t<meta property=\"og:image:width\" content=\"1761\" \/>\n\t<meta property=\"og:image:height\" content=\"929\" \/>\n\t<meta property=\"og:image:type\" content=\"image\/png\" \/>\n<meta name=\"twitter:card\" content=\"summary_large_image\" \/>\n<script type=\"application\/ld+json\" class=\"yoast-schema-graph\">{\"@context\":\"https:\/\/schema.org\",\"@graph\":[{\"@type\":\"WebPage\",\"@id\":\"https:\/\/hotelnormandin.com\/en\/n-hotel-quebec\/services\/\",\"url\":\"https:\/\/hotelnormandin.com\/en\/n-hotel-quebec\/services\/\",\"name\":\"Services - Les H\u00f4tels Normandin\",\"isPartOf\":{\"@id\":\"https:\/\/hotelnormandin.com\/#website\"},\"datePublished\":\"2023-09-12T18:22:51+00:00\",\"dateModified\":\"2023-09-13T16:11:09+00:00\",\"breadcrumb\":{\"@id\":\"https:\/\/hotelnormandin.com\/en\/n-hotel-quebec\/services\/#breadcrumb\"},\"inLanguage\":\"en-US\",\"potentialAction\":[{\"@type\":\"ReadAction\",\"target\":[\"https:\/\/hotelnormandin.com\/en\/n-hotel-quebec\/services\/\"]}]},{\"@type\":\"BreadcrumbList\",\"@id\":\"https:\/\/hotelnormandin.com\/en\/n-hotel-quebec\/services\/#breadcrumb\",\"itemListElement\":[{\"@type\":\"ListItem\",\"position\":1,\"name\":\"Home\",\"item\":\"https:\/\/hotelnormandin.com\/en\/\"},{\"@type\":\"ListItem\",\"position\":2,\"name\":\"N H\u00f4tel Qu\u00e9bec\",\"item\":\"https:\/\/hotelnormandin.com\/en\/n-hotel-quebec\/\"},{\"@type\":\"ListItem\",\"position\":3,\"name\":\"Services\"}]},{\"@type\":\"WebSite\",\"@id\":\"https:\/\/hotelnormandin.com\/#website\",\"url\":\"https:\/\/hotelnormandin.com\/\",\"name\":\"H\u00f4tel Normandin\",\"description\":\"Chambres et suites avec un confort et une propret\u00e9 irr\u00e9prochables. Seul, en couple ou en famille, planifiez un s\u00e9jour confortable dans nos h\u00f4tels. Meilleur prix garanti. D\u00e9jeuner continental inclus. Forfaits disponibles.\",\"publisher\":{\"@id\":\"https:\/\/hotelnormandin.com\/#organization\"},\"potentialAction\":[{\"@type\":\"SearchAction\",\"target\":{\"@type\":\"EntryPoint\",\"urlTemplate\":\"https:\/\/hotelnormandin.com\/?s={search_term_string}\"},\"query-input\":\"required name=search_term_string\"}],\"inLanguage\":\"en-US\"},{\"@type\":\"Organization\",\"@id\":\"https:\/\/hotelnormandin.com\/#organization\",\"name\":\"H\u00f4tel Normandin\",\"url\":\"https:\/\/hotelnormandin.com\/\",\"logo\":{\"@type\":\"ImageObject\",\"inLanguage\":\"en-US\",\"@id\":\"https:\/\/hotelnormandin.com\/#\/schema\/logo\/image\/\",\"url\":\"https:\/\/hotelnormandin.com\/\/app\/uploads\/2023\/09\/logo_Les-Hotels-Normandin_site-web.png\",\"contentUrl\":\"https:\/\/hotelnormandin.com\/\/app\/uploads\/2023\/09\/logo_Les-Hotels-Normandin_site-web.png\",\"width\":622,\"height\":168,\"caption\":\"H\u00f4tel Normandin\"},\"image\":{\"@id\":\"https:\/\/hotelnormandin.com\/#\/schema\/logo\/image\/\"},\"sameAs\":[\"https:\/\/www.facebook.com\/leshotelsnormandin\/\"]}]}<\/script>\n<!-- \/ Yoast SEO plugin. -->","yoast_head_json":{"title":"Services - Les H\u00f4tels Normandin","robots":{"index":"index","follow":"follow","max-snippet":"max-snippet:-1","max-image-preview":"max-image-preview:large","max-video-preview":"max-video-preview:-1"},"canonical":"https:\/\/hotelnormandin.com\/en\/n-hotel-quebec\/services\/","og_locale":"en_US","og_type":"article","og_title":"Services - Les H\u00f4tels Normandin","og_url":"https:\/\/hotelnormandin.com\/en\/n-hotel-quebec\/services\/","og_site_name":"Les H\u00f4tels Normandin","article_publisher":"https:\/\/www.facebook.com\/leshotelsnormandin\/","article_modified_time":"2023-09-13T16:11:09+00:00","og_image":[{"width":1761,"height":929,"url":"https:\/\/hotelnormandin.com\/\/app\/uploads\/2023\/03\/hotel-suites-normandin-levis-facade-logo.png","type":"image\/png"}],"twitter_card":"summary_large_image","schema":{"@context":"https:\/\/schema.org","@graph":[{"@type":"WebPage","@id":"https:\/\/hotelnormandin.com\/en\/n-hotel-quebec\/services\/","url":"https:\/\/hotelnormandin.com\/en\/n-hotel-quebec\/services\/","name":"Services - Les H\u00f4tels Normandin","isPartOf":{"@id":"https:\/\/hotelnormandin.com\/#website"},"datePublished":"2023-09-12T18:22:51+00:00","dateModified":"2023-09-13T16:11:09+00:00","breadcrumb":{"@id":"https:\/\/hotelnormandin.com\/en\/n-hotel-quebec\/services\/#breadcrumb"},"inLanguage":"en-US","potentialAction":[{"@type":"ReadAction","target":["https:\/\/hotelnormandin.com\/en\/n-hotel-quebec\/services\/"]}]},{"@type":"BreadcrumbList","@id":"https:\/\/hotelnormandin.com\/en\/n-hotel-quebec\/services\/#breadcrumb","itemListElement":[{"@type":"ListItem","position":1,"name":"Home","item":"https:\/\/hotelnormandin.com\/en\/"},{"@type":"ListItem","position":2,"name":"N H\u00f4tel Qu\u00e9bec","item":"https:\/\/hotelnormandin.com\/en\/n-hotel-quebec\/"},{"@type":"ListItem","position":3,"name":"Services"}]},{"@type":"WebSite","@id":"https:\/\/hotelnormandin.com\/#website","url":"https:\/\/hotelnormandin.com\/","name":"H\u00f4tel Normandin","description":"Chambres et suites avec un confort et une propret\u00e9 irr\u00e9prochables. Seul, en couple ou en famille, planifiez un s\u00e9jour confortable dans nos h\u00f4tels. Meilleur prix garanti. D\u00e9jeuner continental inclus. Forfaits disponibles.","publisher":{"@id":"https:\/\/hotelnormandin.com\/#organization"},"potentialAction":[{"@type":"SearchAction","target":{"@type":"EntryPoint","urlTemplate":"https:\/\/hotelnormandin.com\/?s={search_term_string}"},"query-input":"required name=search_term_string"}],"inLanguage":"en-US"},{"@type":"Organization","@id":"https:\/\/hotelnormandin.com\/#organization","name":"H\u00f4tel Normandin","url":"https:\/\/hotelnormandin.com\/","logo":{"@type":"ImageObject","inLanguage":"en-US","@id":"https:\/\/hotelnormandin.com\/#\/schema\/logo\/image\/","url":"https:\/\/hotelnormandin.com\/\/app\/uploads\/2023\/09\/logo_Les-Hotels-Normandin_site-web.png","contentUrl":"https:\/\/hotelnormandin.com\/\/app\/uploads\/2023\/09\/logo_Les-Hotels-Normandin_site-web.png","width":622,"height":168,"caption":"H\u00f4tel Normandin"},"image":{"@id":"https:\/\/hotelnormandin.com\/#\/schema\/logo\/image\/"},"sameAs":["https:\/\/www.facebook.com\/leshotelsnormandin\/"]}]}},"acf":{"titre":"Our services","image_entete":{"ID":1671,"id":1671,"title":"revue-carte-chambre-quebec","filename":"revue-carte-chambre-quebec.jpg","filesize":335566,"url":"https:\/\/hotelnormandin.com\/\/app\/uploads\/2023\/05\/revue-carte-chambre-quebec.jpg","link":"https:\/\/hotelnormandin.com\/en\/hotel-et-suites-normandin-quebec\/rooms\/normandin-fichier-finaux-54-2\/","alt":"","author":"6","description":"","caption":"","name":"normandin-fichier-finaux-54-2","status":"inherit","uploaded_to":2805,"date":"2023-05-04 18:22:40","modified":"2023-09-25 19:07:55","menu_order":0,"mime_type":"image\/jpeg","type":"image","subtype":"jpeg","icon":"https:\/\/hotelnormandin.com\/wp\/wp-includes\/images\/media\/default.png","width":2400,"height":1600,"sizes":{"thumbnail":"https:\/\/hotelnormandin.com\/\/app\/uploads\/2023\/05\/revue-carte-chambre-quebec-150x150.jpg","thumbnail-width":150,"thumbnail-height":150,"medium":"https:\/\/hotelnormandin.com\/\/app\/uploads\/2023\/05\/revue-carte-chambre-quebec-300x200.jpg","medium-width":300,"medium-height":200,"medium_large":"https:\/\/hotelnormandin.com\/\/app\/uploads\/2023\/05\/revue-carte-chambre-quebec-768x512.jpg","medium_large-width":768,"medium_large-height":512,"large":"https:\/\/hotelnormandin.com\/\/app\/uploads\/2023\/05\/revue-carte-chambre-quebec-1024x683.jpg","large-width":1024,"large-height":683,"1536x1536":"https:\/\/hotelnormandin.com\/\/app\/uploads\/2023\/05\/revue-carte-chambre-quebec-1536x1024.jpg","1536x1536-width":1536,"1536x1536-height":1024,"2048x2048":"https:\/\/hotelnormandin.com\/\/app\/uploads\/2023\/05\/revue-carte-chambre-quebec-2048x1365.jpg","2048x2048-width":2048,"2048x2048-height":1365}},"petite_image_entete":{"ID":1671,"id":1671,"title":"revue-carte-chambre-quebec","filename":"revue-carte-chambre-quebec.jpg","filesize":335566,"url":"https:\/\/hotelnormandin.com\/\/app\/uploads\/2023\/05\/revue-carte-chambre-quebec.jpg","link":"https:\/\/hotelnormandin.com\/en\/hotel-et-suites-normandin-quebec\/rooms\/normandin-fichier-finaux-54-2\/","alt":"","author":"6","description":"","caption":"","name":"normandin-fichier-finaux-54-2","status":"inherit","uploaded_to":2805,"date":"2023-05-04 18:22:40","modified":"2023-09-25 19:07:55","menu_order":0,"mime_type":"image\/jpeg","type":"image","subtype":"jpeg","icon":"https:\/\/hotelnormandin.com\/wp\/wp-includes\/images\/media\/default.png","width":2400,"height":1600,"sizes":{"thumbnail":"https:\/\/hotelnormandin.com\/\/app\/uploads\/2023\/05\/revue-carte-chambre-quebec-150x150.jpg","thumbnail-width":150,"thumbnail-height":150,"medium":"https:\/\/hotelnormandin.com\/\/app\/uploads\/2023\/05\/revue-carte-chambre-quebec-300x200.jpg","medium-width":300,"medium-height":200,"medium_large":"https:\/\/hotelnormandin.com\/\/app\/uploads\/2023\/05\/revue-carte-chambre-quebec-768x512.jpg","medium_large-width":768,"medium_large-height":512,"large":"https:\/\/hotelnormandin.com\/\/app\/uploads\/2023\/05\/revue-carte-chambre-quebec-1024x683.jpg","large-width":1024,"large-height":683,"1536x1536":"https:\/\/hotelnormandin.com\/\/app\/uploads\/2023\/05\/revue-carte-chambre-quebec-1536x1024.jpg","1536x1536-width":1536,"1536x1536-height":1024,"2048x2048":"https:\/\/hotelnormandin.com\/\/app\/uploads\/2023\/05\/revue-carte-chambre-quebec-2048x1365.jpg","2048x2048-width":2048,"2048x2048-height":1365}},"presentation":"Une multitude de services pour vous sentir comme \u00e0 la maison!","contenu_flexible":[{"acf_fc_layout":"bloc_commodites","titre":"Everything to make you <br> feel at home","bouton_bool":false,"bouton":{"titre_du_bouton":"","lien_du_bouton":null},"commodites":[{"icone":"fa-solid fa-pizza-slice","titre":"","texte":"Restaurant Normandin & Nbar"},{"icone":"fa-solid fa-dryer","titre":"","texte":"Laundry ($)"},{"icone":"fa-solid fa-chess-rook-piece","titre":"","texte":"Board games loan"},{"icone":"fa-solid fa-wine-glass","titre":"","texte":"Wine, beer & water ($)"}],"autre_commodites_bool":true,"autres_commodites":[{"icones":"<a href=\"  https:\/\/hotelnormandin.com\/en\/n-hotel-quebec\/services\/breakfast-discount\/\">Breakfast discount at the restaurant Normandin<\/a>"},{"icones":"<a href=\"  https:\/\/hotelnormandin.com\/en\/n-hotel-quebec\/services\/free-coffee-and-juices\/\">Free coffee & juices<\/a>"},{"icones":"<a href=\"  https:\/\/hotelnormandin.com\/en\/n-hotel-quebec\/services\/patio-and-bike-shed\">Patio & bike shed<\/a>"},{"icones":"<a href=\"  https:\/\/hotelnormandin.com\/en\/n-hotel-quebec\/services\/pet-friendly\/\">Pet friendly<\/a>"}]}],"image":{"ID":3248,"id":3248,"title":"vin-rouge-chambre-n-hotel-quebec","filename":"vin-rouge-chambre-n-hotel-quebec.jpg","filesize":184834,"url":"https:\/\/hotelnormandin.com\/\/app\/uploads\/2023\/08\/vin-rouge-chambre-n-hotel-quebec.jpg","link":"https:\/\/hotelnormandin.com\/en\/n-hotel-quebec\/normandin-fichier-finaux-76-2\/","alt":"Bouteille de vin rouge dans une chambre au N H\u00f4tel Qu\u00e9bec.","author":"6","description":"","caption":"","name":"normandin-fichier-finaux-76-2","status":"inherit","uploaded_to":2408,"date":"2023-08-10 18:19:10","modified":"2023-09-20 19:19:26","menu_order":0,"mime_type":"image\/jpeg","type":"image","subtype":"jpeg","icon":"https:\/\/hotelnormandin.com\/wp\/wp-includes\/images\/media\/default.png","width":2400,"height":1599,"sizes":{"thumbnail":"https:\/\/hotelnormandin.com\/\/app\/uploads\/2023\/08\/vin-rouge-chambre-n-hotel-quebec-150x150.jpg","thumbnail-width":150,"thumbnail-height":150,"medium":"https:\/\/hotelnormandin.com\/\/app\/uploads\/2023\/08\/vin-rouge-chambre-n-hotel-quebec-300x200.jpg","medium-width":300,"medium-height":200,"medium_large":"https:\/\/hotelnormandin.com\/\/app\/uploads\/2023\/08\/vin-rouge-chambre-n-hotel-quebec-768x512.jpg","medium_large-width":768,"medium_large-height":512,"large":"https:\/\/hotelnormandin.com\/\/app\/uploads\/2023\/08\/vin-rouge-chambre-n-hotel-quebec-1024x682.jpg","large-width":1024,"large-height":682,"1536x1536":"https:\/\/hotelnormandin.com\/\/app\/uploads\/2023\/08\/vin-rouge-chambre-n-hotel-quebec-1536x1023.jpg","1536x1536-width":1536,"1536x1536-height":1023,"2048x2048":"https:\/\/hotelnormandin.com\/\/app\/uploads\/2023\/08\/vin-rouge-chambre-n-hotel-quebec-2048x1364.jpg","2048x2048-width":2048,"2048x2048-height":1364}},"petite_image":{"ID":3248,"id":3248,"title":"vin-rouge-chambre-n-hotel-quebec","filename":"vin-rouge-chambre-n-hotel-quebec.jpg","filesize":184834,"url":"https:\/\/hotelnormandin.com\/\/app\/uploads\/2023\/08\/vin-rouge-chambre-n-hotel-quebec.jpg","link":"https:\/\/hotelnormandin.com\/en\/n-hotel-quebec\/normandin-fichier-finaux-76-2\/","alt":"Bouteille de vin rouge dans une chambre au N H\u00f4tel Qu\u00e9bec.","author":"6","description":"","caption":"","name":"normandin-fichier-finaux-76-2","status":"inherit","uploaded_to":2408,"date":"2023-08-10 18:19:10","modified":"2023-09-20 19:19:26","menu_order":0,"mime_type":"image\/jpeg","type":"image","subtype":"jpeg","icon":"https:\/\/hotelnormandin.com\/wp\/wp-includes\/images\/media\/default.png","width":2400,"height":1599,"sizes":{"thumbnail":"https:\/\/hotelnormandin.com\/\/app\/uploads\/2023\/08\/vin-rouge-chambre-n-hotel-quebec-150x150.jpg","thumbnail-width":150,"thumbnail-height":150,"medium":"https:\/\/hotelnormandin.com\/\/app\/uploads\/2023\/08\/vin-rouge-chambre-n-hotel-quebec-300x200.jpg","medium-width":300,"medium-height":200,"medium_large":"https:\/\/hotelnormandin.com\/\/app\/uploads\/2023\/08\/vin-rouge-chambre-n-hotel-quebec-768x512.jpg","medium_large-width":768,"medium_large-height":512,"large":"https:\/\/hotelnormandin.com\/\/app\/uploads\/2023\/08\/vin-rouge-chambre-n-hotel-quebec-1024x682.jpg","large-width":1024,"large-height":682,"1536x1536":"https:\/\/hotelnormandin.com\/\/app\/uploads\/2023\/08\/vin-rouge-chambre-n-hotel-quebec-1536x1023.jpg","1536x1536-width":1536,"1536x1536-height":1023,"2048x2048":"https:\/\/hotelnormandin.com\/\/app\/uploads\/2023\/08\/vin-rouge-chambre-n-hotel-quebec-2048x1364.jpg","2048x2048-width":2048,"2048x2048-height":1364}}},"_links":{"self":[{"href":"https:\/\/hotelnormandin.com\/en\/wp-json\/wp\/v2\/pages\/3876"}],"collection":[{"href":"https:\/\/hotelnormandin.com\/en\/wp-json\/wp\/v2\/pages"}],"about":[{"href":"https:\/\/hotelnormandin.com\/en\/wp-json\/wp\/v2\/types\/page"}],"author":[{"embeddable":true,"href":"https:\/\/hotelnormandin.com\/en\/wp-json\/wp\/v2\/users\/6"}],"replies":[{"embeddable":true,"href":"https:\/\/hotelnormandin.com\/en\/wp-json\/wp\/v2\/comments?post=3876"}],"version-history":[{"count":2,"href":"https:\/\/hotelnormandin.com\/en\/wp-json\/wp\/v2\/pages\/3876\/revisions"}],"predecessor-version":[{"id":3891,"href":"https:\/\/hotelnormandin.com\/en\/wp-json\/wp\/v2\/pages\/3876\/revisions\/3891"}],"up":[{"embeddable":true,"href":"https:\/\/hotelnormandin.com\/en\/wp-json\/wp\/v2\/pages\/2408"}],"wp:attachment":[{"href":"https:\/\/hotelnormandin.com\/en\/wp-json\/wp\/v2\/media?parent=3876"}],"curies":[{"name":"wp","href":"https:\/\/api.w.org\/{rel}","templated":true}]}}