{"id":3862,"date":"2023-05-24T14:18:56","date_gmt":"2023-05-24T14:18:56","guid":{"rendered":"https:\/\/hotelnormandin.com\/hotel-et-suites-normandin-quebec\/services\/"},"modified":"2024-09-06T10:44:35","modified_gmt":"2024-09-06T14:44:35","slug":"services","status":"publish","type":"page","link":"https:\/\/hotelnormandin.com\/en\/hotel-et-suites-normandin-quebec\/services\/","title":{"rendered":"Services"},"content":{"rendered":"","protected":false},"excerpt":{"rendered":"","protected":false},"author":6,"featured_media":0,"parent":2787,"menu_order":0,"comment_status":"closed","ping_status":"closed","template":"","meta":{"footnotes":""},"yoast_head":"<!-- This site is optimized with the Yoast SEO plugin v21.8 - https:\/\/yoast.com\/wordpress\/plugins\/seo\/ -->\n<title>Services - Les H\u00f4tels Normandin<\/title>\n<meta name=\"robots\" content=\"index, follow, max-snippet:-1, max-image-preview:large, max-video-preview:-1\" \/>\n<link rel=\"canonical\" href=\"https:\/\/hotelnormandin.com\/en\/hotel-et-suites-normandin-quebec\/services\/\" \/>\n<meta property=\"og:locale\" content=\"en_US\" \/>\n<meta property=\"og:type\" content=\"article\" \/>\n<meta property=\"og:title\" content=\"Services - Les H\u00f4tels Normandin\" \/>\n<meta property=\"og:url\" content=\"https:\/\/hotelnormandin.com\/en\/hotel-et-suites-normandin-quebec\/services\/\" \/>\n<meta property=\"og:site_name\" content=\"Les H\u00f4tels Normandin\" \/>\n<meta property=\"article:publisher\" content=\"https:\/\/www.facebook.com\/leshotelsnormandin\/\" \/>\n<meta property=\"article:modified_time\" content=\"2024-09-06T14:44:35+00:00\" \/>\n<meta property=\"og:image\" content=\"https:\/\/hotelnormandin.com\/\/app\/uploads\/2023\/03\/hotel-suites-normandin-levis-facade-logo.png\" \/>\n\t<meta property=\"og:image:width\" content=\"1761\" \/>\n\t<meta property=\"og:image:height\" content=\"929\" \/>\n\t<meta property=\"og:image:type\" content=\"image\/png\" \/>\n<meta name=\"twitter:card\" content=\"summary_large_image\" \/>\n<script type=\"application\/ld+json\" class=\"yoast-schema-graph\">{\"@context\":\"https:\/\/schema.org\",\"@graph\":[{\"@type\":\"WebPage\",\"@id\":\"https:\/\/hotelnormandin.com\/en\/hotel-et-suites-normandin-quebec\/services\/\",\"url\":\"https:\/\/hotelnormandin.com\/en\/hotel-et-suites-normandin-quebec\/services\/\",\"name\":\"Services - Les H\u00f4tels Normandin\",\"isPartOf\":{\"@id\":\"https:\/\/hotelnormandin.com\/#website\"},\"datePublished\":\"2023-05-24T14:18:56+00:00\",\"dateModified\":\"2024-09-06T14:44:35+00:00\",\"breadcrumb\":{\"@id\":\"https:\/\/hotelnormandin.com\/en\/hotel-et-suites-normandin-quebec\/services\/#breadcrumb\"},\"inLanguage\":\"en-US\",\"potentialAction\":[{\"@type\":\"ReadAction\",\"target\":[\"https:\/\/hotelnormandin.com\/en\/hotel-et-suites-normandin-quebec\/services\/\"]}]},{\"@type\":\"BreadcrumbList\",\"@id\":\"https:\/\/hotelnormandin.com\/en\/hotel-et-suites-normandin-quebec\/services\/#breadcrumb\",\"itemListElement\":[{\"@type\":\"ListItem\",\"position\":1,\"name\":\"Home\",\"item\":\"https:\/\/hotelnormandin.com\/en\/\"},{\"@type\":\"ListItem\",\"position\":2,\"name\":\"H\u00f4tel &#038; Suites Normandin Qu\u00e9bec\",\"item\":\"https:\/\/hotelnormandin.com\/en\/hotel-et-suites-normandin-quebec\/\"},{\"@type\":\"ListItem\",\"position\":3,\"name\":\"Services\"}]},{\"@type\":\"WebSite\",\"@id\":\"https:\/\/hotelnormandin.com\/#website\",\"url\":\"https:\/\/hotelnormandin.com\/\",\"name\":\"H\u00f4tel Normandin\",\"description\":\"Chambres et suites avec un confort et une propret\u00e9 irr\u00e9prochables. Seul, en couple ou en famille, planifiez un s\u00e9jour confortable dans nos h\u00f4tels. Meilleur prix garanti. D\u00e9jeuner continental inclus. Forfaits disponibles.\",\"publisher\":{\"@id\":\"https:\/\/hotelnormandin.com\/#organization\"},\"potentialAction\":[{\"@type\":\"SearchAction\",\"target\":{\"@type\":\"EntryPoint\",\"urlTemplate\":\"https:\/\/hotelnormandin.com\/?s={search_term_string}\"},\"query-input\":\"required name=search_term_string\"}],\"inLanguage\":\"en-US\"},{\"@type\":\"Organization\",\"@id\":\"https:\/\/hotelnormandin.com\/#organization\",\"name\":\"H\u00f4tel Normandin\",\"url\":\"https:\/\/hotelnormandin.com\/\",\"logo\":{\"@type\":\"ImageObject\",\"inLanguage\":\"en-US\",\"@id\":\"https:\/\/hotelnormandin.com\/#\/schema\/logo\/image\/\",\"url\":\"https:\/\/hotelnormandin.com\/\/app\/uploads\/2023\/09\/logo_Les-Hotels-Normandin_site-web.png\",\"contentUrl\":\"https:\/\/hotelnormandin.com\/\/app\/uploads\/2023\/09\/logo_Les-Hotels-Normandin_site-web.png\",\"width\":622,\"height\":168,\"caption\":\"H\u00f4tel Normandin\"},\"image\":{\"@id\":\"https:\/\/hotelnormandin.com\/#\/schema\/logo\/image\/\"},\"sameAs\":[\"https:\/\/www.facebook.com\/leshotelsnormandin\/\"]}]}<\/script>\n<!-- \/ Yoast SEO plugin. -->","yoast_head_json":{"title":"Services - Les H\u00f4tels Normandin","robots":{"index":"index","follow":"follow","max-snippet":"max-snippet:-1","max-image-preview":"max-image-preview:large","max-video-preview":"max-video-preview:-1"},"canonical":"https:\/\/hotelnormandin.com\/en\/hotel-et-suites-normandin-quebec\/services\/","og_locale":"en_US","og_type":"article","og_title":"Services - Les H\u00f4tels Normandin","og_url":"https:\/\/hotelnormandin.com\/en\/hotel-et-suites-normandin-quebec\/services\/","og_site_name":"Les H\u00f4tels Normandin","article_publisher":"https:\/\/www.facebook.com\/leshotelsnormandin\/","article_modified_time":"2024-09-06T14:44:35+00:00","og_image":[{"width":1761,"height":929,"url":"https:\/\/hotelnormandin.com\/\/app\/uploads\/2023\/03\/hotel-suites-normandin-levis-facade-logo.png","type":"image\/png"}],"twitter_card":"summary_large_image","schema":{"@context":"https:\/\/schema.org","@graph":[{"@type":"WebPage","@id":"https:\/\/hotelnormandin.com\/en\/hotel-et-suites-normandin-quebec\/services\/","url":"https:\/\/hotelnormandin.com\/en\/hotel-et-suites-normandin-quebec\/services\/","name":"Services - Les H\u00f4tels Normandin","isPartOf":{"@id":"https:\/\/hotelnormandin.com\/#website"},"datePublished":"2023-05-24T14:18:56+00:00","dateModified":"2024-09-06T14:44:35+00:00","breadcrumb":{"@id":"https:\/\/hotelnormandin.com\/en\/hotel-et-suites-normandin-quebec\/services\/#breadcrumb"},"inLanguage":"en-US","potentialAction":[{"@type":"ReadAction","target":["https:\/\/hotelnormandin.com\/en\/hotel-et-suites-normandin-quebec\/services\/"]}]},{"@type":"BreadcrumbList","@id":"https:\/\/hotelnormandin.com\/en\/hotel-et-suites-normandin-quebec\/services\/#breadcrumb","itemListElement":[{"@type":"ListItem","position":1,"name":"Home","item":"https:\/\/hotelnormandin.com\/en\/"},{"@type":"ListItem","position":2,"name":"H\u00f4tel &#038; Suites Normandin Qu\u00e9bec","item":"https:\/\/hotelnormandin.com\/en\/hotel-et-suites-normandin-quebec\/"},{"@type":"ListItem","position":3,"name":"Services"}]},{"@type":"WebSite","@id":"https:\/\/hotelnormandin.com\/#website","url":"https:\/\/hotelnormandin.com\/","name":"H\u00f4tel Normandin","description":"Chambres et suites avec un confort et une propret\u00e9 irr\u00e9prochables. Seul, en couple ou en famille, planifiez un s\u00e9jour confortable dans nos h\u00f4tels. Meilleur prix garanti. D\u00e9jeuner continental inclus. Forfaits disponibles.","publisher":{"@id":"https:\/\/hotelnormandin.com\/#organization"},"potentialAction":[{"@type":"SearchAction","target":{"@type":"EntryPoint","urlTemplate":"https:\/\/hotelnormandin.com\/?s={search_term_string}"},"query-input":"required name=search_term_string"}],"inLanguage":"en-US"},{"@type":"Organization","@id":"https:\/\/hotelnormandin.com\/#organization","name":"H\u00f4tel Normandin","url":"https:\/\/hotelnormandin.com\/","logo":{"@type":"ImageObject","inLanguage":"en-US","@id":"https:\/\/hotelnormandin.com\/#\/schema\/logo\/image\/","url":"https:\/\/hotelnormandin.com\/\/app\/uploads\/2023\/09\/logo_Les-Hotels-Normandin_site-web.png","contentUrl":"https:\/\/hotelnormandin.com\/\/app\/uploads\/2023\/09\/logo_Les-Hotels-Normandin_site-web.png","width":622,"height":168,"caption":"H\u00f4tel Normandin"},"image":{"@id":"https:\/\/hotelnormandin.com\/#\/schema\/logo\/image\/"},"sameAs":["https:\/\/www.facebook.com\/leshotelsnormandin\/"]}]}},"acf":{"titre":"Our services","image_entete":{"ID":1671,"id":1671,"title":"revue-carte-chambre-quebec","filename":"revue-carte-chambre-quebec.jpg","filesize":335566,"url":"https:\/\/hotelnormandin.com\/\/app\/uploads\/2023\/05\/revue-carte-chambre-quebec.jpg","link":"https:\/\/hotelnormandin.com\/en\/hotel-et-suites-normandin-quebec\/rooms\/normandin-fichier-finaux-54-2\/","alt":"","author":"6","description":"","caption":"","name":"normandin-fichier-finaux-54-2","status":"inherit","uploaded_to":2805,"date":"2023-05-04 18:22:40","modified":"2023-09-25 19:07:55","menu_order":0,"mime_type":"image\/jpeg","type":"image","subtype":"jpeg","icon":"https:\/\/hotelnormandin.com\/wp\/wp-includes\/images\/media\/default.png","width":2400,"height":1600,"sizes":{"thumbnail":"https:\/\/hotelnormandin.com\/\/app\/uploads\/2023\/05\/revue-carte-chambre-quebec-150x150.jpg","thumbnail-width":150,"thumbnail-height":150,"medium":"https:\/\/hotelnormandin.com\/\/app\/uploads\/2023\/05\/revue-carte-chambre-quebec-300x200.jpg","medium-width":300,"medium-height":200,"medium_large":"https:\/\/hotelnormandin.com\/\/app\/uploads\/2023\/05\/revue-carte-chambre-quebec-768x512.jpg","medium_large-width":768,"medium_large-height":512,"large":"https:\/\/hotelnormandin.com\/\/app\/uploads\/2023\/05\/revue-carte-chambre-quebec-1024x683.jpg","large-width":1024,"large-height":683,"1536x1536":"https:\/\/hotelnormandin.com\/\/app\/uploads\/2023\/05\/revue-carte-chambre-quebec-1536x1024.jpg","1536x1536-width":1536,"1536x1536-height":1024,"2048x2048":"https:\/\/hotelnormandin.com\/\/app\/uploads\/2023\/05\/revue-carte-chambre-quebec-2048x1365.jpg","2048x2048-width":2048,"2048x2048-height":1365}},"petite_image_entete":{"ID":1671,"id":1671,"title":"revue-carte-chambre-quebec","filename":"revue-carte-chambre-quebec.jpg","filesize":335566,"url":"https:\/\/hotelnormandin.com\/\/app\/uploads\/2023\/05\/revue-carte-chambre-quebec.jpg","link":"https:\/\/hotelnormandin.com\/en\/hotel-et-suites-normandin-quebec\/rooms\/normandin-fichier-finaux-54-2\/","alt":"","author":"6","description":"","caption":"","name":"normandin-fichier-finaux-54-2","status":"inherit","uploaded_to":2805,"date":"2023-05-04 18:22:40","modified":"2023-09-25 19:07:55","menu_order":0,"mime_type":"image\/jpeg","type":"image","subtype":"jpeg","icon":"https:\/\/hotelnormandin.com\/wp\/wp-includes\/images\/media\/default.png","width":2400,"height":1600,"sizes":{"thumbnail":"https:\/\/hotelnormandin.com\/\/app\/uploads\/2023\/05\/revue-carte-chambre-quebec-150x150.jpg","thumbnail-width":150,"thumbnail-height":150,"medium":"https:\/\/hotelnormandin.com\/\/app\/uploads\/2023\/05\/revue-carte-chambre-quebec-300x200.jpg","medium-width":300,"medium-height":200,"medium_large":"https:\/\/hotelnormandin.com\/\/app\/uploads\/2023\/05\/revue-carte-chambre-quebec-768x512.jpg","medium_large-width":768,"medium_large-height":512,"large":"https:\/\/hotelnormandin.com\/\/app\/uploads\/2023\/05\/revue-carte-chambre-quebec-1024x683.jpg","large-width":1024,"large-height":683,"1536x1536":"https:\/\/hotelnormandin.com\/\/app\/uploads\/2023\/05\/revue-carte-chambre-quebec-1536x1024.jpg","1536x1536-width":1536,"1536x1536-height":1024,"2048x2048":"https:\/\/hotelnormandin.com\/\/app\/uploads\/2023\/05\/revue-carte-chambre-quebec-2048x1365.jpg","2048x2048-width":2048,"2048x2048-height":1365}},"presentation":"Une multitude de services pour vous sentir comme \u00e0 la maison!","contenu_flexible":[{"acf_fc_layout":"bloc_commodites","titre":"Everything to make you <br> feel at home","bouton_bool":false,"bouton":{"titre_du_bouton":"","lien_du_bouton":null},"commodites":[{"icone":"fa-solid fa-pizza-slice","titre":"","texte":"Restaurant Normandin & Nbar"},{"icone":"fa-solid fa-charging-station","titre":"","texte":"Circuit \u00e9lectrique charging station"},{"icone":"fa-solid fa-dryer","titre":"","texte":"Laundry ($)"},{"icone":"fa-solid fa-chess-rook-piece","titre":"","texte":"Board games & movies loan"}],"autre_commodites_bool":true,"autres_commodites":[{"icones":"<a href=\"   https:\/\/hotelnormandin.com\/en\/hotel-et-suites-normandin-quebec\/services\/welcome-cyclists\/\">Welcome Cyclists<\/a>"},{"icones":"<a href=\"  https:\/\/hotelnormandin.com\/en\/hotel-et-suites-normandin-quebec\/services\/2-breakfast-options\/\">Continental breakfast or breakfast discount<\/a>"},{"icones":"<a href=\"  https:\/\/hotelnormandin.com\/en\/hotel-et-suites-normandin-quebec\/services\/gym\/\">Gym<\/a>"},{"icones":"<a href=\"   https:\/\/hotelnormandin.com\/en\/hotel-et-suites-normandin-quebec\/services\/convenience-store\/\">Convenience store<\/a>"},{"icones":"<a href=\"   https:\/\/hotelnormandin.com\/en\/hotel-et-suites-normandin-quebec\/services\/pet-friendly\/\">Pet friendly<\/a>"}]}],"image":{"ID":4328,"id":4328,"title":"dejeuner-continental-hsn-quebec-couple-rit2400x1600_2","filename":"dejeuner-continental-hsn-quebec-couple-rit2400x1600_2.jpg","filesize":1032207,"url":"https:\/\/hotelnormandin.com\/\/app\/uploads\/2023\/10\/dejeuner-continental-hsn-quebec-couple-rit2400x1600_2.jpg","link":"https:\/\/hotelnormandin.com\/en\/hotel-et-suites-normandin-quebec\/services\/dejeuner-continental-hsn-quebec-couple-rit2400x1600_2\/","alt":"","author":"6","description":"","caption":"","name":"dejeuner-continental-hsn-quebec-couple-rit2400x1600_2","status":"inherit","uploaded_to":3862,"date":"2023-10-13 19:28:45","modified":"2023-10-13 19:28:45","menu_order":0,"mime_type":"image\/jpeg","type":"image","subtype":"jpeg","icon":"https:\/\/hotelnormandin.com\/wp\/wp-includes\/images\/media\/default.png","width":2400,"height":1600,"sizes":{"thumbnail":"https:\/\/hotelnormandin.com\/\/app\/uploads\/2023\/10\/dejeuner-continental-hsn-quebec-couple-rit2400x1600_2-150x150.jpg","thumbnail-width":150,"thumbnail-height":150,"medium":"https:\/\/hotelnormandin.com\/\/app\/uploads\/2023\/10\/dejeuner-continental-hsn-quebec-couple-rit2400x1600_2-300x200.jpg","medium-width":300,"medium-height":200,"medium_large":"https:\/\/hotelnormandin.com\/\/app\/uploads\/2023\/10\/dejeuner-continental-hsn-quebec-couple-rit2400x1600_2-768x512.jpg","medium_large-width":768,"medium_large-height":512,"large":"https:\/\/hotelnormandin.com\/\/app\/uploads\/2023\/10\/dejeuner-continental-hsn-quebec-couple-rit2400x1600_2-1024x683.jpg","large-width":1024,"large-height":683,"1536x1536":"https:\/\/hotelnormandin.com\/\/app\/uploads\/2023\/10\/dejeuner-continental-hsn-quebec-couple-rit2400x1600_2-1536x1024.jpg","1536x1536-width":1536,"1536x1536-height":1024,"2048x2048":"https:\/\/hotelnormandin.com\/\/app\/uploads\/2023\/10\/dejeuner-continental-hsn-quebec-couple-rit2400x1600_2-2048x1365.jpg","2048x2048-width":2048,"2048x2048-height":1365}},"petite_image":{"ID":4331,"id":4331,"title":"dejeuner-continental-hsn-quebec-couple-rit730x655","filename":"dejeuner-continental-hsn-quebec-couple-rit730x655.jpg","filesize":131206,"url":"https:\/\/hotelnormandin.com\/\/app\/uploads\/2023\/10\/dejeuner-continental-hsn-quebec-couple-rit730x655.jpg","link":"https:\/\/hotelnormandin.com\/en\/hotel-et-suites-normandin-quebec\/services\/dejeuner-continental-hsn-quebec-couple-rit730x655\/","alt":"","author":"6","description":"","caption":"","name":"dejeuner-continental-hsn-quebec-couple-rit730x655","status":"inherit","uploaded_to":3862,"date":"2023-10-13 19:33:49","modified":"2023-10-13 19:33:49","menu_order":0,"mime_type":"image\/jpeg","type":"image","subtype":"jpeg","icon":"https:\/\/hotelnormandin.com\/wp\/wp-includes\/images\/media\/default.png","width":730,"height":655,"sizes":{"thumbnail":"https:\/\/hotelnormandin.com\/\/app\/uploads\/2023\/10\/dejeuner-continental-hsn-quebec-couple-rit730x655-150x150.jpg","thumbnail-width":150,"thumbnail-height":150,"medium":"https:\/\/hotelnormandin.com\/\/app\/uploads\/2023\/10\/dejeuner-continental-hsn-quebec-couple-rit730x655-300x269.jpg","medium-width":300,"medium-height":269,"medium_large":"https:\/\/hotelnormandin.com\/\/app\/uploads\/2023\/10\/dejeuner-continental-hsn-quebec-couple-rit730x655.jpg","medium_large-width":730,"medium_large-height":655,"large":"https:\/\/hotelnormandin.com\/\/app\/uploads\/2023\/10\/dejeuner-continental-hsn-quebec-couple-rit730x655.jpg","large-width":730,"large-height":655,"1536x1536":"https:\/\/hotelnormandin.com\/\/app\/uploads\/2023\/10\/dejeuner-continental-hsn-quebec-couple-rit730x655.jpg","1536x1536-width":730,"1536x1536-height":655,"2048x2048":"https:\/\/hotelnormandin.com\/\/app\/uploads\/2023\/10\/dejeuner-continental-hsn-quebec-couple-rit730x655.jpg","2048x2048-width":730,"2048x2048-height":655}}},"_links":{"self":[{"href":"https:\/\/hotelnormandin.com\/en\/wp-json\/wp\/v2\/pages\/3862"}],"collection":[{"href":"https:\/\/hotelnormandin.com\/en\/wp-json\/wp\/v2\/pages"}],"about":[{"href":"https:\/\/hotelnormandin.com\/en\/wp-json\/wp\/v2\/types\/page"}],"author":[{"embeddable":true,"href":"https:\/\/hotelnormandin.com\/en\/wp-json\/wp\/v2\/users\/6"}],"replies":[{"embeddable":true,"href":"https:\/\/hotelnormandin.com\/en\/wp-json\/wp\/v2\/comments?post=3862"}],"version-history":[{"count":10,"href":"https:\/\/hotelnormandin.com\/en\/wp-json\/wp\/v2\/pages\/3862\/revisions"}],"predecessor-version":[{"id":4923,"href":"https:\/\/hotelnormandin.com\/en\/wp-json\/wp\/v2\/pages\/3862\/revisions\/4923"}],"up":[{"embeddable":true,"href":"https:\/\/hotelnormandin.com\/en\/wp-json\/wp\/v2\/pages\/2787"}],"wp:attachment":[{"href":"https:\/\/hotelnormandin.com\/en\/wp-json\/wp\/v2\/media?parent=3862"}],"curies":[{"name":"wp","href":"https:\/\/api.w.org\/{rel}","templated":true}]}}