{"id":3859,"date":"2023-09-08T19:23:55","date_gmt":"2023-09-08T19:23:55","guid":{"rendered":"https:\/\/hotelnormandin.com\/depanneur\/"},"modified":"2023-10-16T13:44:36","modified_gmt":"2023-10-16T13:44:36","slug":"convenience-store","status":"publish","type":"page","link":"https:\/\/hotelnormandin.com\/en\/hotel-et-suites-normandin-quebec\/services\/convenience-store\/","title":{"rendered":"Convenience store"},"content":{"rendered":"","protected":false},"excerpt":{"rendered":"","protected":false},"author":6,"featured_media":0,"parent":3862,"menu_order":0,"comment_status":"closed","ping_status":"closed","template":"","meta":{"footnotes":""},"yoast_head":"<!-- This site is optimized with the Yoast SEO plugin v21.8 - https:\/\/yoast.com\/wordpress\/plugins\/seo\/ -->\n<title>Convenience store - Les H\u00f4tels Normandin<\/title>\n<meta name=\"robots\" content=\"index, follow, max-snippet:-1, max-image-preview:large, max-video-preview:-1\" \/>\n<link rel=\"canonical\" href=\"https:\/\/hotelnormandin.com\/en\/hotel-et-suites-normandin-quebec\/services\/convenience-store\/\" \/>\n<meta property=\"og:locale\" content=\"en_US\" \/>\n<meta property=\"og:type\" content=\"article\" \/>\n<meta property=\"og:title\" content=\"Convenience store - Les H\u00f4tels Normandin\" \/>\n<meta property=\"og:url\" content=\"https:\/\/hotelnormandin.com\/en\/hotel-et-suites-normandin-quebec\/services\/convenience-store\/\" \/>\n<meta property=\"og:site_name\" content=\"Les H\u00f4tels Normandin\" \/>\n<meta property=\"article:publisher\" content=\"https:\/\/www.facebook.com\/leshotelsnormandin\/\" \/>\n<meta property=\"article:modified_time\" content=\"2023-10-16T13:44:36+00:00\" \/>\n<meta property=\"og:image\" content=\"https:\/\/hotelnormandin.com\/\/app\/uploads\/2023\/03\/hotel-suites-normandin-levis-facade-logo.png\" \/>\n\t<meta property=\"og:image:width\" content=\"1761\" \/>\n\t<meta property=\"og:image:height\" content=\"929\" \/>\n\t<meta property=\"og:image:type\" content=\"image\/png\" \/>\n<meta name=\"twitter:card\" content=\"summary_large_image\" \/>\n<script type=\"application\/ld+json\" class=\"yoast-schema-graph\">{\"@context\":\"https:\/\/schema.org\",\"@graph\":[{\"@type\":\"WebPage\",\"@id\":\"https:\/\/hotelnormandin.com\/en\/hotel-et-suites-normandin-quebec\/services\/convenience-store\/\",\"url\":\"https:\/\/hotelnormandin.com\/en\/hotel-et-suites-normandin-quebec\/services\/convenience-store\/\",\"name\":\"Convenience store - Les H\u00f4tels Normandin\",\"isPartOf\":{\"@id\":\"https:\/\/hotelnormandin.com\/#website\"},\"datePublished\":\"2023-09-08T19:23:55+00:00\",\"dateModified\":\"2023-10-16T13:44:36+00:00\",\"breadcrumb\":{\"@id\":\"https:\/\/hotelnormandin.com\/en\/hotel-et-suites-normandin-quebec\/services\/convenience-store\/#breadcrumb\"},\"inLanguage\":\"en-US\",\"potentialAction\":[{\"@type\":\"ReadAction\",\"target\":[\"https:\/\/hotelnormandin.com\/en\/hotel-et-suites-normandin-quebec\/services\/convenience-store\/\"]}]},{\"@type\":\"BreadcrumbList\",\"@id\":\"https:\/\/hotelnormandin.com\/en\/hotel-et-suites-normandin-quebec\/services\/convenience-store\/#breadcrumb\",\"itemListElement\":[{\"@type\":\"ListItem\",\"position\":1,\"name\":\"Home\",\"item\":\"https:\/\/hotelnormandin.com\/en\/\"},{\"@type\":\"ListItem\",\"position\":2,\"name\":\"H\u00f4tel &#038; Suites Normandin Qu\u00e9bec\",\"item\":\"https:\/\/hotelnormandin.com\/en\/hotel-et-suites-normandin-quebec\/\"},{\"@type\":\"ListItem\",\"position\":3,\"name\":\"Services\",\"item\":\"https:\/\/hotelnormandin.com\/en\/hotel-et-suites-normandin-quebec\/services\/\"},{\"@type\":\"ListItem\",\"position\":4,\"name\":\"Convenience store\"}]},{\"@type\":\"WebSite\",\"@id\":\"https:\/\/hotelnormandin.com\/#website\",\"url\":\"https:\/\/hotelnormandin.com\/\",\"name\":\"H\u00f4tel Normandin\",\"description\":\"Chambres et suites avec un confort et une propret\u00e9 irr\u00e9prochables. Seul, en couple ou en famille, planifiez un s\u00e9jour confortable dans nos h\u00f4tels. Meilleur prix garanti. D\u00e9jeuner continental inclus. Forfaits disponibles.\",\"publisher\":{\"@id\":\"https:\/\/hotelnormandin.com\/#organization\"},\"potentialAction\":[{\"@type\":\"SearchAction\",\"target\":{\"@type\":\"EntryPoint\",\"urlTemplate\":\"https:\/\/hotelnormandin.com\/?s={search_term_string}\"},\"query-input\":\"required name=search_term_string\"}],\"inLanguage\":\"en-US\"},{\"@type\":\"Organization\",\"@id\":\"https:\/\/hotelnormandin.com\/#organization\",\"name\":\"H\u00f4tel Normandin\",\"url\":\"https:\/\/hotelnormandin.com\/\",\"logo\":{\"@type\":\"ImageObject\",\"inLanguage\":\"en-US\",\"@id\":\"https:\/\/hotelnormandin.com\/#\/schema\/logo\/image\/\",\"url\":\"https:\/\/hotelnormandin.com\/\/app\/uploads\/2023\/09\/logo_Les-Hotels-Normandin_site-web.png\",\"contentUrl\":\"https:\/\/hotelnormandin.com\/\/app\/uploads\/2023\/09\/logo_Les-Hotels-Normandin_site-web.png\",\"width\":622,\"height\":168,\"caption\":\"H\u00f4tel Normandin\"},\"image\":{\"@id\":\"https:\/\/hotelnormandin.com\/#\/schema\/logo\/image\/\"},\"sameAs\":[\"https:\/\/www.facebook.com\/leshotelsnormandin\/\"]}]}<\/script>\n<!-- \/ Yoast SEO plugin. -->","yoast_head_json":{"title":"Convenience store - Les H\u00f4tels Normandin","robots":{"index":"index","follow":"follow","max-snippet":"max-snippet:-1","max-image-preview":"max-image-preview:large","max-video-preview":"max-video-preview:-1"},"canonical":"https:\/\/hotelnormandin.com\/en\/hotel-et-suites-normandin-quebec\/services\/convenience-store\/","og_locale":"en_US","og_type":"article","og_title":"Convenience store - Les H\u00f4tels Normandin","og_url":"https:\/\/hotelnormandin.com\/en\/hotel-et-suites-normandin-quebec\/services\/convenience-store\/","og_site_name":"Les H\u00f4tels Normandin","article_publisher":"https:\/\/www.facebook.com\/leshotelsnormandin\/","article_modified_time":"2023-10-16T13:44:36+00:00","og_image":[{"width":1761,"height":929,"url":"https:\/\/hotelnormandin.com\/\/app\/uploads\/2023\/03\/hotel-suites-normandin-levis-facade-logo.png","type":"image\/png"}],"twitter_card":"summary_large_image","schema":{"@context":"https:\/\/schema.org","@graph":[{"@type":"WebPage","@id":"https:\/\/hotelnormandin.com\/en\/hotel-et-suites-normandin-quebec\/services\/convenience-store\/","url":"https:\/\/hotelnormandin.com\/en\/hotel-et-suites-normandin-quebec\/services\/convenience-store\/","name":"Convenience store - Les H\u00f4tels Normandin","isPartOf":{"@id":"https:\/\/hotelnormandin.com\/#website"},"datePublished":"2023-09-08T19:23:55+00:00","dateModified":"2023-10-16T13:44:36+00:00","breadcrumb":{"@id":"https:\/\/hotelnormandin.com\/en\/hotel-et-suites-normandin-quebec\/services\/convenience-store\/#breadcrumb"},"inLanguage":"en-US","potentialAction":[{"@type":"ReadAction","target":["https:\/\/hotelnormandin.com\/en\/hotel-et-suites-normandin-quebec\/services\/convenience-store\/"]}]},{"@type":"BreadcrumbList","@id":"https:\/\/hotelnormandin.com\/en\/hotel-et-suites-normandin-quebec\/services\/convenience-store\/#breadcrumb","itemListElement":[{"@type":"ListItem","position":1,"name":"Home","item":"https:\/\/hotelnormandin.com\/en\/"},{"@type":"ListItem","position":2,"name":"H\u00f4tel &#038; Suites Normandin Qu\u00e9bec","item":"https:\/\/hotelnormandin.com\/en\/hotel-et-suites-normandin-quebec\/"},{"@type":"ListItem","position":3,"name":"Services","item":"https:\/\/hotelnormandin.com\/en\/hotel-et-suites-normandin-quebec\/services\/"},{"@type":"ListItem","position":4,"name":"Convenience store"}]},{"@type":"WebSite","@id":"https:\/\/hotelnormandin.com\/#website","url":"https:\/\/hotelnormandin.com\/","name":"H\u00f4tel Normandin","description":"Chambres et suites avec un confort et une propret\u00e9 irr\u00e9prochables. Seul, en couple ou en famille, planifiez un s\u00e9jour confortable dans nos h\u00f4tels. Meilleur prix garanti. D\u00e9jeuner continental inclus. Forfaits disponibles.","publisher":{"@id":"https:\/\/hotelnormandin.com\/#organization"},"potentialAction":[{"@type":"SearchAction","target":{"@type":"EntryPoint","urlTemplate":"https:\/\/hotelnormandin.com\/?s={search_term_string}"},"query-input":"required name=search_term_string"}],"inLanguage":"en-US"},{"@type":"Organization","@id":"https:\/\/hotelnormandin.com\/#organization","name":"H\u00f4tel Normandin","url":"https:\/\/hotelnormandin.com\/","logo":{"@type":"ImageObject","inLanguage":"en-US","@id":"https:\/\/hotelnormandin.com\/#\/schema\/logo\/image\/","url":"https:\/\/hotelnormandin.com\/\/app\/uploads\/2023\/09\/logo_Les-Hotels-Normandin_site-web.png","contentUrl":"https:\/\/hotelnormandin.com\/\/app\/uploads\/2023\/09\/logo_Les-Hotels-Normandin_site-web.png","width":622,"height":168,"caption":"H\u00f4tel Normandin"},"image":{"@id":"https:\/\/hotelnormandin.com\/#\/schema\/logo\/image\/"},"sameAs":["https:\/\/www.facebook.com\/leshotelsnormandin\/"]}]}},"acf":{"titre":"Convenience store","image":{"ID":4366,"id":4366,"title":"Normandin - Fichier finaux","filename":"depanneur-hsn-quebec2400x1600.jpg","filesize":1401435,"url":"https:\/\/hotelnormandin.com\/\/app\/uploads\/2023\/10\/depanneur-hsn-quebec2400x1600.jpg","link":"https:\/\/hotelnormandin.com\/en\/hotel-et-suites-normandin-quebec\/services\/convenience-store\/normandin-fichier-finaux-116-2\/","alt":"","author":"6","description":"","caption":"","name":"normandin-fichier-finaux-116-2","status":"inherit","uploaded_to":3859,"date":"2023-10-13 20:57:48","modified":"2023-10-13 20:57:48","menu_order":0,"mime_type":"image\/jpeg","type":"image","subtype":"jpeg","icon":"https:\/\/hotelnormandin.com\/wp\/wp-includes\/images\/media\/default.png","width":2400,"height":1600,"sizes":{"thumbnail":"https:\/\/hotelnormandin.com\/\/app\/uploads\/2023\/10\/depanneur-hsn-quebec2400x1600-150x150.jpg","thumbnail-width":150,"thumbnail-height":150,"medium":"https:\/\/hotelnormandin.com\/\/app\/uploads\/2023\/10\/depanneur-hsn-quebec2400x1600-300x200.jpg","medium-width":300,"medium-height":200,"medium_large":"https:\/\/hotelnormandin.com\/\/app\/uploads\/2023\/10\/depanneur-hsn-quebec2400x1600-768x512.jpg","medium_large-width":768,"medium_large-height":512,"large":"https:\/\/hotelnormandin.com\/\/app\/uploads\/2023\/10\/depanneur-hsn-quebec2400x1600-1024x683.jpg","large-width":1024,"large-height":683,"1536x1536":"https:\/\/hotelnormandin.com\/\/app\/uploads\/2023\/10\/depanneur-hsn-quebec2400x1600-1536x1024.jpg","1536x1536-width":1536,"1536x1536-height":1024,"2048x2048":"https:\/\/hotelnormandin.com\/\/app\/uploads\/2023\/10\/depanneur-hsn-quebec2400x1600-2048x1365.jpg","2048x2048-width":2048,"2048x2048-height":1365}},"petite_image":{"ID":4368,"id":4368,"title":"depanneur-hsn-quebec730x655","filename":"depanneur-hsn-quebec730x655.jpg","filesize":138498,"url":"https:\/\/hotelnormandin.com\/\/app\/uploads\/2023\/10\/depanneur-hsn-quebec730x655.jpg","link":"https:\/\/hotelnormandin.com\/en\/hotel-et-suites-normandin-quebec\/services\/convenience-store\/depanneur-hsn-quebec730x655-2\/","alt":"","author":"6","description":"","caption":"","name":"depanneur-hsn-quebec730x655-2","status":"inherit","uploaded_to":3859,"date":"2023-10-13 20:58:02","modified":"2023-10-13 20:58:02","menu_order":0,"mime_type":"image\/jpeg","type":"image","subtype":"jpeg","icon":"https:\/\/hotelnormandin.com\/wp\/wp-includes\/images\/media\/default.png","width":730,"height":655,"sizes":{"thumbnail":"https:\/\/hotelnormandin.com\/\/app\/uploads\/2023\/10\/depanneur-hsn-quebec730x655-150x150.jpg","thumbnail-width":150,"thumbnail-height":150,"medium":"https:\/\/hotelnormandin.com\/\/app\/uploads\/2023\/10\/depanneur-hsn-quebec730x655-300x269.jpg","medium-width":300,"medium-height":269,"medium_large":"https:\/\/hotelnormandin.com\/\/app\/uploads\/2023\/10\/depanneur-hsn-quebec730x655.jpg","medium_large-width":730,"medium_large-height":655,"large":"https:\/\/hotelnormandin.com\/\/app\/uploads\/2023\/10\/depanneur-hsn-quebec730x655.jpg","large-width":730,"large-height":655,"1536x1536":"https:\/\/hotelnormandin.com\/\/app\/uploads\/2023\/10\/depanneur-hsn-quebec730x655.jpg","1536x1536-width":730,"1536x1536-height":655,"2048x2048":"https:\/\/hotelnormandin.com\/\/app\/uploads\/2023\/10\/depanneur-hsn-quebec730x655.jpg","2048x2048-width":730,"2048x2048-height":655}},"contenu_flexible":[{"acf_fc_layout":"bloc_wysiwyg","wysiwyg":"<h4>Forgot some personal effects or just hungry for a snack?<\/h4>\n<p>Visit our convenience store and find different products such as toothbrushes, shaving cream or cleaning wipes in addition to a wide selection of snacks and alcoholic and non-alcoholic beverages. In addition, a specialty coffee machine (French vanilla, latte, etc.) is available nearby 24 hours a day, completely free of charge. Did you like the quality of certain items you had in your room and would you like to have them for your home? We have various products for sale such as bathrobes, pillows, sheets, etc.<\/p>\n"},{"acf_fc_layout":"bloc_glissiere_gallerie_image","glissiere_galerie_images":[{"ID":3630,"id":3630,"title":"depanneur-hotel-et-suites-normandin-quebec-8","filename":"depanneur-hotel-et-suites-normandin-quebec-8.jpg","filesize":363357,"url":"https:\/\/hotelnormandin.com\/\/app\/uploads\/2023\/09\/depanneur-hotel-et-suites-normandin-quebec-8.jpg","link":"https:\/\/hotelnormandin.com\/en\/hotel-et-suites-normandin-quebec\/services\/convenience-store\/normandin-fichier-finaux-92-2\/","alt":"D\u00e9panneur \u00e0 l'H\u00f4tel & Suites Normandin Qu\u00e9bec.","author":"6","description":"","caption":"","name":"normandin-fichier-finaux-92-2","status":"inherit","uploaded_to":3859,"date":"2023-09-08 19:22:44","modified":"2023-09-26 19:31:32","menu_order":0,"mime_type":"image\/jpeg","type":"image","subtype":"jpeg","icon":"https:\/\/hotelnormandin.com\/wp\/wp-includes\/images\/media\/default.png","width":2400,"height":1600,"sizes":{"thumbnail":"https:\/\/hotelnormandin.com\/\/app\/uploads\/2023\/09\/depanneur-hotel-et-suites-normandin-quebec-8-150x150.jpg","thumbnail-width":150,"thumbnail-height":150,"medium":"https:\/\/hotelnormandin.com\/\/app\/uploads\/2023\/09\/depanneur-hotel-et-suites-normandin-quebec-8-300x200.jpg","medium-width":300,"medium-height":200,"medium_large":"https:\/\/hotelnormandin.com\/\/app\/uploads\/2023\/09\/depanneur-hotel-et-suites-normandin-quebec-8-768x512.jpg","medium_large-width":768,"medium_large-height":512,"large":"https:\/\/hotelnormandin.com\/\/app\/uploads\/2023\/09\/depanneur-hotel-et-suites-normandin-quebec-8-1024x683.jpg","large-width":1024,"large-height":683,"1536x1536":"https:\/\/hotelnormandin.com\/\/app\/uploads\/2023\/09\/depanneur-hotel-et-suites-normandin-quebec-8-1536x1024.jpg","1536x1536-width":1536,"1536x1536-height":1024,"2048x2048":"https:\/\/hotelnormandin.com\/\/app\/uploads\/2023\/09\/depanneur-hotel-et-suites-normandin-quebec-8-2048x1365.jpg","2048x2048-width":2048,"2048x2048-height":1365}},{"ID":3632,"id":3632,"title":"depanneur-hotel-et-suites-normandin-quebec","filename":"depanneur-hotel-et-suites-normandin-quebec.jpg","filesize":496831,"url":"https:\/\/hotelnormandin.com\/\/app\/uploads\/2023\/09\/depanneur-hotel-et-suites-normandin-quebec.jpg","link":"https:\/\/hotelnormandin.com\/en\/hotel-et-suites-normandin-quebec\/services\/convenience-store\/depanneur_2400x1600-2\/","alt":"D\u00e9panneur \u00e0 l'H\u00f4tel & Suites Normandin Qu\u00e9bec.","author":"6","description":"","caption":"","name":"depanneur_2400x1600-2","status":"inherit","uploaded_to":3859,"date":"2023-09-08 19:22:49","modified":"2023-09-20 18:19:24","menu_order":0,"mime_type":"image\/jpeg","type":"image","subtype":"jpeg","icon":"https:\/\/hotelnormandin.com\/wp\/wp-includes\/images\/media\/default.png","width":2400,"height":1600,"sizes":{"thumbnail":"https:\/\/hotelnormandin.com\/\/app\/uploads\/2023\/09\/depanneur-hotel-et-suites-normandin-quebec-150x150.jpg","thumbnail-width":150,"thumbnail-height":150,"medium":"https:\/\/hotelnormandin.com\/\/app\/uploads\/2023\/09\/depanneur-hotel-et-suites-normandin-quebec-300x200.jpg","medium-width":300,"medium-height":200,"medium_large":"https:\/\/hotelnormandin.com\/\/app\/uploads\/2023\/09\/depanneur-hotel-et-suites-normandin-quebec-768x512.jpg","medium_large-width":768,"medium_large-height":512,"large":"https:\/\/hotelnormandin.com\/\/app\/uploads\/2023\/09\/depanneur-hotel-et-suites-normandin-quebec-1024x683.jpg","large-width":1024,"large-height":683,"1536x1536":"https:\/\/hotelnormandin.com\/\/app\/uploads\/2023\/09\/depanneur-hotel-et-suites-normandin-quebec-1536x1024.jpg","1536x1536-width":1536,"1536x1536-height":1024,"2048x2048":"https:\/\/hotelnormandin.com\/\/app\/uploads\/2023\/09\/depanneur-hotel-et-suites-normandin-quebec-2048x1365.jpg","2048x2048-width":2048,"2048x2048-height":1365}}]}]},"_links":{"self":[{"href":"https:\/\/hotelnormandin.com\/en\/wp-json\/wp\/v2\/pages\/3859"}],"collection":[{"href":"https:\/\/hotelnormandin.com\/en\/wp-json\/wp\/v2\/pages"}],"about":[{"href":"https:\/\/hotelnormandin.com\/en\/wp-json\/wp\/v2\/types\/page"}],"author":[{"embeddable":true,"href":"https:\/\/hotelnormandin.com\/en\/wp-json\/wp\/v2\/users\/6"}],"replies":[{"embeddable":true,"href":"https:\/\/hotelnormandin.com\/en\/wp-json\/wp\/v2\/comments?post=3859"}],"version-history":[{"count":5,"href":"https:\/\/hotelnormandin.com\/en\/wp-json\/wp\/v2\/pages\/3859\/revisions"}],"predecessor-version":[{"id":4370,"href":"https:\/\/hotelnormandin.com\/en\/wp-json\/wp\/v2\/pages\/3859\/revisions\/4370"}],"up":[{"embeddable":true,"href":"https:\/\/hotelnormandin.com\/en\/wp-json\/wp\/v2\/pages\/3862"}],"wp:attachment":[{"href":"https:\/\/hotelnormandin.com\/en\/wp-json\/wp\/v2\/media?parent=3859"}],"curies":[{"name":"wp","href":"https:\/\/api.w.org\/{rel}","templated":true}]}}