{"id":3857,"date":"2023-09-08T19:55:07","date_gmt":"2023-09-08T19:55:07","guid":{"rendered":"https:\/\/hotelnormandin.com\/2-options-dejeuner\/"},"modified":"2023-11-28T19:57:18","modified_gmt":"2023-11-28T19:57:18","slug":"2-breakfast-options","status":"publish","type":"page","link":"https:\/\/hotelnormandin.com\/en\/hotel-et-suites-normandin-quebec\/services\/2-breakfast-options\/","title":{"rendered":"2 breakfast options"},"content":{"rendered":"","protected":false},"excerpt":{"rendered":"","protected":false},"author":6,"featured_media":0,"parent":3862,"menu_order":0,"comment_status":"closed","ping_status":"closed","template":"","meta":{"footnotes":""},"yoast_head":"<!-- This site is optimized with the Yoast SEO plugin v21.8 - https:\/\/yoast.com\/wordpress\/plugins\/seo\/ -->\n<title>2 breakfast options - Les H\u00f4tels Normandin<\/title>\n<meta name=\"robots\" content=\"index, follow, max-snippet:-1, max-image-preview:large, max-video-preview:-1\" \/>\n<link rel=\"canonical\" href=\"https:\/\/hotelnormandin.com\/en\/hotel-et-suites-normandin-quebec\/services\/2-breakfast-options\/\" \/>\n<meta property=\"og:locale\" content=\"en_US\" \/>\n<meta property=\"og:type\" content=\"article\" \/>\n<meta property=\"og:title\" content=\"2 breakfast options - Les H\u00f4tels Normandin\" \/>\n<meta property=\"og:url\" content=\"https:\/\/hotelnormandin.com\/en\/hotel-et-suites-normandin-quebec\/services\/2-breakfast-options\/\" \/>\n<meta property=\"og:site_name\" content=\"Les H\u00f4tels Normandin\" \/>\n<meta property=\"article:publisher\" content=\"https:\/\/www.facebook.com\/leshotelsnormandin\/\" \/>\n<meta property=\"article:modified_time\" content=\"2023-11-28T19:57:18+00:00\" \/>\n<meta property=\"og:image\" content=\"https:\/\/hotelnormandin.com\/\/app\/uploads\/2023\/03\/hotel-suites-normandin-levis-facade-logo.png\" \/>\n\t<meta property=\"og:image:width\" content=\"1761\" \/>\n\t<meta property=\"og:image:height\" content=\"929\" \/>\n\t<meta property=\"og:image:type\" content=\"image\/png\" \/>\n<meta name=\"twitter:card\" content=\"summary_large_image\" \/>\n<script type=\"application\/ld+json\" class=\"yoast-schema-graph\">{\"@context\":\"https:\/\/schema.org\",\"@graph\":[{\"@type\":\"WebPage\",\"@id\":\"https:\/\/hotelnormandin.com\/en\/hotel-et-suites-normandin-quebec\/services\/2-breakfast-options\/\",\"url\":\"https:\/\/hotelnormandin.com\/en\/hotel-et-suites-normandin-quebec\/services\/2-breakfast-options\/\",\"name\":\"2 breakfast options - Les H\u00f4tels Normandin\",\"isPartOf\":{\"@id\":\"https:\/\/hotelnormandin.com\/#website\"},\"datePublished\":\"2023-09-08T19:55:07+00:00\",\"dateModified\":\"2023-11-28T19:57:18+00:00\",\"breadcrumb\":{\"@id\":\"https:\/\/hotelnormandin.com\/en\/hotel-et-suites-normandin-quebec\/services\/2-breakfast-options\/#breadcrumb\"},\"inLanguage\":\"en-US\",\"potentialAction\":[{\"@type\":\"ReadAction\",\"target\":[\"https:\/\/hotelnormandin.com\/en\/hotel-et-suites-normandin-quebec\/services\/2-breakfast-options\/\"]}]},{\"@type\":\"BreadcrumbList\",\"@id\":\"https:\/\/hotelnormandin.com\/en\/hotel-et-suites-normandin-quebec\/services\/2-breakfast-options\/#breadcrumb\",\"itemListElement\":[{\"@type\":\"ListItem\",\"position\":1,\"name\":\"Home\",\"item\":\"https:\/\/hotelnormandin.com\/en\/\"},{\"@type\":\"ListItem\",\"position\":2,\"name\":\"H\u00f4tel &#038; Suites Normandin Qu\u00e9bec\",\"item\":\"https:\/\/hotelnormandin.com\/en\/hotel-et-suites-normandin-quebec\/\"},{\"@type\":\"ListItem\",\"position\":3,\"name\":\"Services\",\"item\":\"https:\/\/hotelnormandin.com\/en\/hotel-et-suites-normandin-quebec\/services\/\"},{\"@type\":\"ListItem\",\"position\":4,\"name\":\"2 breakfast options\"}]},{\"@type\":\"WebSite\",\"@id\":\"https:\/\/hotelnormandin.com\/#website\",\"url\":\"https:\/\/hotelnormandin.com\/\",\"name\":\"H\u00f4tel Normandin\",\"description\":\"Chambres et suites avec un confort et une propret\u00e9 irr\u00e9prochables. Seul, en couple ou en famille, planifiez un s\u00e9jour confortable dans nos h\u00f4tels. Meilleur prix garanti. D\u00e9jeuner continental inclus. Forfaits disponibles.\",\"publisher\":{\"@id\":\"https:\/\/hotelnormandin.com\/#organization\"},\"potentialAction\":[{\"@type\":\"SearchAction\",\"target\":{\"@type\":\"EntryPoint\",\"urlTemplate\":\"https:\/\/hotelnormandin.com\/?s={search_term_string}\"},\"query-input\":\"required name=search_term_string\"}],\"inLanguage\":\"en-US\"},{\"@type\":\"Organization\",\"@id\":\"https:\/\/hotelnormandin.com\/#organization\",\"name\":\"H\u00f4tel Normandin\",\"url\":\"https:\/\/hotelnormandin.com\/\",\"logo\":{\"@type\":\"ImageObject\",\"inLanguage\":\"en-US\",\"@id\":\"https:\/\/hotelnormandin.com\/#\/schema\/logo\/image\/\",\"url\":\"https:\/\/hotelnormandin.com\/\/app\/uploads\/2023\/09\/logo_Les-Hotels-Normandin_site-web.png\",\"contentUrl\":\"https:\/\/hotelnormandin.com\/\/app\/uploads\/2023\/09\/logo_Les-Hotels-Normandin_site-web.png\",\"width\":622,\"height\":168,\"caption\":\"H\u00f4tel Normandin\"},\"image\":{\"@id\":\"https:\/\/hotelnormandin.com\/#\/schema\/logo\/image\/\"},\"sameAs\":[\"https:\/\/www.facebook.com\/leshotelsnormandin\/\"]}]}<\/script>\n<!-- \/ Yoast SEO plugin. -->","yoast_head_json":{"title":"2 breakfast options - Les H\u00f4tels Normandin","robots":{"index":"index","follow":"follow","max-snippet":"max-snippet:-1","max-image-preview":"max-image-preview:large","max-video-preview":"max-video-preview:-1"},"canonical":"https:\/\/hotelnormandin.com\/en\/hotel-et-suites-normandin-quebec\/services\/2-breakfast-options\/","og_locale":"en_US","og_type":"article","og_title":"2 breakfast options - Les H\u00f4tels Normandin","og_url":"https:\/\/hotelnormandin.com\/en\/hotel-et-suites-normandin-quebec\/services\/2-breakfast-options\/","og_site_name":"Les H\u00f4tels Normandin","article_publisher":"https:\/\/www.facebook.com\/leshotelsnormandin\/","article_modified_time":"2023-11-28T19:57:18+00:00","og_image":[{"width":1761,"height":929,"url":"https:\/\/hotelnormandin.com\/\/app\/uploads\/2023\/03\/hotel-suites-normandin-levis-facade-logo.png","type":"image\/png"}],"twitter_card":"summary_large_image","schema":{"@context":"https:\/\/schema.org","@graph":[{"@type":"WebPage","@id":"https:\/\/hotelnormandin.com\/en\/hotel-et-suites-normandin-quebec\/services\/2-breakfast-options\/","url":"https:\/\/hotelnormandin.com\/en\/hotel-et-suites-normandin-quebec\/services\/2-breakfast-options\/","name":"2 breakfast options - Les H\u00f4tels Normandin","isPartOf":{"@id":"https:\/\/hotelnormandin.com\/#website"},"datePublished":"2023-09-08T19:55:07+00:00","dateModified":"2023-11-28T19:57:18+00:00","breadcrumb":{"@id":"https:\/\/hotelnormandin.com\/en\/hotel-et-suites-normandin-quebec\/services\/2-breakfast-options\/#breadcrumb"},"inLanguage":"en-US","potentialAction":[{"@type":"ReadAction","target":["https:\/\/hotelnormandin.com\/en\/hotel-et-suites-normandin-quebec\/services\/2-breakfast-options\/"]}]},{"@type":"BreadcrumbList","@id":"https:\/\/hotelnormandin.com\/en\/hotel-et-suites-normandin-quebec\/services\/2-breakfast-options\/#breadcrumb","itemListElement":[{"@type":"ListItem","position":1,"name":"Home","item":"https:\/\/hotelnormandin.com\/en\/"},{"@type":"ListItem","position":2,"name":"H\u00f4tel &#038; Suites Normandin Qu\u00e9bec","item":"https:\/\/hotelnormandin.com\/en\/hotel-et-suites-normandin-quebec\/"},{"@type":"ListItem","position":3,"name":"Services","item":"https:\/\/hotelnormandin.com\/en\/hotel-et-suites-normandin-quebec\/services\/"},{"@type":"ListItem","position":4,"name":"2 breakfast options"}]},{"@type":"WebSite","@id":"https:\/\/hotelnormandin.com\/#website","url":"https:\/\/hotelnormandin.com\/","name":"H\u00f4tel Normandin","description":"Chambres et suites avec un confort et une propret\u00e9 irr\u00e9prochables. Seul, en couple ou en famille, planifiez un s\u00e9jour confortable dans nos h\u00f4tels. Meilleur prix garanti. D\u00e9jeuner continental inclus. Forfaits disponibles.","publisher":{"@id":"https:\/\/hotelnormandin.com\/#organization"},"potentialAction":[{"@type":"SearchAction","target":{"@type":"EntryPoint","urlTemplate":"https:\/\/hotelnormandin.com\/?s={search_term_string}"},"query-input":"required name=search_term_string"}],"inLanguage":"en-US"},{"@type":"Organization","@id":"https:\/\/hotelnormandin.com\/#organization","name":"H\u00f4tel Normandin","url":"https:\/\/hotelnormandin.com\/","logo":{"@type":"ImageObject","inLanguage":"en-US","@id":"https:\/\/hotelnormandin.com\/#\/schema\/logo\/image\/","url":"https:\/\/hotelnormandin.com\/\/app\/uploads\/2023\/09\/logo_Les-Hotels-Normandin_site-web.png","contentUrl":"https:\/\/hotelnormandin.com\/\/app\/uploads\/2023\/09\/logo_Les-Hotels-Normandin_site-web.png","width":622,"height":168,"caption":"H\u00f4tel Normandin"},"image":{"@id":"https:\/\/hotelnormandin.com\/#\/schema\/logo\/image\/"},"sameAs":["https:\/\/www.facebook.com\/leshotelsnormandin\/"]}]}},"acf":{"titre":"2 breakfast options","image":{"ID":4340,"id":4340,"title":"femme-dejeuner-hsn-quebec2400x1600","filename":"femme-dejeuner-hsn-quebec2400x1600.jpg","filesize":1257690,"url":"https:\/\/hotelnormandin.com\/\/app\/uploads\/2023\/10\/femme-dejeuner-hsn-quebec2400x1600.jpg","link":"https:\/\/hotelnormandin.com\/en\/hotel-et-suites-normandin-quebec\/services\/2-breakfast-options\/femme-dejeuner-hsn-quebec2400x1600-2\/","alt":"","author":"6","description":"","caption":"","name":"femme-dejeuner-hsn-quebec2400x1600-2","status":"inherit","uploaded_to":3857,"date":"2023-10-13 20:19:18","modified":"2023-10-13 20:19:18","menu_order":0,"mime_type":"image\/jpeg","type":"image","subtype":"jpeg","icon":"https:\/\/hotelnormandin.com\/wp\/wp-includes\/images\/media\/default.png","width":2400,"height":1600,"sizes":{"thumbnail":"https:\/\/hotelnormandin.com\/\/app\/uploads\/2023\/10\/femme-dejeuner-hsn-quebec2400x1600-150x150.jpg","thumbnail-width":150,"thumbnail-height":150,"medium":"https:\/\/hotelnormandin.com\/\/app\/uploads\/2023\/10\/femme-dejeuner-hsn-quebec2400x1600-300x200.jpg","medium-width":300,"medium-height":200,"medium_large":"https:\/\/hotelnormandin.com\/\/app\/uploads\/2023\/10\/femme-dejeuner-hsn-quebec2400x1600-768x512.jpg","medium_large-width":768,"medium_large-height":512,"large":"https:\/\/hotelnormandin.com\/\/app\/uploads\/2023\/10\/femme-dejeuner-hsn-quebec2400x1600-1024x683.jpg","large-width":1024,"large-height":683,"1536x1536":"https:\/\/hotelnormandin.com\/\/app\/uploads\/2023\/10\/femme-dejeuner-hsn-quebec2400x1600-1536x1024.jpg","1536x1536-width":1536,"1536x1536-height":1024,"2048x2048":"https:\/\/hotelnormandin.com\/\/app\/uploads\/2023\/10\/femme-dejeuner-hsn-quebec2400x1600-2048x1365.jpg","2048x2048-width":2048,"2048x2048-height":1365}},"petite_image":{"ID":4342,"id":4342,"title":"femme-dejeuner-hsn-quebec730x655","filename":"femme-dejeuner-hsn-quebec730x655.jpg","filesize":132196,"url":"https:\/\/hotelnormandin.com\/\/app\/uploads\/2023\/10\/femme-dejeuner-hsn-quebec730x655.jpg","link":"https:\/\/hotelnormandin.com\/en\/hotel-et-suites-normandin-quebec\/services\/2-breakfast-options\/femme-dejeuner-hsn-quebec730x655-2\/","alt":"","author":"6","description":"","caption":"","name":"femme-dejeuner-hsn-quebec730x655-2","status":"inherit","uploaded_to":3857,"date":"2023-10-13 20:19:43","modified":"2023-10-13 20:19:43","menu_order":0,"mime_type":"image\/jpeg","type":"image","subtype":"jpeg","icon":"https:\/\/hotelnormandin.com\/wp\/wp-includes\/images\/media\/default.png","width":730,"height":655,"sizes":{"thumbnail":"https:\/\/hotelnormandin.com\/\/app\/uploads\/2023\/10\/femme-dejeuner-hsn-quebec730x655-150x150.jpg","thumbnail-width":150,"thumbnail-height":150,"medium":"https:\/\/hotelnormandin.com\/\/app\/uploads\/2023\/10\/femme-dejeuner-hsn-quebec730x655-300x269.jpg","medium-width":300,"medium-height":269,"medium_large":"https:\/\/hotelnormandin.com\/\/app\/uploads\/2023\/10\/femme-dejeuner-hsn-quebec730x655.jpg","medium_large-width":730,"medium_large-height":655,"large":"https:\/\/hotelnormandin.com\/\/app\/uploads\/2023\/10\/femme-dejeuner-hsn-quebec730x655.jpg","large-width":730,"large-height":655,"1536x1536":"https:\/\/hotelnormandin.com\/\/app\/uploads\/2023\/10\/femme-dejeuner-hsn-quebec730x655.jpg","1536x1536-width":730,"1536x1536-height":655,"2048x2048":"https:\/\/hotelnormandin.com\/\/app\/uploads\/2023\/10\/femme-dejeuner-hsn-quebec730x655.jpg","2048x2048-width":730,"2048x2048-height":655}},"contenu_flexible":[{"acf_fc_layout":"bloc_wysiwyg","wysiwyg":"<h3><strong>The best of two worlds\u2026 Two options to start the day!<\/strong><\/h3>\n<p><em>Included when your room reservation is made directly with our team or on our website. A voucher per person per day valid for these 2 options will be given to you with your room key upon your arrival.<\/em><\/p>\n<h3><strong>1: Expanded continental breakfast at the hotel<\/strong><\/h3>\n<p>Enjoy a wide selection of food such as real maple syrup, beans, boiled eggs, homemade cretons and strawberry jam without forgetting the grill for bagels and toasts.<\/p>\n<p>Monday to Friday: 6am to 10am<br \/>\nSaturday-Sunday: 7am to 11am<\/p>\n<p>* The schedule varies on public holidays and during the summer.<\/p>\n<h3><strong>2: 20% discount on the whole breakfast menu at our restaurant Normandin<\/strong><\/h3>\n<p>You would like to eat pancakes or eggs Benedict? Go to the restaurant Normandin located in front of the hotel before 10am and share the voucher you received at your check-in. You\u2019ll get a 20% off on your breakfast\u2019s invoice.<\/p>\n"},{"acf_fc_layout":"bloc_glissiere_gallerie_image","glissiere_galerie_images":[{"ID":3644,"id":3644,"title":"couple-dejeuner-continental-quebec","filename":"couple-dejeuner-continental-quebec.jpg","filesize":522992,"url":"https:\/\/hotelnormandin.com\/\/app\/uploads\/2023\/09\/couple-dejeuner-continental-quebec.jpg","link":"https:\/\/hotelnormandin.com\/en\/hotel-et-suites-normandin-quebec\/services\/2-breakfast-options\/normandin-fichier-finaux-94-2\/","alt":"Couple au d\u00e9jeuner continental de l'H\u00f4tel & Suites Normandin Qu\u00e9bec.","author":"6","description":"","caption":"","name":"normandin-fichier-finaux-94-2","status":"inherit","uploaded_to":3857,"date":"2023-09-08 19:47:01","modified":"2023-09-20 18:17:49","menu_order":0,"mime_type":"image\/jpeg","type":"image","subtype":"jpeg","icon":"https:\/\/hotelnormandin.com\/wp\/wp-includes\/images\/media\/default.png","width":2400,"height":1600,"sizes":{"thumbnail":"https:\/\/hotelnormandin.com\/\/app\/uploads\/2023\/09\/couple-dejeuner-continental-quebec-150x150.jpg","thumbnail-width":150,"thumbnail-height":150,"medium":"https:\/\/hotelnormandin.com\/\/app\/uploads\/2023\/09\/couple-dejeuner-continental-quebec-300x200.jpg","medium-width":300,"medium-height":200,"medium_large":"https:\/\/hotelnormandin.com\/\/app\/uploads\/2023\/09\/couple-dejeuner-continental-quebec-768x512.jpg","medium_large-width":768,"medium_large-height":512,"large":"https:\/\/hotelnormandin.com\/\/app\/uploads\/2023\/09\/couple-dejeuner-continental-quebec-1024x683.jpg","large-width":1024,"large-height":683,"1536x1536":"https:\/\/hotelnormandin.com\/\/app\/uploads\/2023\/09\/couple-dejeuner-continental-quebec-1536x1024.jpg","1536x1536-width":1536,"1536x1536-height":1024,"2048x2048":"https:\/\/hotelnormandin.com\/\/app\/uploads\/2023\/09\/couple-dejeuner-continental-quebec-2048x1365.jpg","2048x2048-width":2048,"2048x2048-height":1365}},{"ID":3651,"id":3651,"title":"femme-grill-roties-dejeuner","filename":"femme-grill-roties-dejeuner.jpg","filesize":399731,"url":"https:\/\/hotelnormandin.com\/\/app\/uploads\/2023\/09\/femme-grill-roties-dejeuner.jpg","link":"https:\/\/hotelnormandin.com\/en\/hotel-et-suites-normandin-quebec\/services\/2-breakfast-options\/normandin-fichier-finaux-97-2\/","alt":"Femme qui fait r\u00f4tir ses r\u00f4ties sur le grill.","author":"6","description":"","caption":"","name":"normandin-fichier-finaux-97-2","status":"inherit","uploaded_to":3857,"date":"2023-09-08 19:51:43","modified":"2023-09-20 18:16:18","menu_order":0,"mime_type":"image\/jpeg","type":"image","subtype":"jpeg","icon":"https:\/\/hotelnormandin.com\/wp\/wp-includes\/images\/media\/default.png","width":2400,"height":1600,"sizes":{"thumbnail":"https:\/\/hotelnormandin.com\/\/app\/uploads\/2023\/09\/femme-grill-roties-dejeuner-150x150.jpg","thumbnail-width":150,"thumbnail-height":150,"medium":"https:\/\/hotelnormandin.com\/\/app\/uploads\/2023\/09\/femme-grill-roties-dejeuner-300x200.jpg","medium-width":300,"medium-height":200,"medium_large":"https:\/\/hotelnormandin.com\/\/app\/uploads\/2023\/09\/femme-grill-roties-dejeuner-768x512.jpg","medium_large-width":768,"medium_large-height":512,"large":"https:\/\/hotelnormandin.com\/\/app\/uploads\/2023\/09\/femme-grill-roties-dejeuner-1024x683.jpg","large-width":1024,"large-height":683,"1536x1536":"https:\/\/hotelnormandin.com\/\/app\/uploads\/2023\/09\/femme-grill-roties-dejeuner-1536x1024.jpg","1536x1536-width":1536,"1536x1536-height":1024,"2048x2048":"https:\/\/hotelnormandin.com\/\/app\/uploads\/2023\/09\/femme-grill-roties-dejeuner-2048x1365.jpg","2048x2048-width":2048,"2048x2048-height":1365}},{"ID":3649,"id":3649,"title":"dejeuner-continental-hotel-et-suites-normandin-quebec","filename":"dejeuner-continental-hotel-et-suites-normandin-quebec.jpg","filesize":170760,"url":"https:\/\/hotelnormandin.com\/\/app\/uploads\/2023\/09\/dejeuner-continental-hotel-et-suites-normandin-quebec.jpg","link":"https:\/\/hotelnormandin.com\/en\/hotel-et-suites-normandin-quebec\/services\/2-breakfast-options\/normandin-fichier-finaux-96-2\/","alt":"D\u00e9jeuner continental \u00e0 l'H\u00f4tel & Suites Normandin Qu\u00e9bec.","author":"6","description":"","caption":"","name":"normandin-fichier-finaux-96-2","status":"inherit","uploaded_to":3857,"date":"2023-09-08 19:51:15","modified":"2023-09-20 18:16:42","menu_order":0,"mime_type":"image\/jpeg","type":"image","subtype":"jpeg","icon":"https:\/\/hotelnormandin.com\/wp\/wp-includes\/images\/media\/default.png","width":2400,"height":1600,"sizes":{"thumbnail":"https:\/\/hotelnormandin.com\/\/app\/uploads\/2023\/09\/dejeuner-continental-hotel-et-suites-normandin-quebec-150x150.jpg","thumbnail-width":150,"thumbnail-height":150,"medium":"https:\/\/hotelnormandin.com\/\/app\/uploads\/2023\/09\/dejeuner-continental-hotel-et-suites-normandin-quebec-300x200.jpg","medium-width":300,"medium-height":200,"medium_large":"https:\/\/hotelnormandin.com\/\/app\/uploads\/2023\/09\/dejeuner-continental-hotel-et-suites-normandin-quebec-768x512.jpg","medium_large-width":768,"medium_large-height":512,"large":"https:\/\/hotelnormandin.com\/\/app\/uploads\/2023\/09\/dejeuner-continental-hotel-et-suites-normandin-quebec-1024x683.jpg","large-width":1024,"large-height":683,"1536x1536":"https:\/\/hotelnormandin.com\/\/app\/uploads\/2023\/09\/dejeuner-continental-hotel-et-suites-normandin-quebec-1536x1024.jpg","1536x1536-width":1536,"1536x1536-height":1024,"2048x2048":"https:\/\/hotelnormandin.com\/\/app\/uploads\/2023\/09\/dejeuner-continental-hotel-et-suites-normandin-quebec-2048x1365.jpg","2048x2048-width":2048,"2048x2048-height":1365}},{"ID":3647,"id":3647,"title":"employee-cafe-dejeuner","filename":"employee-cafe-dejeuner.jpg","filesize":294613,"url":"https:\/\/hotelnormandin.com\/\/app\/uploads\/2023\/09\/employee-cafe-dejeuner.jpg","link":"https:\/\/hotelnormandin.com\/en\/hotel-et-suites-normandin-quebec\/services\/2-breakfast-options\/normandin-fichier-finaux-95-2\/","alt":"Employ\u00e9e qui sert du caf\u00e9 \u00e0 une cliente.","author":"6","description":"","caption":"","name":"normandin-fichier-finaux-95-2","status":"inherit","uploaded_to":3857,"date":"2023-09-08 19:49:34","modified":"2023-09-20 18:17:12","menu_order":0,"mime_type":"image\/jpeg","type":"image","subtype":"jpeg","icon":"https:\/\/hotelnormandin.com\/wp\/wp-includes\/images\/media\/default.png","width":2400,"height":1600,"sizes":{"thumbnail":"https:\/\/hotelnormandin.com\/\/app\/uploads\/2023\/09\/employee-cafe-dejeuner-150x150.jpg","thumbnail-width":150,"thumbnail-height":150,"medium":"https:\/\/hotelnormandin.com\/\/app\/uploads\/2023\/09\/employee-cafe-dejeuner-300x200.jpg","medium-width":300,"medium-height":200,"medium_large":"https:\/\/hotelnormandin.com\/\/app\/uploads\/2023\/09\/employee-cafe-dejeuner-768x512.jpg","medium_large-width":768,"medium_large-height":512,"large":"https:\/\/hotelnormandin.com\/\/app\/uploads\/2023\/09\/employee-cafe-dejeuner-1024x683.jpg","large-width":1024,"large-height":683,"1536x1536":"https:\/\/hotelnormandin.com\/\/app\/uploads\/2023\/09\/employee-cafe-dejeuner-1536x1024.jpg","1536x1536-width":1536,"1536x1536-height":1024,"2048x2048":"https:\/\/hotelnormandin.com\/\/app\/uploads\/2023\/09\/employee-cafe-dejeuner-2048x1365.jpg","2048x2048-width":2048,"2048x2048-height":1365}}]}]},"_links":{"self":[{"href":"https:\/\/hotelnormandin.com\/en\/wp-json\/wp\/v2\/pages\/3857"}],"collection":[{"href":"https:\/\/hotelnormandin.com\/en\/wp-json\/wp\/v2\/pages"}],"about":[{"href":"https:\/\/hotelnormandin.com\/en\/wp-json\/wp\/v2\/types\/page"}],"author":[{"embeddable":true,"href":"https:\/\/hotelnormandin.com\/en\/wp-json\/wp\/v2\/users\/6"}],"replies":[{"embeddable":true,"href":"https:\/\/hotelnormandin.com\/en\/wp-json\/wp\/v2\/comments?post=3857"}],"version-history":[{"count":5,"href":"https:\/\/hotelnormandin.com\/en\/wp-json\/wp\/v2\/pages\/3857\/revisions"}],"predecessor-version":[{"id":4431,"href":"https:\/\/hotelnormandin.com\/en\/wp-json\/wp\/v2\/pages\/3857\/revisions\/4431"}],"up":[{"embeddable":true,"href":"https:\/\/hotelnormandin.com\/en\/wp-json\/wp\/v2\/pages\/3862"}],"wp:attachment":[{"href":"https:\/\/hotelnormandin.com\/en\/wp-json\/wp\/v2\/media?parent=3857"}],"curies":[{"name":"wp","href":"https:\/\/api.w.org\/{rel}","templated":true}]}}