{"id":3837,"date":"2023-09-12T15:20:13","date_gmt":"2023-09-12T15:20:13","guid":{"rendered":"https:\/\/hotelnormandin.com\/hotel-et-suites-normandin-levis\/services\/"},"modified":"2023-09-28T21:24:55","modified_gmt":"2023-09-28T21:24:55","slug":"services","status":"publish","type":"page","link":"https:\/\/hotelnormandin.com\/en\/hotel-et-suites-normandin-levis\/services\/","title":{"rendered":"Services"},"content":{"rendered":"","protected":false},"excerpt":{"rendered":"","protected":false},"author":6,"featured_media":0,"parent":2482,"menu_order":0,"comment_status":"closed","ping_status":"closed","template":"","meta":{"footnotes":""},"yoast_head":"<!-- This site is optimized with the Yoast SEO plugin v21.8 - https:\/\/yoast.com\/wordpress\/plugins\/seo\/ -->\n<title>Services - Les H\u00f4tels Normandin<\/title>\n<meta name=\"robots\" content=\"index, follow, max-snippet:-1, max-image-preview:large, max-video-preview:-1\" \/>\n<link rel=\"canonical\" href=\"https:\/\/hotelnormandin.com\/en\/hotel-et-suites-normandin-levis\/services\/\" \/>\n<meta property=\"og:locale\" content=\"en_US\" \/>\n<meta property=\"og:type\" content=\"article\" \/>\n<meta property=\"og:title\" content=\"Services - Les H\u00f4tels Normandin\" \/>\n<meta property=\"og:url\" content=\"https:\/\/hotelnormandin.com\/en\/hotel-et-suites-normandin-levis\/services\/\" \/>\n<meta property=\"og:site_name\" content=\"Les H\u00f4tels Normandin\" \/>\n<meta property=\"article:publisher\" content=\"https:\/\/www.facebook.com\/leshotelsnormandin\/\" \/>\n<meta property=\"article:modified_time\" content=\"2023-09-28T21:24:55+00:00\" \/>\n<meta property=\"og:image\" content=\"https:\/\/hotelnormandin.com\/\/app\/uploads\/2023\/03\/hotel-suites-normandin-levis-facade-logo.png\" \/>\n\t<meta property=\"og:image:width\" content=\"1761\" \/>\n\t<meta property=\"og:image:height\" content=\"929\" \/>\n\t<meta property=\"og:image:type\" content=\"image\/png\" \/>\n<meta name=\"twitter:card\" content=\"summary_large_image\" \/>\n<script type=\"application\/ld+json\" class=\"yoast-schema-graph\">{\"@context\":\"https:\/\/schema.org\",\"@graph\":[{\"@type\":\"WebPage\",\"@id\":\"https:\/\/hotelnormandin.com\/en\/hotel-et-suites-normandin-levis\/services\/\",\"url\":\"https:\/\/hotelnormandin.com\/en\/hotel-et-suites-normandin-levis\/services\/\",\"name\":\"Services - Les H\u00f4tels Normandin\",\"isPartOf\":{\"@id\":\"https:\/\/hotelnormandin.com\/#website\"},\"datePublished\":\"2023-09-12T15:20:13+00:00\",\"dateModified\":\"2023-09-28T21:24:55+00:00\",\"breadcrumb\":{\"@id\":\"https:\/\/hotelnormandin.com\/en\/hotel-et-suites-normandin-levis\/services\/#breadcrumb\"},\"inLanguage\":\"en-US\",\"potentialAction\":[{\"@type\":\"ReadAction\",\"target\":[\"https:\/\/hotelnormandin.com\/en\/hotel-et-suites-normandin-levis\/services\/\"]}]},{\"@type\":\"BreadcrumbList\",\"@id\":\"https:\/\/hotelnormandin.com\/en\/hotel-et-suites-normandin-levis\/services\/#breadcrumb\",\"itemListElement\":[{\"@type\":\"ListItem\",\"position\":1,\"name\":\"Home\",\"item\":\"https:\/\/hotelnormandin.com\/en\/\"},{\"@type\":\"ListItem\",\"position\":2,\"name\":\"H\u00f4tel &#038; Suites Normandin L\u00e9vis\",\"item\":\"https:\/\/hotelnormandin.com\/en\/hotel-et-suites-normandin-levis\/\"},{\"@type\":\"ListItem\",\"position\":3,\"name\":\"Services\"}]},{\"@type\":\"WebSite\",\"@id\":\"https:\/\/hotelnormandin.com\/#website\",\"url\":\"https:\/\/hotelnormandin.com\/\",\"name\":\"H\u00f4tel Normandin\",\"description\":\"Chambres et suites avec un confort et une propret\u00e9 irr\u00e9prochables. Seul, en couple ou en famille, planifiez un s\u00e9jour confortable dans nos h\u00f4tels. Meilleur prix garanti. D\u00e9jeuner continental inclus. Forfaits disponibles.\",\"publisher\":{\"@id\":\"https:\/\/hotelnormandin.com\/#organization\"},\"potentialAction\":[{\"@type\":\"SearchAction\",\"target\":{\"@type\":\"EntryPoint\",\"urlTemplate\":\"https:\/\/hotelnormandin.com\/?s={search_term_string}\"},\"query-input\":\"required name=search_term_string\"}],\"inLanguage\":\"en-US\"},{\"@type\":\"Organization\",\"@id\":\"https:\/\/hotelnormandin.com\/#organization\",\"name\":\"H\u00f4tel Normandin\",\"url\":\"https:\/\/hotelnormandin.com\/\",\"logo\":{\"@type\":\"ImageObject\",\"inLanguage\":\"en-US\",\"@id\":\"https:\/\/hotelnormandin.com\/#\/schema\/logo\/image\/\",\"url\":\"https:\/\/hotelnormandin.com\/\/app\/uploads\/2023\/09\/logo_Les-Hotels-Normandin_site-web.png\",\"contentUrl\":\"https:\/\/hotelnormandin.com\/\/app\/uploads\/2023\/09\/logo_Les-Hotels-Normandin_site-web.png\",\"width\":622,\"height\":168,\"caption\":\"H\u00f4tel Normandin\"},\"image\":{\"@id\":\"https:\/\/hotelnormandin.com\/#\/schema\/logo\/image\/\"},\"sameAs\":[\"https:\/\/www.facebook.com\/leshotelsnormandin\/\"]}]}<\/script>\n<!-- \/ Yoast SEO plugin. -->","yoast_head_json":{"title":"Services - Les H\u00f4tels Normandin","robots":{"index":"index","follow":"follow","max-snippet":"max-snippet:-1","max-image-preview":"max-image-preview:large","max-video-preview":"max-video-preview:-1"},"canonical":"https:\/\/hotelnormandin.com\/en\/hotel-et-suites-normandin-levis\/services\/","og_locale":"en_US","og_type":"article","og_title":"Services - Les H\u00f4tels Normandin","og_url":"https:\/\/hotelnormandin.com\/en\/hotel-et-suites-normandin-levis\/services\/","og_site_name":"Les H\u00f4tels Normandin","article_publisher":"https:\/\/www.facebook.com\/leshotelsnormandin\/","article_modified_time":"2023-09-28T21:24:55+00:00","og_image":[{"width":1761,"height":929,"url":"https:\/\/hotelnormandin.com\/\/app\/uploads\/2023\/03\/hotel-suites-normandin-levis-facade-logo.png","type":"image\/png"}],"twitter_card":"summary_large_image","schema":{"@context":"https:\/\/schema.org","@graph":[{"@type":"WebPage","@id":"https:\/\/hotelnormandin.com\/en\/hotel-et-suites-normandin-levis\/services\/","url":"https:\/\/hotelnormandin.com\/en\/hotel-et-suites-normandin-levis\/services\/","name":"Services - Les H\u00f4tels Normandin","isPartOf":{"@id":"https:\/\/hotelnormandin.com\/#website"},"datePublished":"2023-09-12T15:20:13+00:00","dateModified":"2023-09-28T21:24:55+00:00","breadcrumb":{"@id":"https:\/\/hotelnormandin.com\/en\/hotel-et-suites-normandin-levis\/services\/#breadcrumb"},"inLanguage":"en-US","potentialAction":[{"@type":"ReadAction","target":["https:\/\/hotelnormandin.com\/en\/hotel-et-suites-normandin-levis\/services\/"]}]},{"@type":"BreadcrumbList","@id":"https:\/\/hotelnormandin.com\/en\/hotel-et-suites-normandin-levis\/services\/#breadcrumb","itemListElement":[{"@type":"ListItem","position":1,"name":"Home","item":"https:\/\/hotelnormandin.com\/en\/"},{"@type":"ListItem","position":2,"name":"H\u00f4tel &#038; Suites Normandin L\u00e9vis","item":"https:\/\/hotelnormandin.com\/en\/hotel-et-suites-normandin-levis\/"},{"@type":"ListItem","position":3,"name":"Services"}]},{"@type":"WebSite","@id":"https:\/\/hotelnormandin.com\/#website","url":"https:\/\/hotelnormandin.com\/","name":"H\u00f4tel Normandin","description":"Chambres et suites avec un confort et une propret\u00e9 irr\u00e9prochables. Seul, en couple ou en famille, planifiez un s\u00e9jour confortable dans nos h\u00f4tels. Meilleur prix garanti. D\u00e9jeuner continental inclus. Forfaits disponibles.","publisher":{"@id":"https:\/\/hotelnormandin.com\/#organization"},"potentialAction":[{"@type":"SearchAction","target":{"@type":"EntryPoint","urlTemplate":"https:\/\/hotelnormandin.com\/?s={search_term_string}"},"query-input":"required name=search_term_string"}],"inLanguage":"en-US"},{"@type":"Organization","@id":"https:\/\/hotelnormandin.com\/#organization","name":"H\u00f4tel Normandin","url":"https:\/\/hotelnormandin.com\/","logo":{"@type":"ImageObject","inLanguage":"en-US","@id":"https:\/\/hotelnormandin.com\/#\/schema\/logo\/image\/","url":"https:\/\/hotelnormandin.com\/\/app\/uploads\/2023\/09\/logo_Les-Hotels-Normandin_site-web.png","contentUrl":"https:\/\/hotelnormandin.com\/\/app\/uploads\/2023\/09\/logo_Les-Hotels-Normandin_site-web.png","width":622,"height":168,"caption":"H\u00f4tel Normandin"},"image":{"@id":"https:\/\/hotelnormandin.com\/#\/schema\/logo\/image\/"},"sameAs":["https:\/\/www.facebook.com\/leshotelsnormandin\/"]}]}},"acf":{"titre":"Our services","image_entete":{"ID":1671,"id":1671,"title":"revue-carte-chambre-quebec","filename":"revue-carte-chambre-quebec.jpg","filesize":335566,"url":"https:\/\/hotelnormandin.com\/\/app\/uploads\/2023\/05\/revue-carte-chambre-quebec.jpg","link":"https:\/\/hotelnormandin.com\/en\/hotel-et-suites-normandin-quebec\/rooms\/normandin-fichier-finaux-54-2\/","alt":"","author":"6","description":"","caption":"","name":"normandin-fichier-finaux-54-2","status":"inherit","uploaded_to":2805,"date":"2023-05-04 18:22:40","modified":"2023-09-25 19:07:55","menu_order":0,"mime_type":"image\/jpeg","type":"image","subtype":"jpeg","icon":"https:\/\/hotelnormandin.com\/wp\/wp-includes\/images\/media\/default.png","width":2400,"height":1600,"sizes":{"thumbnail":"https:\/\/hotelnormandin.com\/\/app\/uploads\/2023\/05\/revue-carte-chambre-quebec-150x150.jpg","thumbnail-width":150,"thumbnail-height":150,"medium":"https:\/\/hotelnormandin.com\/\/app\/uploads\/2023\/05\/revue-carte-chambre-quebec-300x200.jpg","medium-width":300,"medium-height":200,"medium_large":"https:\/\/hotelnormandin.com\/\/app\/uploads\/2023\/05\/revue-carte-chambre-quebec-768x512.jpg","medium_large-width":768,"medium_large-height":512,"large":"https:\/\/hotelnormandin.com\/\/app\/uploads\/2023\/05\/revue-carte-chambre-quebec-1024x683.jpg","large-width":1024,"large-height":683,"1536x1536":"https:\/\/hotelnormandin.com\/\/app\/uploads\/2023\/05\/revue-carte-chambre-quebec-1536x1024.jpg","1536x1536-width":1536,"1536x1536-height":1024,"2048x2048":"https:\/\/hotelnormandin.com\/\/app\/uploads\/2023\/05\/revue-carte-chambre-quebec-2048x1365.jpg","2048x2048-width":2048,"2048x2048-height":1365}},"petite_image_entete":{"ID":1671,"id":1671,"title":"revue-carte-chambre-quebec","filename":"revue-carte-chambre-quebec.jpg","filesize":335566,"url":"https:\/\/hotelnormandin.com\/\/app\/uploads\/2023\/05\/revue-carte-chambre-quebec.jpg","link":"https:\/\/hotelnormandin.com\/en\/hotel-et-suites-normandin-quebec\/rooms\/normandin-fichier-finaux-54-2\/","alt":"","author":"6","description":"","caption":"","name":"normandin-fichier-finaux-54-2","status":"inherit","uploaded_to":2805,"date":"2023-05-04 18:22:40","modified":"2023-09-25 19:07:55","menu_order":0,"mime_type":"image\/jpeg","type":"image","subtype":"jpeg","icon":"https:\/\/hotelnormandin.com\/wp\/wp-includes\/images\/media\/default.png","width":2400,"height":1600,"sizes":{"thumbnail":"https:\/\/hotelnormandin.com\/\/app\/uploads\/2023\/05\/revue-carte-chambre-quebec-150x150.jpg","thumbnail-width":150,"thumbnail-height":150,"medium":"https:\/\/hotelnormandin.com\/\/app\/uploads\/2023\/05\/revue-carte-chambre-quebec-300x200.jpg","medium-width":300,"medium-height":200,"medium_large":"https:\/\/hotelnormandin.com\/\/app\/uploads\/2023\/05\/revue-carte-chambre-quebec-768x512.jpg","medium_large-width":768,"medium_large-height":512,"large":"https:\/\/hotelnormandin.com\/\/app\/uploads\/2023\/05\/revue-carte-chambre-quebec-1024x683.jpg","large-width":1024,"large-height":683,"1536x1536":"https:\/\/hotelnormandin.com\/\/app\/uploads\/2023\/05\/revue-carte-chambre-quebec-1536x1024.jpg","1536x1536-width":1536,"1536x1536-height":1024,"2048x2048":"https:\/\/hotelnormandin.com\/\/app\/uploads\/2023\/05\/revue-carte-chambre-quebec-2048x1365.jpg","2048x2048-width":2048,"2048x2048-height":1365}},"presentation":"Une multitude de services pour vous sentir comme \u00e0 la maison!","contenu_flexible":[{"acf_fc_layout":"bloc_commodites","titre":"Everything to make you <br> feel at home","bouton_bool":false,"bouton":{"titre_du_bouton":"","lien_du_bouton":null},"commodites":[{"icone":"fa-solid fa-pizza-slice","titre":"","texte":"Restaurant Normandin & Nbar"},{"icone":"fa-solid fa-charging-station","titre":"","texte":"Charging station"},{"icone":"fa-solid fa-dryer","titre":"","texte":"Laundry ($)"},{"icone":"fa-solid fa-chess-rook-piece","titre":"","texte":"Board games loan"}],"autre_commodites_bool":true,"autres_commodites":[{"icones":"<a href=\"  https:\/\/hotelnormandin.com\/en\/hotel-et-suites-normandin-levis\/services\/four-seasons-outdoor-spa\/\">Four seasons outdoor spa<\/a>"},{"icones":"<a href=\"  https:\/\/hotelnormandin.com\/en\/hotel-et-suites-normandin-levis\/services\/2-breakfast-options\/\">Continental breakfast or breakfast discount<\/a>"},{"icones":"<a href=\"  https:\/\/hotelnormandin.com\/en\/hotel-et-suites-normandin-levis\/services\/gym\/\">Gym<\/a>"},{"icones":"<a href=\"  https:\/\/hotelnormandin.com\/en\/hotel-et-suites-normandin-levis\/services\/convenience-store\/\">Convenience store<\/a>"},{"icones":"<a href=\"  https:\/\/hotelnormandin.com\/en\/hotel-et-suites-normandin-levis\/services\/pet-friendly\/\">Pet friendly<\/a>"}]}],"image":{"ID":3795,"id":3795,"title":"femme-spa-hotel-et-suites-normandin-levis","filename":"femme-spa-hotel-et-suites-normandin-levis.jpg","filesize":280081,"url":"https:\/\/hotelnormandin.com\/\/app\/uploads\/2023\/09\/femme-spa-hotel-et-suites-normandin-levis.jpg","link":"https:\/\/hotelnormandin.com\/en\/hotel-et-suites-normandin-levis\/services\/spa_2400x1600-2\/","alt":"Femme dans le spa ext\u00e9rieur \u00e0 l'H\u00f4tel & Suites Normandin L\u00e9vis..","author":"6","description":"","caption":"","name":"spa_2400x1600-2","status":"inherit","uploaded_to":3837,"date":"2023-09-12 18:09:18","modified":"2023-09-20 17:55:41","menu_order":0,"mime_type":"image\/jpeg","type":"image","subtype":"jpeg","icon":"https:\/\/hotelnormandin.com\/wp\/wp-includes\/images\/media\/default.png","width":2400,"height":1600,"sizes":{"thumbnail":"https:\/\/hotelnormandin.com\/\/app\/uploads\/2023\/09\/femme-spa-hotel-et-suites-normandin-levis-150x150.jpg","thumbnail-width":150,"thumbnail-height":150,"medium":"https:\/\/hotelnormandin.com\/\/app\/uploads\/2023\/09\/femme-spa-hotel-et-suites-normandin-levis-300x200.jpg","medium-width":300,"medium-height":200,"medium_large":"https:\/\/hotelnormandin.com\/\/app\/uploads\/2023\/09\/femme-spa-hotel-et-suites-normandin-levis-768x512.jpg","medium_large-width":768,"medium_large-height":512,"large":"https:\/\/hotelnormandin.com\/\/app\/uploads\/2023\/09\/femme-spa-hotel-et-suites-normandin-levis-1024x683.jpg","large-width":1024,"large-height":683,"1536x1536":"https:\/\/hotelnormandin.com\/\/app\/uploads\/2023\/09\/femme-spa-hotel-et-suites-normandin-levis-1536x1024.jpg","1536x1536-width":1536,"1536x1536-height":1024,"2048x2048":"https:\/\/hotelnormandin.com\/\/app\/uploads\/2023\/09\/femme-spa-hotel-et-suites-normandin-levis-2048x1365.jpg","2048x2048-width":2048,"2048x2048-height":1365}},"petite_image":{"ID":4135,"id":4135,"title":"Normandin - Fichier finaux","filename":"femme-spa-levis-2.jpg","filesize":144197,"url":"https:\/\/hotelnormandin.com\/\/app\/uploads\/2023\/09\/femme-spa-levis-2.jpg","link":"https:\/\/hotelnormandin.com\/en\/hotel-et-suites-normandin-levis\/services\/normandin-fichier-finaux-3\/","alt":"","author":"6","description":"","caption":"","name":"normandin-fichier-finaux-3","status":"inherit","uploaded_to":3837,"date":"2023-09-28 21:24:42","modified":"2023-09-28 21:24:42","menu_order":0,"mime_type":"image\/jpeg","type":"image","subtype":"jpeg","icon":"https:\/\/hotelnormandin.com\/wp\/wp-includes\/images\/media\/default.png","width":730,"height":656,"sizes":{"thumbnail":"https:\/\/hotelnormandin.com\/\/app\/uploads\/2023\/09\/femme-spa-levis-2-150x150.jpg","thumbnail-width":150,"thumbnail-height":150,"medium":"https:\/\/hotelnormandin.com\/\/app\/uploads\/2023\/09\/femme-spa-levis-2-300x270.jpg","medium-width":300,"medium-height":270,"medium_large":"https:\/\/hotelnormandin.com\/\/app\/uploads\/2023\/09\/femme-spa-levis-2.jpg","medium_large-width":730,"medium_large-height":656,"large":"https:\/\/hotelnormandin.com\/\/app\/uploads\/2023\/09\/femme-spa-levis-2.jpg","large-width":730,"large-height":656,"1536x1536":"https:\/\/hotelnormandin.com\/\/app\/uploads\/2023\/09\/femme-spa-levis-2.jpg","1536x1536-width":730,"1536x1536-height":656,"2048x2048":"https:\/\/hotelnormandin.com\/\/app\/uploads\/2023\/09\/femme-spa-levis-2.jpg","2048x2048-width":730,"2048x2048-height":656}}},"_links":{"self":[{"href":"https:\/\/hotelnormandin.com\/en\/wp-json\/wp\/v2\/pages\/3837"}],"collection":[{"href":"https:\/\/hotelnormandin.com\/en\/wp-json\/wp\/v2\/pages"}],"about":[{"href":"https:\/\/hotelnormandin.com\/en\/wp-json\/wp\/v2\/types\/page"}],"author":[{"embeddable":true,"href":"https:\/\/hotelnormandin.com\/en\/wp-json\/wp\/v2\/users\/6"}],"replies":[{"embeddable":true,"href":"https:\/\/hotelnormandin.com\/en\/wp-json\/wp\/v2\/comments?post=3837"}],"version-history":[{"count":4,"href":"https:\/\/hotelnormandin.com\/en\/wp-json\/wp\/v2\/pages\/3837\/revisions"}],"predecessor-version":[{"id":4137,"href":"https:\/\/hotelnormandin.com\/en\/wp-json\/wp\/v2\/pages\/3837\/revisions\/4137"}],"up":[{"embeddable":true,"href":"https:\/\/hotelnormandin.com\/en\/wp-json\/wp\/v2\/pages\/2482"}],"wp:attachment":[{"href":"https:\/\/hotelnormandin.com\/en\/wp-json\/wp\/v2\/media?parent=3837"}],"curies":[{"name":"wp","href":"https:\/\/api.w.org\/{rel}","templated":true}]}}