{"id":3154,"date":"2023-04-06T13:51:22","date_gmt":"2023-04-06T13:51:22","guid":{"rendered":"https:\/\/hotelnormandin.com\/hotel-et-suites-normandin-quebec\/salles-de-reunion\/"},"modified":"2024-03-15T09:41:16","modified_gmt":"2024-03-15T13:41:16","slug":"meeting-rooms","status":"publish","type":"page","link":"https:\/\/hotelnormandin.com\/en\/hotel-et-suites-normandin-quebec\/meeting-rooms\/","title":{"rendered":"Meeting rooms"},"content":{"rendered":"","protected":false},"excerpt":{"rendered":"","protected":false},"author":6,"featured_media":0,"parent":2787,"menu_order":0,"comment_status":"closed","ping_status":"closed","template":"template\/template-hub-meeting-rooms.php","meta":{"footnotes":""},"yoast_head":"<!-- This site is optimized with the Yoast SEO plugin v21.8 - https:\/\/yoast.com\/wordpress\/plugins\/seo\/ -->\n<title>Meeting rooms - Les H\u00f4tels Normandin<\/title>\n<meta name=\"robots\" content=\"index, follow, max-snippet:-1, max-image-preview:large, max-video-preview:-1\" \/>\n<link rel=\"canonical\" href=\"https:\/\/hotelnormandin.com\/en\/hotel-et-suites-normandin-quebec\/meeting-rooms\/\" \/>\n<meta property=\"og:locale\" content=\"en_US\" \/>\n<meta property=\"og:type\" content=\"article\" \/>\n<meta property=\"og:title\" content=\"Meeting rooms - Les H\u00f4tels Normandin\" \/>\n<meta property=\"og:url\" content=\"https:\/\/hotelnormandin.com\/en\/hotel-et-suites-normandin-quebec\/meeting-rooms\/\" \/>\n<meta property=\"og:site_name\" content=\"Les H\u00f4tels Normandin\" \/>\n<meta property=\"article:publisher\" content=\"https:\/\/www.facebook.com\/leshotelsnormandin\/\" \/>\n<meta property=\"article:modified_time\" content=\"2024-03-15T13:41:16+00:00\" \/>\n<meta property=\"og:image\" content=\"https:\/\/hotelnormandin.com\/\/app\/uploads\/2023\/03\/hotel-suites-normandin-levis-facade-logo.png\" \/>\n\t<meta property=\"og:image:width\" content=\"1761\" \/>\n\t<meta property=\"og:image:height\" content=\"929\" \/>\n\t<meta property=\"og:image:type\" content=\"image\/png\" \/>\n<meta name=\"twitter:card\" content=\"summary_large_image\" \/>\n<script type=\"application\/ld+json\" class=\"yoast-schema-graph\">{\"@context\":\"https:\/\/schema.org\",\"@graph\":[{\"@type\":\"WebPage\",\"@id\":\"https:\/\/hotelnormandin.com\/en\/hotel-et-suites-normandin-quebec\/meeting-rooms\/\",\"url\":\"https:\/\/hotelnormandin.com\/en\/hotel-et-suites-normandin-quebec\/meeting-rooms\/\",\"name\":\"Meeting rooms - Les H\u00f4tels Normandin\",\"isPartOf\":{\"@id\":\"https:\/\/hotelnormandin.com\/#website\"},\"datePublished\":\"2023-04-06T13:51:22+00:00\",\"dateModified\":\"2024-03-15T13:41:16+00:00\",\"breadcrumb\":{\"@id\":\"https:\/\/hotelnormandin.com\/en\/hotel-et-suites-normandin-quebec\/meeting-rooms\/#breadcrumb\"},\"inLanguage\":\"en-US\",\"potentialAction\":[{\"@type\":\"ReadAction\",\"target\":[\"https:\/\/hotelnormandin.com\/en\/hotel-et-suites-normandin-quebec\/meeting-rooms\/\"]}]},{\"@type\":\"BreadcrumbList\",\"@id\":\"https:\/\/hotelnormandin.com\/en\/hotel-et-suites-normandin-quebec\/meeting-rooms\/#breadcrumb\",\"itemListElement\":[{\"@type\":\"ListItem\",\"position\":1,\"name\":\"Home\",\"item\":\"https:\/\/hotelnormandin.com\/en\/\"},{\"@type\":\"ListItem\",\"position\":2,\"name\":\"H\u00f4tel &#038; Suites Normandin Qu\u00e9bec\",\"item\":\"https:\/\/hotelnormandin.com\/en\/hotel-et-suites-normandin-quebec\/\"},{\"@type\":\"ListItem\",\"position\":3,\"name\":\"Meeting rooms\"}]},{\"@type\":\"WebSite\",\"@id\":\"https:\/\/hotelnormandin.com\/#website\",\"url\":\"https:\/\/hotelnormandin.com\/\",\"name\":\"H\u00f4tel Normandin\",\"description\":\"Chambres et suites avec un confort et une propret\u00e9 irr\u00e9prochables. Seul, en couple ou en famille, planifiez un s\u00e9jour confortable dans nos h\u00f4tels. Meilleur prix garanti. D\u00e9jeuner continental inclus. Forfaits disponibles.\",\"publisher\":{\"@id\":\"https:\/\/hotelnormandin.com\/#organization\"},\"potentialAction\":[{\"@type\":\"SearchAction\",\"target\":{\"@type\":\"EntryPoint\",\"urlTemplate\":\"https:\/\/hotelnormandin.com\/?s={search_term_string}\"},\"query-input\":\"required name=search_term_string\"}],\"inLanguage\":\"en-US\"},{\"@type\":\"Organization\",\"@id\":\"https:\/\/hotelnormandin.com\/#organization\",\"name\":\"H\u00f4tel Normandin\",\"url\":\"https:\/\/hotelnormandin.com\/\",\"logo\":{\"@type\":\"ImageObject\",\"inLanguage\":\"en-US\",\"@id\":\"https:\/\/hotelnormandin.com\/#\/schema\/logo\/image\/\",\"url\":\"https:\/\/hotelnormandin.com\/\/app\/uploads\/2023\/09\/logo_Les-Hotels-Normandin_site-web.png\",\"contentUrl\":\"https:\/\/hotelnormandin.com\/\/app\/uploads\/2023\/09\/logo_Les-Hotels-Normandin_site-web.png\",\"width\":622,\"height\":168,\"caption\":\"H\u00f4tel Normandin\"},\"image\":{\"@id\":\"https:\/\/hotelnormandin.com\/#\/schema\/logo\/image\/\"},\"sameAs\":[\"https:\/\/www.facebook.com\/leshotelsnormandin\/\"]}]}<\/script>\n<!-- \/ Yoast SEO plugin. -->","yoast_head_json":{"title":"Meeting rooms - Les H\u00f4tels Normandin","robots":{"index":"index","follow":"follow","max-snippet":"max-snippet:-1","max-image-preview":"max-image-preview:large","max-video-preview":"max-video-preview:-1"},"canonical":"https:\/\/hotelnormandin.com\/en\/hotel-et-suites-normandin-quebec\/meeting-rooms\/","og_locale":"en_US","og_type":"article","og_title":"Meeting rooms - Les H\u00f4tels Normandin","og_url":"https:\/\/hotelnormandin.com\/en\/hotel-et-suites-normandin-quebec\/meeting-rooms\/","og_site_name":"Les H\u00f4tels Normandin","article_publisher":"https:\/\/www.facebook.com\/leshotelsnormandin\/","article_modified_time":"2024-03-15T13:41:16+00:00","og_image":[{"width":1761,"height":929,"url":"https:\/\/hotelnormandin.com\/\/app\/uploads\/2023\/03\/hotel-suites-normandin-levis-facade-logo.png","type":"image\/png"}],"twitter_card":"summary_large_image","schema":{"@context":"https:\/\/schema.org","@graph":[{"@type":"WebPage","@id":"https:\/\/hotelnormandin.com\/en\/hotel-et-suites-normandin-quebec\/meeting-rooms\/","url":"https:\/\/hotelnormandin.com\/en\/hotel-et-suites-normandin-quebec\/meeting-rooms\/","name":"Meeting rooms - Les H\u00f4tels Normandin","isPartOf":{"@id":"https:\/\/hotelnormandin.com\/#website"},"datePublished":"2023-04-06T13:51:22+00:00","dateModified":"2024-03-15T13:41:16+00:00","breadcrumb":{"@id":"https:\/\/hotelnormandin.com\/en\/hotel-et-suites-normandin-quebec\/meeting-rooms\/#breadcrumb"},"inLanguage":"en-US","potentialAction":[{"@type":"ReadAction","target":["https:\/\/hotelnormandin.com\/en\/hotel-et-suites-normandin-quebec\/meeting-rooms\/"]}]},{"@type":"BreadcrumbList","@id":"https:\/\/hotelnormandin.com\/en\/hotel-et-suites-normandin-quebec\/meeting-rooms\/#breadcrumb","itemListElement":[{"@type":"ListItem","position":1,"name":"Home","item":"https:\/\/hotelnormandin.com\/en\/"},{"@type":"ListItem","position":2,"name":"H\u00f4tel &#038; Suites Normandin Qu\u00e9bec","item":"https:\/\/hotelnormandin.com\/en\/hotel-et-suites-normandin-quebec\/"},{"@type":"ListItem","position":3,"name":"Meeting rooms"}]},{"@type":"WebSite","@id":"https:\/\/hotelnormandin.com\/#website","url":"https:\/\/hotelnormandin.com\/","name":"H\u00f4tel Normandin","description":"Chambres et suites avec un confort et une propret\u00e9 irr\u00e9prochables. Seul, en couple ou en famille, planifiez un s\u00e9jour confortable dans nos h\u00f4tels. Meilleur prix garanti. D\u00e9jeuner continental inclus. Forfaits disponibles.","publisher":{"@id":"https:\/\/hotelnormandin.com\/#organization"},"potentialAction":[{"@type":"SearchAction","target":{"@type":"EntryPoint","urlTemplate":"https:\/\/hotelnormandin.com\/?s={search_term_string}"},"query-input":"required name=search_term_string"}],"inLanguage":"en-US"},{"@type":"Organization","@id":"https:\/\/hotelnormandin.com\/#organization","name":"H\u00f4tel Normandin","url":"https:\/\/hotelnormandin.com\/","logo":{"@type":"ImageObject","inLanguage":"en-US","@id":"https:\/\/hotelnormandin.com\/#\/schema\/logo\/image\/","url":"https:\/\/hotelnormandin.com\/\/app\/uploads\/2023\/09\/logo_Les-Hotels-Normandin_site-web.png","contentUrl":"https:\/\/hotelnormandin.com\/\/app\/uploads\/2023\/09\/logo_Les-Hotels-Normandin_site-web.png","width":622,"height":168,"caption":"H\u00f4tel Normandin"},"image":{"@id":"https:\/\/hotelnormandin.com\/#\/schema\/logo\/image\/"},"sameAs":["https:\/\/www.facebook.com\/leshotelsnormandin\/"]}]}},"acf":{"titre":"Our meeting rooms","image_entete":{"ID":1273,"id":1273,"title":"suite-loft-quebec-3","filename":"suite-loft-quebec-3.jpg","filesize":417461,"url":"https:\/\/hotelnormandin.com\/\/app\/uploads\/2023\/04\/suite-loft-quebec-3.jpg","link":"https:\/\/hotelnormandin.com\/en\/salles-de-reunion\/hotel-et-suites-normandin-quebec\/suite-loft\/h%c2%99tel-et-suites-normandin-salle-de-r%c2%8eunion-ch-329-kg04200111-tif-paul-dionne-2-2\/","alt":"Suite Loft \u00e0 l'H\u00f4tel & Suites Normandin Qu\u00e9bec.","author":"6","description":"","caption":"H\u00f4tel et Suites Normandin; Salle de r\u00e9union (ch. 329)","name":"h%c2%99tel-et-suites-normandin-salle-de-r%c2%8eunion-ch-329-kg04200111-tif-paul-dionne-2-2","status":"inherit","uploaded_to":3157,"date":"2023-04-27 14:46:36","modified":"2023-09-25 19:50:18","menu_order":0,"mime_type":"image\/jpeg","type":"image","subtype":"jpeg","icon":"https:\/\/hotelnormandin.com\/wp\/wp-includes\/images\/media\/default.png","width":2560,"height":1707,"sizes":{"thumbnail":"https:\/\/hotelnormandin.com\/\/app\/uploads\/2023\/04\/suite-loft-quebec-3-150x150.jpg","thumbnail-width":150,"thumbnail-height":150,"medium":"https:\/\/hotelnormandin.com\/\/app\/uploads\/2023\/04\/suite-loft-quebec-3-300x200.jpg","medium-width":300,"medium-height":200,"medium_large":"https:\/\/hotelnormandin.com\/\/app\/uploads\/2023\/04\/suite-loft-quebec-3-768x512.jpg","medium_large-width":768,"medium_large-height":512,"large":"https:\/\/hotelnormandin.com\/\/app\/uploads\/2023\/04\/suite-loft-quebec-3-1024x683.jpg","large-width":1024,"large-height":683,"1536x1536":"https:\/\/hotelnormandin.com\/\/app\/uploads\/2023\/04\/suite-loft-quebec-3-1536x1024.jpg","1536x1536-width":1536,"1536x1536-height":1024,"2048x2048":"https:\/\/hotelnormandin.com\/\/app\/uploads\/2023\/04\/suite-loft-quebec-3-2048x1365.jpg","2048x2048-width":2048,"2048x2048-height":1365}},"petite_image_entete":{"ID":1273,"id":1273,"title":"suite-loft-quebec-3","filename":"suite-loft-quebec-3.jpg","filesize":417461,"url":"https:\/\/hotelnormandin.com\/\/app\/uploads\/2023\/04\/suite-loft-quebec-3.jpg","link":"https:\/\/hotelnormandin.com\/en\/salles-de-reunion\/hotel-et-suites-normandin-quebec\/suite-loft\/h%c2%99tel-et-suites-normandin-salle-de-r%c2%8eunion-ch-329-kg04200111-tif-paul-dionne-2-2\/","alt":"Suite Loft \u00e0 l'H\u00f4tel & Suites Normandin Qu\u00e9bec.","author":"6","description":"","caption":"H\u00f4tel et Suites Normandin; Salle de r\u00e9union (ch. 329)","name":"h%c2%99tel-et-suites-normandin-salle-de-r%c2%8eunion-ch-329-kg04200111-tif-paul-dionne-2-2","status":"inherit","uploaded_to":3157,"date":"2023-04-27 14:46:36","modified":"2023-09-25 19:50:18","menu_order":0,"mime_type":"image\/jpeg","type":"image","subtype":"jpeg","icon":"https:\/\/hotelnormandin.com\/wp\/wp-includes\/images\/media\/default.png","width":2560,"height":1707,"sizes":{"thumbnail":"https:\/\/hotelnormandin.com\/\/app\/uploads\/2023\/04\/suite-loft-quebec-3-150x150.jpg","thumbnail-width":150,"thumbnail-height":150,"medium":"https:\/\/hotelnormandin.com\/\/app\/uploads\/2023\/04\/suite-loft-quebec-3-300x200.jpg","medium-width":300,"medium-height":200,"medium_large":"https:\/\/hotelnormandin.com\/\/app\/uploads\/2023\/04\/suite-loft-quebec-3-768x512.jpg","medium_large-width":768,"medium_large-height":512,"large":"https:\/\/hotelnormandin.com\/\/app\/uploads\/2023\/04\/suite-loft-quebec-3-1024x683.jpg","large-width":1024,"large-height":683,"1536x1536":"https:\/\/hotelnormandin.com\/\/app\/uploads\/2023\/04\/suite-loft-quebec-3-1536x1024.jpg","1536x1536-width":1536,"1536x1536-height":1024,"2048x2048":"https:\/\/hotelnormandin.com\/\/app\/uploads\/2023\/04\/suite-loft-quebec-3-2048x1365.jpg","2048x2048-width":2048,"2048x2048-height":1365}},"presentation":"7 well-equipped rooms for your business meeting. <br> You are 2 or 30 people? It will be a pleasure to help you organize the best meeting.","ajouter_un_avertissement":false,"contenu_flexible":[{"acf_fc_layout":"bloc_commodites","titre":"Everything for a successful meeting!","bouton_bool":true,"bouton":{"titre_du_bouton":"Request online","lien_du_bouton":"https:\/\/hotelnormandin.com\/en\/hotel-et-suites-normandin-quebec\/meeting-rooms\/request-form\/"},"commodites":[{"icone":"fa-solid fa-presentation-screen","titre":"Audiovisual equipments ($)","texte":"Screen, projector, flip chart and more."},{"icone":"fa-solid fa-mug-saucer","titre":"Coffe break service ($)","texte":"La Matinale, La Pause-sant\u00e9 and several options available."},{"icone":"fa-solid fa-pizza-slice","titre":"Meal service ($)","texte":"Midi Express, lunch boxes or restaurant."},{"icone":"fa-solid fa-circle-parking","titre":"Free parking","texte":"Your participants will appreciate!"}],"autre_commodites_bool":false,"autres_commodites":false},{"acf_fc_layout":"bloc_2_colonnes_ctaimage","titre":"Share it to your colleagues!","surtitre":"Download our meeting room guide","boutons":[{"texte":"Dowload the PDF (fr)","lien_externe":"https:\/\/hotelnormandin.com\/\/app\/uploads\/2024\/03\/guide-web_Salles-de-reunion_HSN-Quebec.pdf"}],"titre_du_lien_en_surplus":"","lien_en_surplus":"","image":{"ID":1834,"id":1834,"title":"Hotel Normandin, Qu\u00e9bec","filename":"Salon-Normandin-2.jpg","filesize":196772,"url":"https:\/\/hotelnormandin.com\/\/app\/uploads\/2023\/05\/Salon-Normandin-2.jpg","link":"https:\/\/hotelnormandin.com\/en\/hotel-et-suites-normandin-quebec\/meeting-rooms\/hotel-normandin-quebec-2\/","alt":"","author":"6","description":"","caption":"Hotel Normandin, Qu\u00e9bec","name":"hotel-normandin-quebec-2","status":"inherit","uploaded_to":3154,"date":"2023-05-19 18:04:48","modified":"2023-05-19 18:04:48","menu_order":0,"mime_type":"image\/jpeg","type":"image","subtype":"jpeg","icon":"https:\/\/hotelnormandin.com\/wp\/wp-includes\/images\/media\/default.png","width":2000,"height":1333,"sizes":{"thumbnail":"https:\/\/hotelnormandin.com\/\/app\/uploads\/2023\/05\/Salon-Normandin-2-150x150.jpg","thumbnail-width":150,"thumbnail-height":150,"medium":"https:\/\/hotelnormandin.com\/\/app\/uploads\/2023\/05\/Salon-Normandin-2-300x200.jpg","medium-width":300,"medium-height":200,"medium_large":"https:\/\/hotelnormandin.com\/\/app\/uploads\/2023\/05\/Salon-Normandin-2-768x512.jpg","medium_large-width":768,"medium_large-height":512,"large":"https:\/\/hotelnormandin.com\/\/app\/uploads\/2023\/05\/Salon-Normandin-2-1024x682.jpg","large-width":1024,"large-height":682,"1536x1536":"https:\/\/hotelnormandin.com\/\/app\/uploads\/2023\/05\/Salon-Normandin-2-1536x1024.jpg","1536x1536-width":1536,"1536x1536-height":1024,"2048x2048":"https:\/\/hotelnormandin.com\/\/app\/uploads\/2023\/05\/Salon-Normandin-2.jpg","2048x2048-width":2000,"2048x2048-height":1333}}}],"button_label_room_guide":"Download our Guide (fr)","link_button_room_guide":{"title":"","url":"https:\/\/hotelnormandin.com\/\/app\/uploads\/2024\/03\/guide-web_Salles-de-reunion_HSN-Quebec.pdf","target":""}},"_links":{"self":[{"href":"https:\/\/hotelnormandin.com\/en\/wp-json\/wp\/v2\/pages\/3154"}],"collection":[{"href":"https:\/\/hotelnormandin.com\/en\/wp-json\/wp\/v2\/pages"}],"about":[{"href":"https:\/\/hotelnormandin.com\/en\/wp-json\/wp\/v2\/types\/page"}],"author":[{"embeddable":true,"href":"https:\/\/hotelnormandin.com\/en\/wp-json\/wp\/v2\/users\/6"}],"replies":[{"embeddable":true,"href":"https:\/\/hotelnormandin.com\/en\/wp-json\/wp\/v2\/comments?post=3154"}],"version-history":[{"count":8,"href":"https:\/\/hotelnormandin.com\/en\/wp-json\/wp\/v2\/pages\/3154\/revisions"}],"predecessor-version":[{"id":4643,"href":"https:\/\/hotelnormandin.com\/en\/wp-json\/wp\/v2\/pages\/3154\/revisions\/4643"}],"up":[{"embeddable":true,"href":"https:\/\/hotelnormandin.com\/en\/wp-json\/wp\/v2\/pages\/2787"}],"wp:attachment":[{"href":"https:\/\/hotelnormandin.com\/en\/wp-json\/wp\/v2\/media?parent=3154"}],"curies":[{"name":"wp","href":"https:\/\/api.w.org\/{rel}","templated":true}]}}