{"id":3141,"date":"2023-02-06T19:14:17","date_gmt":"2023-02-06T19:14:17","guid":{"rendered":"https:\/\/hotelnormandin.com\/hotel-et-suites-normandin-levis\/salles-de-reunion\/"},"modified":"2024-08-29T16:40:24","modified_gmt":"2024-08-29T20:40:24","slug":"meeting-rooms","status":"publish","type":"page","link":"https:\/\/hotelnormandin.com\/en\/hotel-et-suites-normandin-levis\/meeting-rooms\/","title":{"rendered":"Meeting rooms"},"content":{"rendered":"","protected":false},"excerpt":{"rendered":"","protected":false},"author":3,"featured_media":0,"parent":2482,"menu_order":0,"comment_status":"closed","ping_status":"closed","template":"template\/template-hub-meeting-rooms.php","meta":{"footnotes":""},"yoast_head":"<!-- This site is optimized with the Yoast SEO plugin v21.8 - https:\/\/yoast.com\/wordpress\/plugins\/seo\/ -->\n<title>Meeting rooms - Les H\u00f4tels Normandin<\/title>\n<meta name=\"robots\" content=\"index, follow, max-snippet:-1, max-image-preview:large, max-video-preview:-1\" \/>\n<link rel=\"canonical\" href=\"https:\/\/hotelnormandin.com\/en\/hotel-et-suites-normandin-levis\/meeting-rooms\/\" \/>\n<meta property=\"og:locale\" content=\"en_US\" \/>\n<meta property=\"og:type\" content=\"article\" \/>\n<meta property=\"og:title\" content=\"Meeting rooms - Les H\u00f4tels Normandin\" \/>\n<meta property=\"og:url\" content=\"https:\/\/hotelnormandin.com\/en\/hotel-et-suites-normandin-levis\/meeting-rooms\/\" \/>\n<meta property=\"og:site_name\" content=\"Les H\u00f4tels Normandin\" \/>\n<meta property=\"article:publisher\" content=\"https:\/\/www.facebook.com\/leshotelsnormandin\/\" \/>\n<meta property=\"article:modified_time\" content=\"2024-08-29T20:40:24+00:00\" \/>\n<meta property=\"og:image\" content=\"https:\/\/hotelnormandin.com\/\/app\/uploads\/2023\/03\/hotel-suites-normandin-levis-facade-logo.png\" \/>\n\t<meta property=\"og:image:width\" content=\"1761\" \/>\n\t<meta property=\"og:image:height\" content=\"929\" \/>\n\t<meta property=\"og:image:type\" content=\"image\/png\" \/>\n<meta name=\"twitter:card\" content=\"summary_large_image\" \/>\n<script type=\"application\/ld+json\" class=\"yoast-schema-graph\">{\"@context\":\"https:\/\/schema.org\",\"@graph\":[{\"@type\":\"WebPage\",\"@id\":\"https:\/\/hotelnormandin.com\/en\/hotel-et-suites-normandin-levis\/meeting-rooms\/\",\"url\":\"https:\/\/hotelnormandin.com\/en\/hotel-et-suites-normandin-levis\/meeting-rooms\/\",\"name\":\"Meeting rooms - Les H\u00f4tels Normandin\",\"isPartOf\":{\"@id\":\"https:\/\/hotelnormandin.com\/#website\"},\"datePublished\":\"2023-02-06T19:14:17+00:00\",\"dateModified\":\"2024-08-29T20:40:24+00:00\",\"breadcrumb\":{\"@id\":\"https:\/\/hotelnormandin.com\/en\/hotel-et-suites-normandin-levis\/meeting-rooms\/#breadcrumb\"},\"inLanguage\":\"en-US\",\"potentialAction\":[{\"@type\":\"ReadAction\",\"target\":[\"https:\/\/hotelnormandin.com\/en\/hotel-et-suites-normandin-levis\/meeting-rooms\/\"]}]},{\"@type\":\"BreadcrumbList\",\"@id\":\"https:\/\/hotelnormandin.com\/en\/hotel-et-suites-normandin-levis\/meeting-rooms\/#breadcrumb\",\"itemListElement\":[{\"@type\":\"ListItem\",\"position\":1,\"name\":\"Home\",\"item\":\"https:\/\/hotelnormandin.com\/en\/\"},{\"@type\":\"ListItem\",\"position\":2,\"name\":\"H\u00f4tel &#038; Suites Normandin L\u00e9vis\",\"item\":\"https:\/\/hotelnormandin.com\/en\/hotel-et-suites-normandin-levis\/\"},{\"@type\":\"ListItem\",\"position\":3,\"name\":\"Meeting rooms\"}]},{\"@type\":\"WebSite\",\"@id\":\"https:\/\/hotelnormandin.com\/#website\",\"url\":\"https:\/\/hotelnormandin.com\/\",\"name\":\"H\u00f4tel Normandin\",\"description\":\"Chambres et suites avec un confort et une propret\u00e9 irr\u00e9prochables. Seul, en couple ou en famille, planifiez un s\u00e9jour confortable dans nos h\u00f4tels. Meilleur prix garanti. D\u00e9jeuner continental inclus. Forfaits disponibles.\",\"publisher\":{\"@id\":\"https:\/\/hotelnormandin.com\/#organization\"},\"potentialAction\":[{\"@type\":\"SearchAction\",\"target\":{\"@type\":\"EntryPoint\",\"urlTemplate\":\"https:\/\/hotelnormandin.com\/?s={search_term_string}\"},\"query-input\":\"required name=search_term_string\"}],\"inLanguage\":\"en-US\"},{\"@type\":\"Organization\",\"@id\":\"https:\/\/hotelnormandin.com\/#organization\",\"name\":\"H\u00f4tel Normandin\",\"url\":\"https:\/\/hotelnormandin.com\/\",\"logo\":{\"@type\":\"ImageObject\",\"inLanguage\":\"en-US\",\"@id\":\"https:\/\/hotelnormandin.com\/#\/schema\/logo\/image\/\",\"url\":\"https:\/\/hotelnormandin.com\/\/app\/uploads\/2023\/09\/logo_Les-Hotels-Normandin_site-web.png\",\"contentUrl\":\"https:\/\/hotelnormandin.com\/\/app\/uploads\/2023\/09\/logo_Les-Hotels-Normandin_site-web.png\",\"width\":622,\"height\":168,\"caption\":\"H\u00f4tel Normandin\"},\"image\":{\"@id\":\"https:\/\/hotelnormandin.com\/#\/schema\/logo\/image\/\"},\"sameAs\":[\"https:\/\/www.facebook.com\/leshotelsnormandin\/\"]}]}<\/script>\n<!-- \/ Yoast SEO plugin. -->","yoast_head_json":{"title":"Meeting rooms - Les H\u00f4tels Normandin","robots":{"index":"index","follow":"follow","max-snippet":"max-snippet:-1","max-image-preview":"max-image-preview:large","max-video-preview":"max-video-preview:-1"},"canonical":"https:\/\/hotelnormandin.com\/en\/hotel-et-suites-normandin-levis\/meeting-rooms\/","og_locale":"en_US","og_type":"article","og_title":"Meeting rooms - Les H\u00f4tels Normandin","og_url":"https:\/\/hotelnormandin.com\/en\/hotel-et-suites-normandin-levis\/meeting-rooms\/","og_site_name":"Les H\u00f4tels Normandin","article_publisher":"https:\/\/www.facebook.com\/leshotelsnormandin\/","article_modified_time":"2024-08-29T20:40:24+00:00","og_image":[{"width":1761,"height":929,"url":"https:\/\/hotelnormandin.com\/\/app\/uploads\/2023\/03\/hotel-suites-normandin-levis-facade-logo.png","type":"image\/png"}],"twitter_card":"summary_large_image","schema":{"@context":"https:\/\/schema.org","@graph":[{"@type":"WebPage","@id":"https:\/\/hotelnormandin.com\/en\/hotel-et-suites-normandin-levis\/meeting-rooms\/","url":"https:\/\/hotelnormandin.com\/en\/hotel-et-suites-normandin-levis\/meeting-rooms\/","name":"Meeting rooms - Les H\u00f4tels Normandin","isPartOf":{"@id":"https:\/\/hotelnormandin.com\/#website"},"datePublished":"2023-02-06T19:14:17+00:00","dateModified":"2024-08-29T20:40:24+00:00","breadcrumb":{"@id":"https:\/\/hotelnormandin.com\/en\/hotel-et-suites-normandin-levis\/meeting-rooms\/#breadcrumb"},"inLanguage":"en-US","potentialAction":[{"@type":"ReadAction","target":["https:\/\/hotelnormandin.com\/en\/hotel-et-suites-normandin-levis\/meeting-rooms\/"]}]},{"@type":"BreadcrumbList","@id":"https:\/\/hotelnormandin.com\/en\/hotel-et-suites-normandin-levis\/meeting-rooms\/#breadcrumb","itemListElement":[{"@type":"ListItem","position":1,"name":"Home","item":"https:\/\/hotelnormandin.com\/en\/"},{"@type":"ListItem","position":2,"name":"H\u00f4tel &#038; Suites Normandin L\u00e9vis","item":"https:\/\/hotelnormandin.com\/en\/hotel-et-suites-normandin-levis\/"},{"@type":"ListItem","position":3,"name":"Meeting rooms"}]},{"@type":"WebSite","@id":"https:\/\/hotelnormandin.com\/#website","url":"https:\/\/hotelnormandin.com\/","name":"H\u00f4tel Normandin","description":"Chambres et suites avec un confort et une propret\u00e9 irr\u00e9prochables. Seul, en couple ou en famille, planifiez un s\u00e9jour confortable dans nos h\u00f4tels. Meilleur prix garanti. D\u00e9jeuner continental inclus. Forfaits disponibles.","publisher":{"@id":"https:\/\/hotelnormandin.com\/#organization"},"potentialAction":[{"@type":"SearchAction","target":{"@type":"EntryPoint","urlTemplate":"https:\/\/hotelnormandin.com\/?s={search_term_string}"},"query-input":"required name=search_term_string"}],"inLanguage":"en-US"},{"@type":"Organization","@id":"https:\/\/hotelnormandin.com\/#organization","name":"H\u00f4tel Normandin","url":"https:\/\/hotelnormandin.com\/","logo":{"@type":"ImageObject","inLanguage":"en-US","@id":"https:\/\/hotelnormandin.com\/#\/schema\/logo\/image\/","url":"https:\/\/hotelnormandin.com\/\/app\/uploads\/2023\/09\/logo_Les-Hotels-Normandin_site-web.png","contentUrl":"https:\/\/hotelnormandin.com\/\/app\/uploads\/2023\/09\/logo_Les-Hotels-Normandin_site-web.png","width":622,"height":168,"caption":"H\u00f4tel Normandin"},"image":{"@id":"https:\/\/hotelnormandin.com\/#\/schema\/logo\/image\/"},"sameAs":["https:\/\/www.facebook.com\/leshotelsnormandin\/"]}]}},"acf":{"contenu_flexible":[{"acf_fc_layout":"bloc_commodites","titre":"Everything for a successful meeting!","bouton_bool":true,"bouton":{"titre_du_bouton":"Request online","lien_du_bouton":"https:\/\/hotelnormandin.com\/en\/hotel-et-suites-normandin-levis\/meeting-rooms\/request-form\/"},"commodites":[{"icone":"fa-solid fa-presentation-screen","titre":"Audiovisual equipments ($)","texte":"Screen, projector, flip chart and more."},{"icone":"fa-solid fa-mug-saucer","titre":"Coffee break service","texte":"La Matinale, La Pause-sant\u00e9 and several options available."},{"icone":"fa-solid fa-pizza-slice","titre":"Meal service ($)","texte":"Midi Express, lunch boxes or restaurant."},{"icone":"fa-solid fa-circle-parking","titre":"Free parking","texte":"Your participants will appreciate!"}],"autre_commodites_bool":false,"autres_commodites":false},{"acf_fc_layout":"bloc_2_colonnes_ctaimage","titre":"Share it to your colleagues!","surtitre":"Download our meeting room guide","boutons":[{"texte":"Download the PDF (fr)","lien_externe":"https:\/\/hotelnormandin.com\/\/app\/uploads\/2024\/08\/guide-web_Salles-de-reunion_HSN-Levis_2024.pdf"}],"titre_du_lien_en_surplus":"","lien_en_surplus":"","image":{"ID":1355,"id":1355,"title":"hotel-suites-normandin-levis-corridor","filename":"hotel-suites-normandin-levis-corridor.jpg","filesize":269738,"url":"https:\/\/hotelnormandin.com\/\/app\/uploads\/2023\/04\/hotel-suites-normandin-levis-corridor.jpg","link":"https:\/\/hotelnormandin.com\/en\/hotel-et-suites-normandin-levis\/meeting-rooms\/hotel-normandin-levis-ki05160322-tif-paul-dionne-2-2\/","alt":"","author":"6","description":"","caption":"Hotel Normandin Levis","name":"hotel-normandin-levis-ki05160322-tif-paul-dionne-2-2","status":"inherit","uploaded_to":3141,"date":"2023-04-27 17:57:18","modified":"2023-09-25 19:33:23","menu_order":0,"mime_type":"image\/jpeg","type":"image","subtype":"jpeg","icon":"https:\/\/hotelnormandin.com\/wp\/wp-includes\/images\/media\/default.png","width":2560,"height":1707,"sizes":{"thumbnail":"https:\/\/hotelnormandin.com\/\/app\/uploads\/2023\/04\/hotel-suites-normandin-levis-corridor-150x150.jpg","thumbnail-width":150,"thumbnail-height":150,"medium":"https:\/\/hotelnormandin.com\/\/app\/uploads\/2023\/04\/hotel-suites-normandin-levis-corridor-300x200.jpg","medium-width":300,"medium-height":200,"medium_large":"https:\/\/hotelnormandin.com\/\/app\/uploads\/2023\/04\/hotel-suites-normandin-levis-corridor-768x512.jpg","medium_large-width":768,"medium_large-height":512,"large":"https:\/\/hotelnormandin.com\/\/app\/uploads\/2023\/04\/hotel-suites-normandin-levis-corridor-1024x683.jpg","large-width":1024,"large-height":683,"1536x1536":"https:\/\/hotelnormandin.com\/\/app\/uploads\/2023\/04\/hotel-suites-normandin-levis-corridor-1536x1024.jpg","1536x1536-width":1536,"1536x1536-height":1024,"2048x2048":"https:\/\/hotelnormandin.com\/\/app\/uploads\/2023\/04\/hotel-suites-normandin-levis-corridor-2048x1365.jpg","2048x2048-width":2048,"2048x2048-height":1365}}}],"titre":"Our meeting rooms","image_entete":{"ID":1366,"id":1366,"title":"luminaire-branches-bouleau-levis","filename":"luminaire-branches-bouleau-levis.jpg","filesize":227770,"url":"https:\/\/hotelnormandin.com\/\/app\/uploads\/2023\/04\/luminaire-branches-bouleau-levis.jpg","link":"https:\/\/hotelnormandin.com\/en\/hotel-et-suites-normandin-levis\/meeting-rooms\/normandin-fichier-finaux-33-2\/","alt":"","author":"6","description":"","caption":"","name":"normandin-fichier-finaux-33-2","status":"inherit","uploaded_to":3141,"date":"2023-04-27 18:16:29","modified":"2023-09-25 19:21:46","menu_order":0,"mime_type":"image\/jpeg","type":"image","subtype":"jpeg","icon":"https:\/\/hotelnormandin.com\/wp\/wp-includes\/images\/media\/default.png","width":2400,"height":1600,"sizes":{"thumbnail":"https:\/\/hotelnormandin.com\/\/app\/uploads\/2023\/04\/luminaire-branches-bouleau-levis-150x150.jpg","thumbnail-width":150,"thumbnail-height":150,"medium":"https:\/\/hotelnormandin.com\/\/app\/uploads\/2023\/04\/luminaire-branches-bouleau-levis-300x200.jpg","medium-width":300,"medium-height":200,"medium_large":"https:\/\/hotelnormandin.com\/\/app\/uploads\/2023\/04\/luminaire-branches-bouleau-levis-768x512.jpg","medium_large-width":768,"medium_large-height":512,"large":"https:\/\/hotelnormandin.com\/\/app\/uploads\/2023\/04\/luminaire-branches-bouleau-levis-1024x683.jpg","large-width":1024,"large-height":683,"1536x1536":"https:\/\/hotelnormandin.com\/\/app\/uploads\/2023\/04\/luminaire-branches-bouleau-levis-1536x1024.jpg","1536x1536-width":1536,"1536x1536-height":1024,"2048x2048":"https:\/\/hotelnormandin.com\/\/app\/uploads\/2023\/04\/luminaire-branches-bouleau-levis-2048x1365.jpg","2048x2048-width":2048,"2048x2048-height":1365}},"petite_image_entete":{"ID":1366,"id":1366,"title":"luminaire-branches-bouleau-levis","filename":"luminaire-branches-bouleau-levis.jpg","filesize":227770,"url":"https:\/\/hotelnormandin.com\/\/app\/uploads\/2023\/04\/luminaire-branches-bouleau-levis.jpg","link":"https:\/\/hotelnormandin.com\/en\/hotel-et-suites-normandin-levis\/meeting-rooms\/normandin-fichier-finaux-33-2\/","alt":"","author":"6","description":"","caption":"","name":"normandin-fichier-finaux-33-2","status":"inherit","uploaded_to":3141,"date":"2023-04-27 18:16:29","modified":"2023-09-25 19:21:46","menu_order":0,"mime_type":"image\/jpeg","type":"image","subtype":"jpeg","icon":"https:\/\/hotelnormandin.com\/wp\/wp-includes\/images\/media\/default.png","width":2400,"height":1600,"sizes":{"thumbnail":"https:\/\/hotelnormandin.com\/\/app\/uploads\/2023\/04\/luminaire-branches-bouleau-levis-150x150.jpg","thumbnail-width":150,"thumbnail-height":150,"medium":"https:\/\/hotelnormandin.com\/\/app\/uploads\/2023\/04\/luminaire-branches-bouleau-levis-300x200.jpg","medium-width":300,"medium-height":200,"medium_large":"https:\/\/hotelnormandin.com\/\/app\/uploads\/2023\/04\/luminaire-branches-bouleau-levis-768x512.jpg","medium_large-width":768,"medium_large-height":512,"large":"https:\/\/hotelnormandin.com\/\/app\/uploads\/2023\/04\/luminaire-branches-bouleau-levis-1024x683.jpg","large-width":1024,"large-height":683,"1536x1536":"https:\/\/hotelnormandin.com\/\/app\/uploads\/2023\/04\/luminaire-branches-bouleau-levis-1536x1024.jpg","1536x1536-width":1536,"1536x1536-height":1024,"2048x2048":"https:\/\/hotelnormandin.com\/\/app\/uploads\/2023\/04\/luminaire-branches-bouleau-levis-2048x1365.jpg","2048x2048-width":2048,"2048x2048-height":1365}},"presentation":"8 well-equipped rooms for your business meetings or events. You are 2 or 100 people? It will be a pleasure to help you organize the best meeting.","ajouter_un_avertissement":false,"titre_avertissement":"R\u00e9servations suspendues","texte_avertissement":"\u00c9T\u00c9 2022 \u2015 Afin de veiller au bien-\u00eatre de nos employ\u00e9s et en raison du manque de main d\u2019oeuvre, la location de nos salles de r\u00e9union est suspendue jusqu'au 5 septembre inclusivement. Merci de votre compr\u00e9hension et au plaisir d'accueillir votre entreprise cet automne.","button_label_room_guide":"Download our Guide (fr)","link_button_room_guide":{"title":"","url":"https:\/\/hotelnormandin.com\/\/app\/uploads\/2024\/08\/guide-web_Salles-de-reunion_HSN-Levis_2024.pdf","target":"_blank"}},"_links":{"self":[{"href":"https:\/\/hotelnormandin.com\/en\/wp-json\/wp\/v2\/pages\/3141"}],"collection":[{"href":"https:\/\/hotelnormandin.com\/en\/wp-json\/wp\/v2\/pages"}],"about":[{"href":"https:\/\/hotelnormandin.com\/en\/wp-json\/wp\/v2\/types\/page"}],"author":[{"embeddable":true,"href":"https:\/\/hotelnormandin.com\/en\/wp-json\/wp\/v2\/users\/3"}],"replies":[{"embeddable":true,"href":"https:\/\/hotelnormandin.com\/en\/wp-json\/wp\/v2\/comments?post=3141"}],"version-history":[{"count":13,"href":"https:\/\/hotelnormandin.com\/en\/wp-json\/wp\/v2\/pages\/3141\/revisions"}],"predecessor-version":[{"id":4915,"href":"https:\/\/hotelnormandin.com\/en\/wp-json\/wp\/v2\/pages\/3141\/revisions\/4915"}],"up":[{"embeddable":true,"href":"https:\/\/hotelnormandin.com\/en\/wp-json\/wp\/v2\/pages\/2482"}],"wp:attachment":[{"href":"https:\/\/hotelnormandin.com\/en\/wp-json\/wp\/v2\/media?parent=3141"}],"curies":[{"name":"wp","href":"https:\/\/api.w.org\/{rel}","templated":true}]}}