{"id":3097,"date":"2023-02-06T16:00:06","date_gmt":"2023-02-06T16:00:06","guid":{"rendered":"https:\/\/hotelnormandin.com\/suggestions-dactivites\/"},"modified":"2024-05-17T09:20:56","modified_gmt":"2024-05-17T13:20:56","slug":"must-do-activities","status":"publish","type":"page","link":"https:\/\/hotelnormandin.com\/en\/must-do-activities\/","title":{"rendered":"Must-do activities"},"content":{"rendered":"","protected":false},"excerpt":{"rendered":"","protected":false},"author":3,"featured_media":0,"parent":0,"menu_order":0,"comment_status":"closed","ping_status":"closed","template":"template\/template-hub-activities.php","meta":{"footnotes":""},"yoast_head":"<!-- This site is optimized with the Yoast SEO plugin v21.8 - https:\/\/yoast.com\/wordpress\/plugins\/seo\/ -->\n<title>Must-do activities - Les H\u00f4tels Normandin<\/title>\n<meta name=\"robots\" content=\"index, follow, max-snippet:-1, max-image-preview:large, max-video-preview:-1\" \/>\n<link rel=\"canonical\" href=\"https:\/\/hotelnormandin.com\/en\/must-do-activities\/\" \/>\n<meta property=\"og:locale\" content=\"en_US\" \/>\n<meta property=\"og:type\" content=\"article\" \/>\n<meta property=\"og:title\" content=\"Must-do activities - Les H\u00f4tels Normandin\" \/>\n<meta property=\"og:url\" content=\"https:\/\/hotelnormandin.com\/en\/must-do-activities\/\" \/>\n<meta property=\"og:site_name\" content=\"Les H\u00f4tels Normandin\" \/>\n<meta property=\"article:publisher\" content=\"https:\/\/www.facebook.com\/leshotelsnormandin\/\" \/>\n<meta property=\"article:modified_time\" content=\"2024-05-17T13:20:56+00:00\" \/>\n<meta property=\"og:image\" content=\"https:\/\/hotelnormandin.com\/\/app\/uploads\/2023\/03\/hotel-suites-normandin-levis-facade-logo.png\" \/>\n\t<meta property=\"og:image:width\" content=\"1761\" \/>\n\t<meta property=\"og:image:height\" content=\"929\" \/>\n\t<meta property=\"og:image:type\" content=\"image\/png\" \/>\n<meta name=\"twitter:card\" content=\"summary_large_image\" \/>\n<script type=\"application\/ld+json\" class=\"yoast-schema-graph\">{\"@context\":\"https:\/\/schema.org\",\"@graph\":[{\"@type\":\"WebPage\",\"@id\":\"https:\/\/hotelnormandin.com\/en\/must-do-activities\/\",\"url\":\"https:\/\/hotelnormandin.com\/en\/must-do-activities\/\",\"name\":\"Must-do activities - Les H\u00f4tels Normandin\",\"isPartOf\":{\"@id\":\"https:\/\/hotelnormandin.com\/#website\"},\"datePublished\":\"2023-02-06T16:00:06+00:00\",\"dateModified\":\"2024-05-17T13:20:56+00:00\",\"breadcrumb\":{\"@id\":\"https:\/\/hotelnormandin.com\/en\/must-do-activities\/#breadcrumb\"},\"inLanguage\":\"en-US\",\"potentialAction\":[{\"@type\":\"ReadAction\",\"target\":[\"https:\/\/hotelnormandin.com\/en\/must-do-activities\/\"]}]},{\"@type\":\"BreadcrumbList\",\"@id\":\"https:\/\/hotelnormandin.com\/en\/must-do-activities\/#breadcrumb\",\"itemListElement\":[{\"@type\":\"ListItem\",\"position\":1,\"name\":\"Home\",\"item\":\"https:\/\/hotelnormandin.com\/en\/\"},{\"@type\":\"ListItem\",\"position\":2,\"name\":\"Must-do activities\"}]},{\"@type\":\"WebSite\",\"@id\":\"https:\/\/hotelnormandin.com\/#website\",\"url\":\"https:\/\/hotelnormandin.com\/\",\"name\":\"H\u00f4tel Normandin\",\"description\":\"Chambres et suites avec un confort et une propret\u00e9 irr\u00e9prochables. Seul, en couple ou en famille, planifiez un s\u00e9jour confortable dans nos h\u00f4tels. Meilleur prix garanti. D\u00e9jeuner continental inclus. Forfaits disponibles.\",\"publisher\":{\"@id\":\"https:\/\/hotelnormandin.com\/#organization\"},\"potentialAction\":[{\"@type\":\"SearchAction\",\"target\":{\"@type\":\"EntryPoint\",\"urlTemplate\":\"https:\/\/hotelnormandin.com\/?s={search_term_string}\"},\"query-input\":\"required name=search_term_string\"}],\"inLanguage\":\"en-US\"},{\"@type\":\"Organization\",\"@id\":\"https:\/\/hotelnormandin.com\/#organization\",\"name\":\"H\u00f4tel Normandin\",\"url\":\"https:\/\/hotelnormandin.com\/\",\"logo\":{\"@type\":\"ImageObject\",\"inLanguage\":\"en-US\",\"@id\":\"https:\/\/hotelnormandin.com\/#\/schema\/logo\/image\/\",\"url\":\"https:\/\/hotelnormandin.com\/\/app\/uploads\/2023\/09\/logo_Les-Hotels-Normandin_site-web.png\",\"contentUrl\":\"https:\/\/hotelnormandin.com\/\/app\/uploads\/2023\/09\/logo_Les-Hotels-Normandin_site-web.png\",\"width\":622,\"height\":168,\"caption\":\"H\u00f4tel Normandin\"},\"image\":{\"@id\":\"https:\/\/hotelnormandin.com\/#\/schema\/logo\/image\/\"},\"sameAs\":[\"https:\/\/www.facebook.com\/leshotelsnormandin\/\"]}]}<\/script>\n<!-- \/ Yoast SEO plugin. -->","yoast_head_json":{"title":"Must-do activities - Les H\u00f4tels Normandin","robots":{"index":"index","follow":"follow","max-snippet":"max-snippet:-1","max-image-preview":"max-image-preview:large","max-video-preview":"max-video-preview:-1"},"canonical":"https:\/\/hotelnormandin.com\/en\/must-do-activities\/","og_locale":"en_US","og_type":"article","og_title":"Must-do activities - Les H\u00f4tels Normandin","og_url":"https:\/\/hotelnormandin.com\/en\/must-do-activities\/","og_site_name":"Les H\u00f4tels Normandin","article_publisher":"https:\/\/www.facebook.com\/leshotelsnormandin\/","article_modified_time":"2024-05-17T13:20:56+00:00","og_image":[{"width":1761,"height":929,"url":"https:\/\/hotelnormandin.com\/\/app\/uploads\/2023\/03\/hotel-suites-normandin-levis-facade-logo.png","type":"image\/png"}],"twitter_card":"summary_large_image","schema":{"@context":"https:\/\/schema.org","@graph":[{"@type":"WebPage","@id":"https:\/\/hotelnormandin.com\/en\/must-do-activities\/","url":"https:\/\/hotelnormandin.com\/en\/must-do-activities\/","name":"Must-do activities - Les H\u00f4tels Normandin","isPartOf":{"@id":"https:\/\/hotelnormandin.com\/#website"},"datePublished":"2023-02-06T16:00:06+00:00","dateModified":"2024-05-17T13:20:56+00:00","breadcrumb":{"@id":"https:\/\/hotelnormandin.com\/en\/must-do-activities\/#breadcrumb"},"inLanguage":"en-US","potentialAction":[{"@type":"ReadAction","target":["https:\/\/hotelnormandin.com\/en\/must-do-activities\/"]}]},{"@type":"BreadcrumbList","@id":"https:\/\/hotelnormandin.com\/en\/must-do-activities\/#breadcrumb","itemListElement":[{"@type":"ListItem","position":1,"name":"Home","item":"https:\/\/hotelnormandin.com\/en\/"},{"@type":"ListItem","position":2,"name":"Must-do activities"}]},{"@type":"WebSite","@id":"https:\/\/hotelnormandin.com\/#website","url":"https:\/\/hotelnormandin.com\/","name":"H\u00f4tel Normandin","description":"Chambres et suites avec un confort et une propret\u00e9 irr\u00e9prochables. Seul, en couple ou en famille, planifiez un s\u00e9jour confortable dans nos h\u00f4tels. Meilleur prix garanti. D\u00e9jeuner continental inclus. Forfaits disponibles.","publisher":{"@id":"https:\/\/hotelnormandin.com\/#organization"},"potentialAction":[{"@type":"SearchAction","target":{"@type":"EntryPoint","urlTemplate":"https:\/\/hotelnormandin.com\/?s={search_term_string}"},"query-input":"required name=search_term_string"}],"inLanguage":"en-US"},{"@type":"Organization","@id":"https:\/\/hotelnormandin.com\/#organization","name":"H\u00f4tel Normandin","url":"https:\/\/hotelnormandin.com\/","logo":{"@type":"ImageObject","inLanguage":"en-US","@id":"https:\/\/hotelnormandin.com\/#\/schema\/logo\/image\/","url":"https:\/\/hotelnormandin.com\/\/app\/uploads\/2023\/09\/logo_Les-Hotels-Normandin_site-web.png","contentUrl":"https:\/\/hotelnormandin.com\/\/app\/uploads\/2023\/09\/logo_Les-Hotels-Normandin_site-web.png","width":622,"height":168,"caption":"H\u00f4tel Normandin"},"image":{"@id":"https:\/\/hotelnormandin.com\/#\/schema\/logo\/image\/"},"sameAs":["https:\/\/www.facebook.com\/leshotelsnormandin\/"]}]}},"acf":{"texte_entete":"Enjoy a wide variety of activities near our hotels to do alone, with your loved-one or family!","ajouter_glissiere_activites_vedette":true,"activites_en_vedette":[{"surtitre":"Highlight","titre":"Aquarium du Qu\u00e9bec","texte":"18 attractions dont la seule grande roue sans rayons en Am\u00e9rique du Nord\r\n","image_de_fond":{"ID":2304,"id":2304,"title":"aquarium-du-quebec-ours-polaire","filename":"aquarium-du-quebec-ours-polaire-e1750443050799.jpg","filesize":153404,"url":"https:\/\/hotelnormandin.com\/\/app\/uploads\/2023\/05\/aquarium-du-quebec-ours-polaire-e1750443050799.jpg","link":"https:\/\/hotelnormandin.com\/en\/activite\/aquarium-du-quebec\/ours-polaire-a-laquarium-de-quebec-dans-le-secteur-ste-foy-a-quebec-ete-2\/","alt":"Ours polaire \u00e0 l'Aquarium du Qu\u00e9bec.","author":"6","description":"","caption":"","name":"ours-polaire-a-laquarium-de-quebec-dans-le-secteur-ste-foy-a-quebec-ete-2","status":"inherit","uploaded_to":3100,"date":"2023-05-31 14:16:04","modified":"2023-09-20 20:02:10","menu_order":0,"mime_type":"image\/jpeg","type":"image","subtype":"jpeg","icon":"https:\/\/hotelnormandin.com\/wp\/wp-includes\/images\/media\/default.png","width":2400,"height":1602,"sizes":{"thumbnail":"https:\/\/hotelnormandin.com\/\/app\/uploads\/2023\/05\/aquarium-du-quebec-ours-polaire-150x150.jpg","thumbnail-width":150,"thumbnail-height":150,"medium":"https:\/\/hotelnormandin.com\/\/app\/uploads\/2023\/05\/aquarium-du-quebec-ours-polaire-300x200.jpg","medium-width":300,"medium-height":200,"medium_large":"https:\/\/hotelnormandin.com\/\/app\/uploads\/2023\/05\/aquarium-du-quebec-ours-polaire-768x513.jpg","medium_large-width":768,"medium_large-height":513,"large":"https:\/\/hotelnormandin.com\/\/app\/uploads\/2023\/05\/aquarium-du-quebec-ours-polaire-1024x684.jpg","large-width":1024,"large-height":684,"1536x1536":"https:\/\/hotelnormandin.com\/\/app\/uploads\/2023\/05\/aquarium-du-quebec-ours-polaire-1536x1025.jpg","1536x1536-width":1536,"1536x1536-height":1025,"2048x2048":"https:\/\/hotelnormandin.com\/\/app\/uploads\/2023\/05\/aquarium-du-quebec-ours-polaire-2048x1367.jpg","2048x2048-width":2048,"2048x2048-height":1367}},"texte_du_lien":"Discover this activity","lien":"https:\/\/hotelnormandin.com\/en\/activite\/aquarium-du-quebec\/"},{"surtitre":"Highlight","titre":"M\u00e9ga Parc","texte":"18 attractions including the only spokeless Ferris wheel in North America","image_de_fond":{"ID":2337,"id":2337,"title":"mega-parc-galeries-de-la-capitale-4","filename":"mega-parc-galeries-de-la-capitale-4.jpg","filesize":808560,"url":"https:\/\/hotelnormandin.com\/\/app\/uploads\/2023\/05\/mega-parc-galeries-de-la-capitale-4.jpg","link":"https:\/\/hotelnormandin.com\/en\/activite\/mega-parc\/megaparc2400x1600-2-2\/","alt":"M\u00e9ga Parc des Galeries de la Capitale.","author":"6","description":"","caption":"","name":"megaparc2400x1600-2-2","status":"inherit","uploaded_to":3112,"date":"2023-05-31 15:44:17","modified":"2023-09-25 15:58:15","menu_order":0,"mime_type":"image\/jpeg","type":"image","subtype":"jpeg","icon":"https:\/\/hotelnormandin.com\/wp\/wp-includes\/images\/media\/default.png","width":2400,"height":1600,"sizes":{"thumbnail":"https:\/\/hotelnormandin.com\/\/app\/uploads\/2023\/05\/mega-parc-galeries-de-la-capitale-4-150x150.jpg","thumbnail-width":150,"thumbnail-height":150,"medium":"https:\/\/hotelnormandin.com\/\/app\/uploads\/2023\/05\/mega-parc-galeries-de-la-capitale-4-300x200.jpg","medium-width":300,"medium-height":200,"medium_large":"https:\/\/hotelnormandin.com\/\/app\/uploads\/2023\/05\/mega-parc-galeries-de-la-capitale-4-768x512.jpg","medium_large-width":768,"medium_large-height":512,"large":"https:\/\/hotelnormandin.com\/\/app\/uploads\/2023\/05\/mega-parc-galeries-de-la-capitale-4-1024x683.jpg","large-width":1024,"large-height":683,"1536x1536":"https:\/\/hotelnormandin.com\/\/app\/uploads\/2023\/05\/mega-parc-galeries-de-la-capitale-4-1536x1024.jpg","1536x1536-width":1536,"1536x1536-height":1024,"2048x2048":"https:\/\/hotelnormandin.com\/\/app\/uploads\/2023\/05\/mega-parc-galeries-de-la-capitale-4-2048x1365.jpg","2048x2048-width":2048,"2048x2048-height":1365}},"texte_du_lien":"Discover this activity","lien":"https:\/\/hotelnormandin.com\/en\/activite\/mega-parc\/"}],"image":{"ID":4659,"id":4659,"title":"woodooliparc-vol315-4","filename":"woodooliparc-vol315-4.jpg","filesize":1800216,"url":"https:\/\/hotelnormandin.com\/\/app\/uploads\/2024\/03\/woodooliparc-vol315-4.jpg","link":"https:\/\/hotelnormandin.com\/en\/forfaits\/woodooliparc\/woodooliparc-vol315-4-2\/","alt":"","author":"6","description":"","caption":"","name":"woodooliparc-vol315-4-2","status":"inherit","uploaded_to":4656,"date":"2024-03-22 19:28:46","modified":"2024-03-22 19:35:13","menu_order":0,"mime_type":"image\/jpeg","type":"image","subtype":"jpeg","icon":"https:\/\/hotelnormandin.com\/wp\/wp-includes\/images\/media\/default.png","width":2400,"height":1600,"sizes":{"thumbnail":"https:\/\/hotelnormandin.com\/\/app\/uploads\/2024\/03\/woodooliparc-vol315-4-150x150.jpg","thumbnail-width":150,"thumbnail-height":150,"medium":"https:\/\/hotelnormandin.com\/\/app\/uploads\/2024\/03\/woodooliparc-vol315-4-300x200.jpg","medium-width":300,"medium-height":200,"medium_large":"https:\/\/hotelnormandin.com\/\/app\/uploads\/2024\/03\/woodooliparc-vol315-4-768x512.jpg","medium_large-width":768,"medium_large-height":512,"large":"https:\/\/hotelnormandin.com\/\/app\/uploads\/2024\/03\/woodooliparc-vol315-4-1024x683.jpg","large-width":1024,"large-height":683,"1536x1536":"https:\/\/hotelnormandin.com\/\/app\/uploads\/2024\/03\/woodooliparc-vol315-4-1536x1024.jpg","1536x1536-width":1536,"1536x1536-height":1024,"2048x2048":"https:\/\/hotelnormandin.com\/\/app\/uploads\/2024\/03\/woodooliparc-vol315-4-2048x1365.jpg","2048x2048-width":2048,"2048x2048-height":1365}},"petite_image":{"ID":4659,"id":4659,"title":"woodooliparc-vol315-4","filename":"woodooliparc-vol315-4.jpg","filesize":1800216,"url":"https:\/\/hotelnormandin.com\/\/app\/uploads\/2024\/03\/woodooliparc-vol315-4.jpg","link":"https:\/\/hotelnormandin.com\/en\/forfaits\/woodooliparc\/woodooliparc-vol315-4-2\/","alt":"","author":"6","description":"","caption":"","name":"woodooliparc-vol315-4-2","status":"inherit","uploaded_to":4656,"date":"2024-03-22 19:28:46","modified":"2024-03-22 19:35:13","menu_order":0,"mime_type":"image\/jpeg","type":"image","subtype":"jpeg","icon":"https:\/\/hotelnormandin.com\/wp\/wp-includes\/images\/media\/default.png","width":2400,"height":1600,"sizes":{"thumbnail":"https:\/\/hotelnormandin.com\/\/app\/uploads\/2024\/03\/woodooliparc-vol315-4-150x150.jpg","thumbnail-width":150,"thumbnail-height":150,"medium":"https:\/\/hotelnormandin.com\/\/app\/uploads\/2024\/03\/woodooliparc-vol315-4-300x200.jpg","medium-width":300,"medium-height":200,"medium_large":"https:\/\/hotelnormandin.com\/\/app\/uploads\/2024\/03\/woodooliparc-vol315-4-768x512.jpg","medium_large-width":768,"medium_large-height":512,"large":"https:\/\/hotelnormandin.com\/\/app\/uploads\/2024\/03\/woodooliparc-vol315-4-1024x683.jpg","large-width":1024,"large-height":683,"1536x1536":"https:\/\/hotelnormandin.com\/\/app\/uploads\/2024\/03\/woodooliparc-vol315-4-1536x1024.jpg","1536x1536-width":1536,"1536x1536-height":1024,"2048x2048":"https:\/\/hotelnormandin.com\/\/app\/uploads\/2024\/03\/woodooliparc-vol315-4-2048x1365.jpg","2048x2048-width":2048,"2048x2048-height":1365}}},"_links":{"self":[{"href":"https:\/\/hotelnormandin.com\/en\/wp-json\/wp\/v2\/pages\/3097"}],"collection":[{"href":"https:\/\/hotelnormandin.com\/en\/wp-json\/wp\/v2\/pages"}],"about":[{"href":"https:\/\/hotelnormandin.com\/en\/wp-json\/wp\/v2\/types\/page"}],"author":[{"embeddable":true,"href":"https:\/\/hotelnormandin.com\/en\/wp-json\/wp\/v2\/users\/3"}],"replies":[{"embeddable":true,"href":"https:\/\/hotelnormandin.com\/en\/wp-json\/wp\/v2\/comments?post=3097"}],"version-history":[{"count":7,"href":"https:\/\/hotelnormandin.com\/en\/wp-json\/wp\/v2\/pages\/3097\/revisions"}],"predecessor-version":[{"id":4785,"href":"https:\/\/hotelnormandin.com\/en\/wp-json\/wp\/v2\/pages\/3097\/revisions\/4785"}],"wp:attachment":[{"href":"https:\/\/hotelnormandin.com\/en\/wp-json\/wp\/v2\/media?parent=3097"}],"curies":[{"name":"wp","href":"https:\/\/api.w.org\/{rel}","templated":true}]}}