{"id":3052,"date":"2023-08-31T14:44:16","date_gmt":"2023-08-31T14:44:16","guid":{"rendered":"https:\/\/hotelnormandin.com\/?page_id=3052"},"modified":"2023-11-28T20:35:23","modified_gmt":"2023-11-28T20:35:23","slug":"rooms","status":"publish","type":"page","link":"https:\/\/hotelnormandin.com\/en\/hotel-motel-normandin-alma\/rooms\/","title":{"rendered":"Rooms"},"content":{"rendered":"","protected":false},"excerpt":{"rendered":"","protected":false},"author":6,"featured_media":0,"parent":2535,"menu_order":2,"comment_status":"closed","ping_status":"closed","template":"template\/template-hub-rooms.php","meta":{"footnotes":""},"yoast_head":"<!-- This site is optimized with the Yoast SEO plugin v21.8 - https:\/\/yoast.com\/wordpress\/plugins\/seo\/ -->\n<title>Rooms - Les H\u00f4tels Normandin<\/title>\n<meta name=\"robots\" content=\"index, follow, max-snippet:-1, max-image-preview:large, max-video-preview:-1\" \/>\n<link rel=\"canonical\" href=\"https:\/\/hotelnormandin.com\/en\/hotel-motel-normandin-alma\/rooms\/\" \/>\n<meta property=\"og:locale\" content=\"en_US\" \/>\n<meta property=\"og:type\" content=\"article\" \/>\n<meta property=\"og:title\" content=\"Rooms - Les H\u00f4tels Normandin\" \/>\n<meta property=\"og:url\" content=\"https:\/\/hotelnormandin.com\/en\/hotel-motel-normandin-alma\/rooms\/\" \/>\n<meta property=\"og:site_name\" content=\"Les H\u00f4tels Normandin\" \/>\n<meta property=\"article:publisher\" content=\"https:\/\/www.facebook.com\/leshotelsnormandin\/\" \/>\n<meta property=\"article:modified_time\" content=\"2023-11-28T20:35:23+00:00\" \/>\n<meta property=\"og:image\" content=\"https:\/\/hotelnormandin.com\/\/app\/uploads\/2023\/03\/hotel-suites-normandin-levis-facade-logo.png\" \/>\n\t<meta property=\"og:image:width\" content=\"1761\" \/>\n\t<meta property=\"og:image:height\" content=\"929\" \/>\n\t<meta property=\"og:image:type\" content=\"image\/png\" \/>\n<meta name=\"twitter:card\" content=\"summary_large_image\" \/>\n<script type=\"application\/ld+json\" class=\"yoast-schema-graph\">{\"@context\":\"https:\/\/schema.org\",\"@graph\":[{\"@type\":\"WebPage\",\"@id\":\"https:\/\/hotelnormandin.com\/en\/hotel-motel-normandin-alma\/rooms\/\",\"url\":\"https:\/\/hotelnormandin.com\/en\/hotel-motel-normandin-alma\/rooms\/\",\"name\":\"Rooms - Les H\u00f4tels Normandin\",\"isPartOf\":{\"@id\":\"https:\/\/hotelnormandin.com\/#website\"},\"datePublished\":\"2023-08-31T14:44:16+00:00\",\"dateModified\":\"2023-11-28T20:35:23+00:00\",\"breadcrumb\":{\"@id\":\"https:\/\/hotelnormandin.com\/en\/hotel-motel-normandin-alma\/rooms\/#breadcrumb\"},\"inLanguage\":\"en-US\",\"potentialAction\":[{\"@type\":\"ReadAction\",\"target\":[\"https:\/\/hotelnormandin.com\/en\/hotel-motel-normandin-alma\/rooms\/\"]}]},{\"@type\":\"BreadcrumbList\",\"@id\":\"https:\/\/hotelnormandin.com\/en\/hotel-motel-normandin-alma\/rooms\/#breadcrumb\",\"itemListElement\":[{\"@type\":\"ListItem\",\"position\":1,\"name\":\"Home\",\"item\":\"https:\/\/hotelnormandin.com\/en\/\"},{\"@type\":\"ListItem\",\"position\":2,\"name\":\"H\u00f4tel-Motel Normandin Alma\",\"item\":\"https:\/\/hotelnormandin.com\/en\/hotel-motel-normandin-alma\/\"},{\"@type\":\"ListItem\",\"position\":3,\"name\":\"Rooms\"}]},{\"@type\":\"WebSite\",\"@id\":\"https:\/\/hotelnormandin.com\/#website\",\"url\":\"https:\/\/hotelnormandin.com\/\",\"name\":\"H\u00f4tel Normandin\",\"description\":\"Chambres et suites avec un confort et une propret\u00e9 irr\u00e9prochables. Seul, en couple ou en famille, planifiez un s\u00e9jour confortable dans nos h\u00f4tels. Meilleur prix garanti. D\u00e9jeuner continental inclus. Forfaits disponibles.\",\"publisher\":{\"@id\":\"https:\/\/hotelnormandin.com\/#organization\"},\"potentialAction\":[{\"@type\":\"SearchAction\",\"target\":{\"@type\":\"EntryPoint\",\"urlTemplate\":\"https:\/\/hotelnormandin.com\/?s={search_term_string}\"},\"query-input\":\"required name=search_term_string\"}],\"inLanguage\":\"en-US\"},{\"@type\":\"Organization\",\"@id\":\"https:\/\/hotelnormandin.com\/#organization\",\"name\":\"H\u00f4tel Normandin\",\"url\":\"https:\/\/hotelnormandin.com\/\",\"logo\":{\"@type\":\"ImageObject\",\"inLanguage\":\"en-US\",\"@id\":\"https:\/\/hotelnormandin.com\/#\/schema\/logo\/image\/\",\"url\":\"https:\/\/hotelnormandin.com\/\/app\/uploads\/2023\/09\/logo_Les-Hotels-Normandin_site-web.png\",\"contentUrl\":\"https:\/\/hotelnormandin.com\/\/app\/uploads\/2023\/09\/logo_Les-Hotels-Normandin_site-web.png\",\"width\":622,\"height\":168,\"caption\":\"H\u00f4tel Normandin\"},\"image\":{\"@id\":\"https:\/\/hotelnormandin.com\/#\/schema\/logo\/image\/\"},\"sameAs\":[\"https:\/\/www.facebook.com\/leshotelsnormandin\/\"]}]}<\/script>\n<!-- \/ Yoast SEO plugin. -->","yoast_head_json":{"title":"Rooms - Les H\u00f4tels Normandin","robots":{"index":"index","follow":"follow","max-snippet":"max-snippet:-1","max-image-preview":"max-image-preview:large","max-video-preview":"max-video-preview:-1"},"canonical":"https:\/\/hotelnormandin.com\/en\/hotel-motel-normandin-alma\/rooms\/","og_locale":"en_US","og_type":"article","og_title":"Rooms - Les H\u00f4tels Normandin","og_url":"https:\/\/hotelnormandin.com\/en\/hotel-motel-normandin-alma\/rooms\/","og_site_name":"Les H\u00f4tels Normandin","article_publisher":"https:\/\/www.facebook.com\/leshotelsnormandin\/","article_modified_time":"2023-11-28T20:35:23+00:00","og_image":[{"width":1761,"height":929,"url":"https:\/\/hotelnormandin.com\/\/app\/uploads\/2023\/03\/hotel-suites-normandin-levis-facade-logo.png","type":"image\/png"}],"twitter_card":"summary_large_image","schema":{"@context":"https:\/\/schema.org","@graph":[{"@type":"WebPage","@id":"https:\/\/hotelnormandin.com\/en\/hotel-motel-normandin-alma\/rooms\/","url":"https:\/\/hotelnormandin.com\/en\/hotel-motel-normandin-alma\/rooms\/","name":"Rooms - Les H\u00f4tels Normandin","isPartOf":{"@id":"https:\/\/hotelnormandin.com\/#website"},"datePublished":"2023-08-31T14:44:16+00:00","dateModified":"2023-11-28T20:35:23+00:00","breadcrumb":{"@id":"https:\/\/hotelnormandin.com\/en\/hotel-motel-normandin-alma\/rooms\/#breadcrumb"},"inLanguage":"en-US","potentialAction":[{"@type":"ReadAction","target":["https:\/\/hotelnormandin.com\/en\/hotel-motel-normandin-alma\/rooms\/"]}]},{"@type":"BreadcrumbList","@id":"https:\/\/hotelnormandin.com\/en\/hotel-motel-normandin-alma\/rooms\/#breadcrumb","itemListElement":[{"@type":"ListItem","position":1,"name":"Home","item":"https:\/\/hotelnormandin.com\/en\/"},{"@type":"ListItem","position":2,"name":"H\u00f4tel-Motel Normandin Alma","item":"https:\/\/hotelnormandin.com\/en\/hotel-motel-normandin-alma\/"},{"@type":"ListItem","position":3,"name":"Rooms"}]},{"@type":"WebSite","@id":"https:\/\/hotelnormandin.com\/#website","url":"https:\/\/hotelnormandin.com\/","name":"H\u00f4tel Normandin","description":"Chambres et suites avec un confort et une propret\u00e9 irr\u00e9prochables. Seul, en couple ou en famille, planifiez un s\u00e9jour confortable dans nos h\u00f4tels. Meilleur prix garanti. D\u00e9jeuner continental inclus. Forfaits disponibles.","publisher":{"@id":"https:\/\/hotelnormandin.com\/#organization"},"potentialAction":[{"@type":"SearchAction","target":{"@type":"EntryPoint","urlTemplate":"https:\/\/hotelnormandin.com\/?s={search_term_string}"},"query-input":"required name=search_term_string"}],"inLanguage":"en-US"},{"@type":"Organization","@id":"https:\/\/hotelnormandin.com\/#organization","name":"H\u00f4tel Normandin","url":"https:\/\/hotelnormandin.com\/","logo":{"@type":"ImageObject","inLanguage":"en-US","@id":"https:\/\/hotelnormandin.com\/#\/schema\/logo\/image\/","url":"https:\/\/hotelnormandin.com\/\/app\/uploads\/2023\/09\/logo_Les-Hotels-Normandin_site-web.png","contentUrl":"https:\/\/hotelnormandin.com\/\/app\/uploads\/2023\/09\/logo_Les-Hotels-Normandin_site-web.png","width":622,"height":168,"caption":"H\u00f4tel Normandin"},"image":{"@id":"https:\/\/hotelnormandin.com\/#\/schema\/logo\/image\/"},"sameAs":["https:\/\/www.facebook.com\/leshotelsnormandin\/"]}]}},"acf":{"titre":"Our rooms","image_entete":{"ID":3489,"id":3489,"title":"chambre-hotel-motel-normandin-alma-8","filename":"chambre-hotel-motel-normandin-alma-8.jpg","filesize":147219,"url":"https:\/\/hotelnormandin.com\/\/app\/uploads\/2023\/08\/chambre-hotel-motel-normandin-alma-8.jpg","link":"https:\/\/hotelnormandin.com\/en\/hotel-motel-normandin-alma\/rooms\/359474555_672884778039323_5275527852125647830_n-2\/","alt":"Chambre \u00e0 l'H\u00f4tel-Motel Normandin Alma.","author":"6","description":"","caption":"","name":"359474555_672884778039323_5275527852125647830_n-2","status":"inherit","uploaded_to":3052,"date":"2023-08-31 14:07:59","modified":"2023-09-26 19:33:23","menu_order":0,"mime_type":"image\/jpeg","type":"image","subtype":"jpeg","icon":"https:\/\/hotelnormandin.com\/wp\/wp-includes\/images\/media\/default.png","width":2040,"height":1148,"sizes":{"thumbnail":"https:\/\/hotelnormandin.com\/\/app\/uploads\/2023\/08\/chambre-hotel-motel-normandin-alma-8-150x150.jpg","thumbnail-width":150,"thumbnail-height":150,"medium":"https:\/\/hotelnormandin.com\/\/app\/uploads\/2023\/08\/chambre-hotel-motel-normandin-alma-8-300x169.jpg","medium-width":300,"medium-height":169,"medium_large":"https:\/\/hotelnormandin.com\/\/app\/uploads\/2023\/08\/chambre-hotel-motel-normandin-alma-8-768x432.jpg","medium_large-width":768,"medium_large-height":432,"large":"https:\/\/hotelnormandin.com\/\/app\/uploads\/2023\/08\/chambre-hotel-motel-normandin-alma-8-1024x576.jpg","large-width":1024,"large-height":576,"1536x1536":"https:\/\/hotelnormandin.com\/\/app\/uploads\/2023\/08\/chambre-hotel-motel-normandin-alma-8-1536x864.jpg","1536x1536-width":1536,"1536x1536-height":864,"2048x2048":"https:\/\/hotelnormandin.com\/\/app\/uploads\/2023\/08\/chambre-hotel-motel-normandin-alma-8.jpg","2048x2048-width":2040,"2048x2048-height":1148}},"petite_image_entete":{"ID":3489,"id":3489,"title":"chambre-hotel-motel-normandin-alma-8","filename":"chambre-hotel-motel-normandin-alma-8.jpg","filesize":147219,"url":"https:\/\/hotelnormandin.com\/\/app\/uploads\/2023\/08\/chambre-hotel-motel-normandin-alma-8.jpg","link":"https:\/\/hotelnormandin.com\/en\/hotel-motel-normandin-alma\/rooms\/359474555_672884778039323_5275527852125647830_n-2\/","alt":"Chambre \u00e0 l'H\u00f4tel-Motel Normandin Alma.","author":"6","description":"","caption":"","name":"359474555_672884778039323_5275527852125647830_n-2","status":"inherit","uploaded_to":3052,"date":"2023-08-31 14:07:59","modified":"2023-09-26 19:33:23","menu_order":0,"mime_type":"image\/jpeg","type":"image","subtype":"jpeg","icon":"https:\/\/hotelnormandin.com\/wp\/wp-includes\/images\/media\/default.png","width":2040,"height":1148,"sizes":{"thumbnail":"https:\/\/hotelnormandin.com\/\/app\/uploads\/2023\/08\/chambre-hotel-motel-normandin-alma-8-150x150.jpg","thumbnail-width":150,"thumbnail-height":150,"medium":"https:\/\/hotelnormandin.com\/\/app\/uploads\/2023\/08\/chambre-hotel-motel-normandin-alma-8-300x169.jpg","medium-width":300,"medium-height":169,"medium_large":"https:\/\/hotelnormandin.com\/\/app\/uploads\/2023\/08\/chambre-hotel-motel-normandin-alma-8-768x432.jpg","medium_large-width":768,"medium_large-height":432,"large":"https:\/\/hotelnormandin.com\/\/app\/uploads\/2023\/08\/chambre-hotel-motel-normandin-alma-8-1024x576.jpg","large-width":1024,"large-height":576,"1536x1536":"https:\/\/hotelnormandin.com\/\/app\/uploads\/2023\/08\/chambre-hotel-motel-normandin-alma-8-1536x864.jpg","1536x1536-width":1536,"1536x1536-height":864,"2048x2048":"https:\/\/hotelnormandin.com\/\/app\/uploads\/2023\/08\/chambre-hotel-motel-normandin-alma-8.jpg","2048x2048-width":2040,"2048x2048-height":1148}},"presentation":"Newly renovated wood-flooring rooms!"},"_links":{"self":[{"href":"https:\/\/hotelnormandin.com\/en\/wp-json\/wp\/v2\/pages\/3052"}],"collection":[{"href":"https:\/\/hotelnormandin.com\/en\/wp-json\/wp\/v2\/pages"}],"about":[{"href":"https:\/\/hotelnormandin.com\/en\/wp-json\/wp\/v2\/types\/page"}],"author":[{"embeddable":true,"href":"https:\/\/hotelnormandin.com\/en\/wp-json\/wp\/v2\/users\/6"}],"replies":[{"embeddable":true,"href":"https:\/\/hotelnormandin.com\/en\/wp-json\/wp\/v2\/comments?post=3052"}],"version-history":[{"count":4,"href":"https:\/\/hotelnormandin.com\/en\/wp-json\/wp\/v2\/pages\/3052\/revisions"}],"predecessor-version":[{"id":4444,"href":"https:\/\/hotelnormandin.com\/en\/wp-json\/wp\/v2\/pages\/3052\/revisions\/4444"}],"up":[{"embeddable":true,"href":"https:\/\/hotelnormandin.com\/en\/wp-json\/wp\/v2\/pages\/2535"}],"wp:attachment":[{"href":"https:\/\/hotelnormandin.com\/en\/wp-json\/wp\/v2\/media?parent=3052"}],"curies":[{"name":"wp","href":"https:\/\/api.w.org\/{rel}","templated":true}]}}