{"id":2536,"date":"2023-02-06T19:13:37","date_gmt":"2023-02-06T19:13:37","guid":{"rendered":"https:\/\/hotelnormandin.com\/hotel-et-suites-normandin-levis\/chambres\/"},"modified":"2023-10-23T19:14:46","modified_gmt":"2023-10-23T19:14:46","slug":"rooms","status":"publish","type":"page","link":"https:\/\/hotelnormandin.com\/en\/hotel-et-suites-normandin-levis\/rooms\/","title":{"rendered":"Rooms"},"content":{"rendered":"","protected":false},"excerpt":{"rendered":"","protected":false},"author":3,"featured_media":0,"parent":2482,"menu_order":0,"comment_status":"closed","ping_status":"closed","template":"template\/template-hub-rooms.php","meta":{"footnotes":""},"yoast_head":"<!-- This site is optimized with the Yoast SEO plugin v21.8 - https:\/\/yoast.com\/wordpress\/plugins\/seo\/ -->\n<title>Rooms - Les H\u00f4tels Normandin<\/title>\n<meta name=\"robots\" content=\"index, follow, max-snippet:-1, max-image-preview:large, max-video-preview:-1\" \/>\n<link rel=\"canonical\" href=\"https:\/\/hotelnormandin.com\/en\/hotel-et-suites-normandin-levis\/rooms\/\" \/>\n<meta property=\"og:locale\" content=\"en_US\" \/>\n<meta property=\"og:type\" content=\"article\" \/>\n<meta property=\"og:title\" content=\"Rooms - Les H\u00f4tels Normandin\" \/>\n<meta property=\"og:url\" content=\"https:\/\/hotelnormandin.com\/en\/hotel-et-suites-normandin-levis\/rooms\/\" \/>\n<meta property=\"og:site_name\" content=\"Les H\u00f4tels Normandin\" \/>\n<meta property=\"article:publisher\" content=\"https:\/\/www.facebook.com\/leshotelsnormandin\/\" \/>\n<meta property=\"article:modified_time\" content=\"2023-10-23T19:14:46+00:00\" \/>\n<meta property=\"og:image\" content=\"https:\/\/hotelnormandin.com\/\/app\/uploads\/2023\/03\/hotel-suites-normandin-levis-facade-logo.png\" \/>\n\t<meta property=\"og:image:width\" content=\"1761\" \/>\n\t<meta property=\"og:image:height\" content=\"929\" \/>\n\t<meta property=\"og:image:type\" content=\"image\/png\" \/>\n<meta name=\"twitter:card\" content=\"summary_large_image\" \/>\n<script type=\"application\/ld+json\" class=\"yoast-schema-graph\">{\"@context\":\"https:\/\/schema.org\",\"@graph\":[{\"@type\":\"WebPage\",\"@id\":\"https:\/\/hotelnormandin.com\/en\/hotel-et-suites-normandin-levis\/rooms\/\",\"url\":\"https:\/\/hotelnormandin.com\/en\/hotel-et-suites-normandin-levis\/rooms\/\",\"name\":\"Rooms - Les H\u00f4tels Normandin\",\"isPartOf\":{\"@id\":\"https:\/\/hotelnormandin.com\/#website\"},\"datePublished\":\"2023-02-06T19:13:37+00:00\",\"dateModified\":\"2023-10-23T19:14:46+00:00\",\"breadcrumb\":{\"@id\":\"https:\/\/hotelnormandin.com\/en\/hotel-et-suites-normandin-levis\/rooms\/#breadcrumb\"},\"inLanguage\":\"en-US\",\"potentialAction\":[{\"@type\":\"ReadAction\",\"target\":[\"https:\/\/hotelnormandin.com\/en\/hotel-et-suites-normandin-levis\/rooms\/\"]}]},{\"@type\":\"BreadcrumbList\",\"@id\":\"https:\/\/hotelnormandin.com\/en\/hotel-et-suites-normandin-levis\/rooms\/#breadcrumb\",\"itemListElement\":[{\"@type\":\"ListItem\",\"position\":1,\"name\":\"Home\",\"item\":\"https:\/\/hotelnormandin.com\/en\/\"},{\"@type\":\"ListItem\",\"position\":2,\"name\":\"H\u00f4tel &#038; Suites Normandin L\u00e9vis\",\"item\":\"https:\/\/hotelnormandin.com\/en\/hotel-et-suites-normandin-levis\/\"},{\"@type\":\"ListItem\",\"position\":3,\"name\":\"Rooms\"}]},{\"@type\":\"WebSite\",\"@id\":\"https:\/\/hotelnormandin.com\/#website\",\"url\":\"https:\/\/hotelnormandin.com\/\",\"name\":\"H\u00f4tel Normandin\",\"description\":\"Chambres et suites avec un confort et une propret\u00e9 irr\u00e9prochables. Seul, en couple ou en famille, planifiez un s\u00e9jour confortable dans nos h\u00f4tels. Meilleur prix garanti. D\u00e9jeuner continental inclus. Forfaits disponibles.\",\"publisher\":{\"@id\":\"https:\/\/hotelnormandin.com\/#organization\"},\"potentialAction\":[{\"@type\":\"SearchAction\",\"target\":{\"@type\":\"EntryPoint\",\"urlTemplate\":\"https:\/\/hotelnormandin.com\/?s={search_term_string}\"},\"query-input\":\"required name=search_term_string\"}],\"inLanguage\":\"en-US\"},{\"@type\":\"Organization\",\"@id\":\"https:\/\/hotelnormandin.com\/#organization\",\"name\":\"H\u00f4tel Normandin\",\"url\":\"https:\/\/hotelnormandin.com\/\",\"logo\":{\"@type\":\"ImageObject\",\"inLanguage\":\"en-US\",\"@id\":\"https:\/\/hotelnormandin.com\/#\/schema\/logo\/image\/\",\"url\":\"https:\/\/hotelnormandin.com\/\/app\/uploads\/2023\/09\/logo_Les-Hotels-Normandin_site-web.png\",\"contentUrl\":\"https:\/\/hotelnormandin.com\/\/app\/uploads\/2023\/09\/logo_Les-Hotels-Normandin_site-web.png\",\"width\":622,\"height\":168,\"caption\":\"H\u00f4tel Normandin\"},\"image\":{\"@id\":\"https:\/\/hotelnormandin.com\/#\/schema\/logo\/image\/\"},\"sameAs\":[\"https:\/\/www.facebook.com\/leshotelsnormandin\/\"]}]}<\/script>\n<!-- \/ Yoast SEO plugin. -->","yoast_head_json":{"title":"Rooms - Les H\u00f4tels Normandin","robots":{"index":"index","follow":"follow","max-snippet":"max-snippet:-1","max-image-preview":"max-image-preview:large","max-video-preview":"max-video-preview:-1"},"canonical":"https:\/\/hotelnormandin.com\/en\/hotel-et-suites-normandin-levis\/rooms\/","og_locale":"en_US","og_type":"article","og_title":"Rooms - Les H\u00f4tels Normandin","og_url":"https:\/\/hotelnormandin.com\/en\/hotel-et-suites-normandin-levis\/rooms\/","og_site_name":"Les H\u00f4tels Normandin","article_publisher":"https:\/\/www.facebook.com\/leshotelsnormandin\/","article_modified_time":"2023-10-23T19:14:46+00:00","og_image":[{"width":1761,"height":929,"url":"https:\/\/hotelnormandin.com\/\/app\/uploads\/2023\/03\/hotel-suites-normandin-levis-facade-logo.png","type":"image\/png"}],"twitter_card":"summary_large_image","schema":{"@context":"https:\/\/schema.org","@graph":[{"@type":"WebPage","@id":"https:\/\/hotelnormandin.com\/en\/hotel-et-suites-normandin-levis\/rooms\/","url":"https:\/\/hotelnormandin.com\/en\/hotel-et-suites-normandin-levis\/rooms\/","name":"Rooms - Les H\u00f4tels Normandin","isPartOf":{"@id":"https:\/\/hotelnormandin.com\/#website"},"datePublished":"2023-02-06T19:13:37+00:00","dateModified":"2023-10-23T19:14:46+00:00","breadcrumb":{"@id":"https:\/\/hotelnormandin.com\/en\/hotel-et-suites-normandin-levis\/rooms\/#breadcrumb"},"inLanguage":"en-US","potentialAction":[{"@type":"ReadAction","target":["https:\/\/hotelnormandin.com\/en\/hotel-et-suites-normandin-levis\/rooms\/"]}]},{"@type":"BreadcrumbList","@id":"https:\/\/hotelnormandin.com\/en\/hotel-et-suites-normandin-levis\/rooms\/#breadcrumb","itemListElement":[{"@type":"ListItem","position":1,"name":"Home","item":"https:\/\/hotelnormandin.com\/en\/"},{"@type":"ListItem","position":2,"name":"H\u00f4tel &#038; Suites Normandin L\u00e9vis","item":"https:\/\/hotelnormandin.com\/en\/hotel-et-suites-normandin-levis\/"},{"@type":"ListItem","position":3,"name":"Rooms"}]},{"@type":"WebSite","@id":"https:\/\/hotelnormandin.com\/#website","url":"https:\/\/hotelnormandin.com\/","name":"H\u00f4tel Normandin","description":"Chambres et suites avec un confort et une propret\u00e9 irr\u00e9prochables. Seul, en couple ou en famille, planifiez un s\u00e9jour confortable dans nos h\u00f4tels. Meilleur prix garanti. D\u00e9jeuner continental inclus. Forfaits disponibles.","publisher":{"@id":"https:\/\/hotelnormandin.com\/#organization"},"potentialAction":[{"@type":"SearchAction","target":{"@type":"EntryPoint","urlTemplate":"https:\/\/hotelnormandin.com\/?s={search_term_string}"},"query-input":"required name=search_term_string"}],"inLanguage":"en-US"},{"@type":"Organization","@id":"https:\/\/hotelnormandin.com\/#organization","name":"H\u00f4tel Normandin","url":"https:\/\/hotelnormandin.com\/","logo":{"@type":"ImageObject","inLanguage":"en-US","@id":"https:\/\/hotelnormandin.com\/#\/schema\/logo\/image\/","url":"https:\/\/hotelnormandin.com\/\/app\/uploads\/2023\/09\/logo_Les-Hotels-Normandin_site-web.png","contentUrl":"https:\/\/hotelnormandin.com\/\/app\/uploads\/2023\/09\/logo_Les-Hotels-Normandin_site-web.png","width":622,"height":168,"caption":"H\u00f4tel Normandin"},"image":{"@id":"https:\/\/hotelnormandin.com\/#\/schema\/logo\/image\/"},"sameAs":["https:\/\/www.facebook.com\/leshotelsnormandin\/"]}]}},"acf":{"contenu_flexible":[{"acf_fc_layout":"bloc_formulaire_de_reservation_interne","titre":"Best rate.","titre_red":"<br> Guaranteed.","surtitre":"Book direct","image_coin_droite":{"ID":1792,"id":1792,"title":"notre-equipe-laura-corpo-2","filename":"notre-equipe-laura-corpo-2.jpg","filesize":107103,"url":"https:\/\/hotelnormandin.com\/\/app\/uploads\/2023\/05\/notre-equipe-laura-corpo-2.jpg","link":"https:\/\/hotelnormandin.com\/en\/our-team\/hotels-normandin-vfinale-17-2\/","alt":"","author":"6","description":"","caption":"","name":"hotels-normandin-vfinale-17-2","status":"inherit","uploaded_to":2483,"date":"2023-05-08 19:09:39","modified":"2023-09-25 18:43:41","menu_order":0,"mime_type":"image\/jpeg","type":"image","subtype":"jpeg","icon":"https:\/\/hotelnormandin.com\/wp\/wp-includes\/images\/media\/default.png","width":1067,"height":1600,"sizes":{"thumbnail":"https:\/\/hotelnormandin.com\/\/app\/uploads\/2023\/05\/notre-equipe-laura-corpo-2-150x150.jpg","thumbnail-width":150,"thumbnail-height":150,"medium":"https:\/\/hotelnormandin.com\/\/app\/uploads\/2023\/05\/notre-equipe-laura-corpo-2-200x300.jpg","medium-width":200,"medium-height":300,"medium_large":"https:\/\/hotelnormandin.com\/\/app\/uploads\/2023\/05\/notre-equipe-laura-corpo-2-768x1152.jpg","medium_large-width":768,"medium_large-height":1152,"large":"https:\/\/hotelnormandin.com\/\/app\/uploads\/2023\/05\/notre-equipe-laura-corpo-2-683x1024.jpg","large-width":683,"large-height":1024,"1536x1536":"https:\/\/hotelnormandin.com\/\/app\/uploads\/2023\/05\/notre-equipe-laura-corpo-2-1024x1536.jpg","1536x1536-width":1024,"1536x1536-height":1536,"2048x2048":"https:\/\/hotelnormandin.com\/\/app\/uploads\/2023\/05\/notre-equipe-laura-corpo-2.jpg","2048x2048-width":1067,"2048x2048-height":1600}},"image_milieu":{"ID":1403,"id":1403,"title":"facadelevis_365x365","filename":"facadelevis_365x365.jpg","filesize":33111,"url":"https:\/\/hotelnormandin.com\/\/app\/uploads\/2023\/04\/facadelevis_365x365.jpg","link":"https:\/\/hotelnormandin.com\/en\/hotel\/hotel-et-suites-normandin-levis\/loft-suite-2\/facadelevis_365x365-2\/","alt":"","author":"6","description":"","caption":"","name":"facadelevis_365x365-2","status":"inherit","uploaded_to":2882,"date":"2023-04-27 19:43:59","modified":"2023-04-27 19:43:59","menu_order":0,"mime_type":"image\/jpeg","type":"image","subtype":"jpeg","icon":"https:\/\/hotelnormandin.com\/wp\/wp-includes\/images\/media\/default.png","width":365,"height":365,"sizes":{"thumbnail":"https:\/\/hotelnormandin.com\/\/app\/uploads\/2023\/04\/facadelevis_365x365-150x150.jpg","thumbnail-width":150,"thumbnail-height":150,"medium":"https:\/\/hotelnormandin.com\/\/app\/uploads\/2023\/04\/facadelevis_365x365-300x300.jpg","medium-width":300,"medium-height":300,"medium_large":"https:\/\/hotelnormandin.com\/\/app\/uploads\/2023\/04\/facadelevis_365x365.jpg","medium_large-width":365,"medium_large-height":365,"large":"https:\/\/hotelnormandin.com\/\/app\/uploads\/2023\/04\/facadelevis_365x365.jpg","large-width":365,"large-height":365,"1536x1536":"https:\/\/hotelnormandin.com\/\/app\/uploads\/2023\/04\/facadelevis_365x365.jpg","1536x1536-width":365,"1536x1536-height":365,"2048x2048":"https:\/\/hotelnormandin.com\/\/app\/uploads\/2023\/04\/facadelevis_365x365.jpg","2048x2048-width":365,"2048x2048-height":365}}}],"image_entete":{"ID":1377,"id":1377,"title":"Normandin - Fichier finaux","filename":"clphotographe16fev-5_2400x1600.jpg","filesize":194652,"url":"https:\/\/hotelnormandin.com\/\/app\/uploads\/2023\/04\/clphotographe16fev-5_2400x1600.jpg","link":"https:\/\/hotelnormandin.com\/en\/hotel-et-suites-normandin-levis\/rooms\/normandin-fichier-finaux-37-2\/","alt":"","author":"6","description":"","caption":"","name":"normandin-fichier-finaux-37-2","status":"inherit","uploaded_to":2536,"date":"2023-04-27 19:01:49","modified":"2023-04-27 19:01:49","menu_order":0,"mime_type":"image\/jpeg","type":"image","subtype":"jpeg","icon":"https:\/\/hotelnormandin.com\/wp\/wp-includes\/images\/media\/default.png","width":2400,"height":1599,"sizes":{"thumbnail":"https:\/\/hotelnormandin.com\/\/app\/uploads\/2023\/04\/clphotographe16fev-5_2400x1600-150x150.jpg","thumbnail-width":150,"thumbnail-height":150,"medium":"https:\/\/hotelnormandin.com\/\/app\/uploads\/2023\/04\/clphotographe16fev-5_2400x1600-300x200.jpg","medium-width":300,"medium-height":200,"medium_large":"https:\/\/hotelnormandin.com\/\/app\/uploads\/2023\/04\/clphotographe16fev-5_2400x1600-768x512.jpg","medium_large-width":768,"medium_large-height":512,"large":"https:\/\/hotelnormandin.com\/\/app\/uploads\/2023\/04\/clphotographe16fev-5_2400x1600-1024x682.jpg","large-width":1024,"large-height":682,"1536x1536":"https:\/\/hotelnormandin.com\/\/app\/uploads\/2023\/04\/clphotographe16fev-5_2400x1600-1536x1023.jpg","1536x1536-width":1536,"1536x1536-height":1023,"2048x2048":"https:\/\/hotelnormandin.com\/\/app\/uploads\/2023\/04\/clphotographe16fev-5_2400x1600-2048x1364.jpg","2048x2048-width":2048,"2048x2048-height":1364}},"presentation":"Everything has been thought out down to the smallest detail to offer you the most relaxing stay.","petite_image_entete":{"ID":1377,"id":1377,"title":"Normandin - Fichier finaux","filename":"clphotographe16fev-5_2400x1600.jpg","filesize":194652,"url":"https:\/\/hotelnormandin.com\/\/app\/uploads\/2023\/04\/clphotographe16fev-5_2400x1600.jpg","link":"https:\/\/hotelnormandin.com\/en\/hotel-et-suites-normandin-levis\/rooms\/normandin-fichier-finaux-37-2\/","alt":"","author":"6","description":"","caption":"","name":"normandin-fichier-finaux-37-2","status":"inherit","uploaded_to":2536,"date":"2023-04-27 19:01:49","modified":"2023-04-27 19:01:49","menu_order":0,"mime_type":"image\/jpeg","type":"image","subtype":"jpeg","icon":"https:\/\/hotelnormandin.com\/wp\/wp-includes\/images\/media\/default.png","width":2400,"height":1599,"sizes":{"thumbnail":"https:\/\/hotelnormandin.com\/\/app\/uploads\/2023\/04\/clphotographe16fev-5_2400x1600-150x150.jpg","thumbnail-width":150,"thumbnail-height":150,"medium":"https:\/\/hotelnormandin.com\/\/app\/uploads\/2023\/04\/clphotographe16fev-5_2400x1600-300x200.jpg","medium-width":300,"medium-height":200,"medium_large":"https:\/\/hotelnormandin.com\/\/app\/uploads\/2023\/04\/clphotographe16fev-5_2400x1600-768x512.jpg","medium_large-width":768,"medium_large-height":512,"large":"https:\/\/hotelnormandin.com\/\/app\/uploads\/2023\/04\/clphotographe16fev-5_2400x1600-1024x682.jpg","large-width":1024,"large-height":682,"1536x1536":"https:\/\/hotelnormandin.com\/\/app\/uploads\/2023\/04\/clphotographe16fev-5_2400x1600-1536x1023.jpg","1536x1536-width":1536,"1536x1536-height":1023,"2048x2048":"https:\/\/hotelnormandin.com\/\/app\/uploads\/2023\/04\/clphotographe16fev-5_2400x1600-2048x1364.jpg","2048x2048-width":2048,"2048x2048-height":1364}},"titre":"Our rooms"},"_links":{"self":[{"href":"https:\/\/hotelnormandin.com\/en\/wp-json\/wp\/v2\/pages\/2536"}],"collection":[{"href":"https:\/\/hotelnormandin.com\/en\/wp-json\/wp\/v2\/pages"}],"about":[{"href":"https:\/\/hotelnormandin.com\/en\/wp-json\/wp\/v2\/types\/page"}],"author":[{"embeddable":true,"href":"https:\/\/hotelnormandin.com\/en\/wp-json\/wp\/v2\/users\/3"}],"replies":[{"embeddable":true,"href":"https:\/\/hotelnormandin.com\/en\/wp-json\/wp\/v2\/comments?post=2536"}],"version-history":[{"count":8,"href":"https:\/\/hotelnormandin.com\/en\/wp-json\/wp\/v2\/pages\/2536\/revisions"}],"predecessor-version":[{"id":4413,"href":"https:\/\/hotelnormandin.com\/en\/wp-json\/wp\/v2\/pages\/2536\/revisions\/4413"}],"up":[{"embeddable":true,"href":"https:\/\/hotelnormandin.com\/en\/wp-json\/wp\/v2\/pages\/2482"}],"wp:attachment":[{"href":"https:\/\/hotelnormandin.com\/en\/wp-json\/wp\/v2\/media?parent=2536"}],"curies":[{"name":"wp","href":"https:\/\/api.w.org\/{rel}","templated":true}]}}